{"id":5480,"date":"2019-12-03T18:23:27","date_gmt":"2019-12-03T18:23:27","guid":{"rendered":"https:\/\/agrarias.ufpr.br\/hv\/?page_id=5480"},"modified":"2026-03-24T17:19:51","modified_gmt":"2026-03-24T17:19:51","slug":"corpo-docencia","status":"publish","type":"page","link":"https:\/\/agrarias.ufpr.br\/hv\/corpo-docencia\/","title":{"rendered":"Tutores e Preceptores"},"content":{"rendered":"\n<p><strong>Tutores<\/strong><\/p>\n\n\n\n<p><a href=\"http:\/\/lattes.cnpq.br\/2978847453165582\">Alexander Welker Biondo<\/a><\/p>\n\n\n\n<p><a href=\"http:\/\/lattes.cnpq.br\/4237065947523319\">Antonio Waldir Cunha da Silva<\/a><\/p>\n\n\n\n<p><a href=\"http:\/\/lattes.cnpq.br\/8220825890706508\">Fabiano Montiani Ferreira<\/a><\/p>\n\n\n\n<p><a href=\"http:\/\/lattes.cnpq.br\/3978670586325267\">Ivan Roque de Barros Filho<\/a><\/p>\n\n\n\n<p><a href=\"http:\/\/lattes.cnpq.br\/7939074743193895\">Jo\u00e3o Henrique Perotta<\/a><\/p>\n\n\n\n<p><a href=\"http:\/\/lattes.cnpq.br\/8509640024284103\">Juan Carlos Duque Moreno<\/a><\/p>\n\n\n\n<p><a href=\"http:\/\/lattes.cnpq.br\/7184941733882955\">Juliana Sperotto Brum<\/a><\/p>\n\n\n\n<p><a href=\"http:\/\/lattes.cnpq.br\/3281946964172299\">Marlos Gon\u00e7alves Sousa<\/a><\/p>\n\n\n\n<p><a href=\"http:\/\/lattes.cnpq.br\/5804480487744841\">Peterson Triches Dornbusch<\/a><\/p>\n\n\n\n<p><a href=\"http:\/\/lattes.cnpq.br\/4356734135959790\">Renato Silva de Sousa<\/a><\/p>\n\n\n\n<p><a href=\"http:\/\/lattes.cnpq.br\/5410130617608486\">Rita de Cassia Maria Garcia<\/a><\/p>\n\n\n\n<p><a href=\"http:\/\/lattes.cnpq.br\/6469140002938268\">Roberta Carareto<\/a><\/p>\n\n\n\n<p><a href=\"http:\/\/lattes.cnpq.br\/1234943869801260\">Rog\u00e9rio Luizari Guedes<\/a><\/p>\n\n\n\n<p><a href=\"http:\/\/lattes.cnpq.br\/1084315865788253\">Rog\u00e9rio Ribas Lange<\/a><\/p>\n\n\n\n<p><a href=\"http:\/\/lattes.cnpq.br\/5373594111880302\">Rosangela Locatelli Dittrich<\/a><\/p>\n\n\n\n<p><a href=\"http:\/\/lattes.cnpq.br\/7295467387519115\">Simone Tostes de Oliveira Stedile<\/a><\/p>\n\n\n\n<p><a href=\"http:\/\/lattes.cnpq.br\/0089650879670803\">Soraia Figueiredo de Souza<\/a><\/p>\n\n\n\n<p><a href=\"http:\/\/lattes.cnpq.br\/4748961870666127\">Tilde Rodrigues Froes<\/a><\/p>\n\n\n\n<p><strong>Preceptores<\/strong><\/p>\n\n\n\n<p><a href=\"http:\/\/lattes.cnpq.br\/8442810443660758\">Aaronson Ramathan Freitas<\/a><\/p>\n\n\n\n<p><a href=\"http:\/\/lattes.cnpq.br\/6330694753995685\">Alaina Maria Correia<\/a><\/p>\n\n\n\n<p><a href=\"http:\/\/lattes.cnpq.br\/8809285822219895\">Altina Bruna de Souza Barbosa<\/a><\/p>\n\n\n\n<p><a href=\"http:\/\/lattes.cnpq.br\/6366698194454805\">Ana J\u00falia Santos Thoma<\/a><\/p>\n\n\n\n<p><a href=\"http:\/\/lattes.cnpq.br\/9880461552410692\">Camila Domit<\/a><\/p>\n\n\n\n<p><a href=\"http:\/\/lattes.cnpq.br\/4811035627046564\">Charles Pelizzari<\/a><\/p>\n\n\n\n<p><a href=\"http:\/\/lattes.cnpq.br\/2605315057707233\">Cybelle de Souza<\/a><\/p>\n\n\n\n<p><a href=\"http:\/\/lattes.cnpq.br\/5810165256171042\">Edwin Fernando Buritic\u00e1 Gaviria<\/a><\/p>\n\n\n\n<p><a href=\"http:\/\/lattes.cnpq.br\/6511200085439679\">F\u00e1bio Henrique de Lima&nbsp;<\/a><\/p>\n\n\n\n<p><a href=\"http:\/\/lattes.cnpq.br\/8976940330077054\">Fernanda Taques Wendt<\/a><\/p>\n\n\n\n<p><a href=\"http:\/\/lattes.cnpq.br\/2309912560967322\">Fernando Andrade Souza<\/a><\/p>\n\n\n\n<p><a href=\"http:\/\/lattes.cnpq.br\/4348331550134040\">Franz Riegler Mello<\/a><\/p>\n\n\n\n<p><a href=\"http:\/\/lattes.cnpq.br\/9666526612180020\">Gabrielle Christine de Souza Campos<\/a><\/p>\n\n\n\n<p><a href=\"http:\/\/lattes.cnpq.br\/7300795337315854\">Gilberto Serighelli J\u00fanior<\/a><\/p>\n\n\n\n<p><a href=\"http:\/\/lattes.cnpq.br\/4748961870666127\">Giovana La\u00eds Ruviaro Tuleski<\/a><\/p>\n\n\n\n<p><a href=\"http:\/\/lattes.cnpq.br\/2672607439191221\">Guilherme Galhardo Franco<\/a><\/p>\n\n\n\n<p><a href=\"http:\/\/lattes.cnpq.br\/4167236202224414\">Jessica de Oliveira Bescrovaine<\/a><\/p>\n\n\n\n<p><a href=\"http:\/\/lattes.cnpq.br\/6637587989027438\">Jos\u00e9 Francisco Ghignatti Warth<\/a><\/p>\n\n\n\n<p><a href=\"http:\/\/lattes.cnpq.br\/1893432532563323\">Julia Welter Nascimento<\/a><\/p>\n\n\n\n<p><a href=\"http:\/\/lattes.cnpq.br\/9019982492619759\">Larissa Dantas Roeder Ferrari<\/a><\/p>\n\n\n\n<p><a href=\"http:\/\/lattes.cnpq.br\/8267079586112406\">Louise Cristine C\u00e2ndido da Silva<\/a><\/p>\n\n\n\n<p><a href=\"http:\/\/lattes.cnpq.br\/1784865772412015\">Mariangela Endrighi<\/a><\/p>\n\n\n\n<p><a href=\"http:\/\/lattes.cnpq.br\/0568688905162062\">Olair Carlos Beltrame<\/a><\/p>\n\n\n\n<p><a href=\"http:\/\/lattes.cnpq.br\/0704853730531271\">Palloma Rose<\/a><\/p>\n\n\n\n<p><a href=\"http:\/\/lattes.cnpq.br\/1320878453524620\">Rafaella Martini<\/a><\/p>\n\n\n\n<p><a href=\"http:\/\/lattes.cnpq.br\/3274705161962610\">Ricardo Guilherme D\u00b4Otaviano de Castro Vilani<\/a><\/p>\n\n\n\n<p><a href=\"http:\/\/lattes.cnpq.br\/3649136181329426\">Robson Piontkovsky<\/a><\/p>\n\n\n\n<p><a href=\"http:\/\/lattes.cnpq.br\/6313074982048056\">Sandra Vogel Seixas<\/a><\/p>\n\n\n\n<p><a href=\"http:\/\/lattes.cnpq.br\/1897657380688684\">Thiago Francisco Costa Solak<\/a><\/p>\n\n\n\n<p><\/p>\n","protected":false},"excerpt":{"rendered":"<p>Tutores Alexander Welker Biondo Antonio Waldir Cunha da Silva Fabiano Montiani Ferreira Ivan Roque de Barros Filho Jo\u00e3o Henrique Perotta Juan Carlos Duque Moreno Juliana Sperotto Brum Marlos Gon\u00e7alves Sousa Peterson Triches Dornbusch Renato Silva de Sousa Rita de Cassia Maria Garcia Roberta Carareto Rog\u00e9rio Luizari Guedes Rog\u00e9rio Ribas Lange Rosangela Locatelli Dittrich Simone Tostes [&hellip;]<\/p>\n","protected":false},"author":10251,"featured_media":0,"parent":0,"menu_order":0,"comment_status":"closed","ping_status":"closed","template":"","meta":{"footnotes":""},"class_list":["post-5480","page","type-page","status-publish","hentry"],"_links":{"self":[{"href":"https:\/\/agrarias.ufpr.br\/hv\/wp-json\/wp\/v2\/pages\/5480","targetHints":{"allow":["GET"]}}],"collection":[{"href":"https:\/\/agrarias.ufpr.br\/hv\/wp-json\/wp\/v2\/pages"}],"about":[{"href":"https:\/\/agrarias.ufpr.br\/hv\/wp-json\/wp\/v2\/types\/page"}],"author":[{"embeddable":true,"href":"https:\/\/agrarias.ufpr.br\/hv\/wp-json\/wp\/v2\/users\/10251"}],"replies":[{"embeddable":true,"href":"https:\/\/agrarias.ufpr.br\/hv\/wp-json\/wp\/v2\/comments?post=5480"}],"version-history":[{"count":28,"href":"https:\/\/agrarias.ufpr.br\/hv\/wp-json\/wp\/v2\/pages\/5480\/revisions"}],"predecessor-version":[{"id":7592,"href":"https:\/\/agrarias.ufpr.br\/hv\/wp-json\/wp\/v2\/pages\/5480\/revisions\/7592"}],"wp:attachment":[{"href":"https:\/\/agrarias.ufpr.br\/hv\/wp-json\/wp\/v2\/media?parent=5480"}],"curies":[{"name":"wp","href":"https:\/\/api.w.org\/{rel}","templated":true}]}}