{"id":5478,"date":"2019-12-03T18:23:12","date_gmt":"2019-12-03T18:23:12","guid":{"rendered":"https:\/\/agrarias.ufpr.br\/hv\/?page_id=5478"},"modified":"2026-03-24T17:19:35","modified_gmt":"2026-03-24T17:19:35","slug":"processo-seletivo","status":"publish","type":"page","link":"https:\/\/agrarias.ufpr.br\/hv\/processo-seletivo\/","title":{"rendered":"Processo Seletivo"},"content":{"rendered":"\n<p><span style=\"font-family: georgia, palatino, serif\">O Processo Seletivo do&nbsp;<strong>PROGRAMA DE RESID\u00caNCIA EM \u00c1REA PROFISSIONAL DA SA\u00daDE EM MEDICINA VETERIN\u00c1RIA&nbsp;<\/strong>\u00e9 realizado anualmente <strong>somente atrav\u00e9s do<\/strong> <a href=\"https:\/\/enare.ebserh.gov.br\/site-enare-2021\/index.jsp\">Exame Nacional de Resid\u00eancia ENARE\/EBSERH<\/a>.<\/span><\/p>\n\n\n\n<p><strong><a href=\"https:\/\/fgv-enare.web.app\/candidatos-multi\" target=\"_blank\" rel=\"noopener\">Processo Seletivo 2025\/2026<\/a><\/strong> <span style=\"color: #ff0000\">&#8211; (novo!)<\/span><\/p>\n\n\n\n<p><a href=\"https:\/\/fgv-enare.web.app\/doc\/cand-multi\/edital-05-residencia-multi.pdf\" target=\"_blank\" rel=\"noopener\">Edital 05\/2025 ENARE &#8211; edi\u00e7\u00e3o 2025\/2026<\/a><\/p>\n\n\n\n<p><strong><a href=\"https:\/\/www.gov.br\/ebserh\/pt-br\/ensino-e-pesquisa\/exame-nacional-de-residencia-enare\/area-do-candidato\" target=\"_blank\" rel=\"noopener\">Processo Seletivo 2024\/2025<\/a><\/strong><\/p>\n\n\n\n<p><strong><a href=\"https:\/\/enare.ebserh.gov.br\/site-enare\/concurso.jsp?id=568\">Processo Seletivo 2023\/2024<\/a><\/strong><\/p>\n\n\n\n<p><strong><a href=\"https:\/\/enare.ebserh.gov.br\/site-enare-2021\/concurso.jsp?id=433\">Processo Seletivo 2022\/2023<\/a><\/strong><\/p>\n\n\n\n<p><a href=\"https:\/\/enare.ebserh.gov.br\/site-enare\/instituicao.jsp?id=40\">INFORMA\u00c7\u00d5ES DE MATR\u00cdCULA ENARE 2022\/2023 \u2013 RESID\u00caNCIA MULTIPROFISSIONAL\/UNIPROFISSIONAL<\/a><\/p>\n\n\n\n<p class=\"gmail_default\"><span style=\"font-family: georgia, palatino, serif;font-size: 12pt;color: initial\">&nbsp;<\/span><strong>Contato para d\u00favidas referentes ao processo seletivo resid\u00eancia exclusivo UFPR\/ Enare:<\/strong><\/p>\n\n\n\n<p class=\"gmail_default\"><strong>sge.chc-ufpr@ebserh.gov.br<\/strong><\/p>\n\n\n\n<p><\/p>\n","protected":false},"excerpt":{"rendered":"<p>O Processo Seletivo do&nbsp;PROGRAMA DE RESID\u00caNCIA EM \u00c1REA PROFISSIONAL DA SA\u00daDE EM MEDICINA VETERIN\u00c1RIA&nbsp;\u00e9 realizado anualmente somente atrav\u00e9s do Exame Nacional de Resid\u00eancia ENARE\/EBSERH. Processo Seletivo 2025\/2026 &#8211; (novo!) Edital 05\/2025 ENARE &#8211; edi\u00e7\u00e3o 2025\/2026 Processo Seletivo 2024\/2025 Processo Seletivo 2023\/2024 Processo Seletivo 2022\/2023 INFORMA\u00c7\u00d5ES DE MATR\u00cdCULA ENARE 2022\/2023 \u2013 RESID\u00caNCIA MULTIPROFISSIONAL\/UNIPROFISSIONAL &nbsp;Contato para d\u00favidas [&hellip;]<\/p>\n","protected":false},"author":10251,"featured_media":0,"parent":0,"menu_order":0,"comment_status":"closed","ping_status":"closed","template":"","meta":{"footnotes":""},"class_list":["post-5478","page","type-page","status-publish","hentry"],"_links":{"self":[{"href":"https:\/\/agrarias.ufpr.br\/hv\/wp-json\/wp\/v2\/pages\/5478","targetHints":{"allow":["GET"]}}],"collection":[{"href":"https:\/\/agrarias.ufpr.br\/hv\/wp-json\/wp\/v2\/pages"}],"about":[{"href":"https:\/\/agrarias.ufpr.br\/hv\/wp-json\/wp\/v2\/types\/page"}],"author":[{"embeddable":true,"href":"https:\/\/agrarias.ufpr.br\/hv\/wp-json\/wp\/v2\/users\/10251"}],"replies":[{"embeddable":true,"href":"https:\/\/agrarias.ufpr.br\/hv\/wp-json\/wp\/v2\/comments?post=5478"}],"version-history":[{"count":25,"href":"https:\/\/agrarias.ufpr.br\/hv\/wp-json\/wp\/v2\/pages\/5478\/revisions"}],"predecessor-version":[{"id":7591,"href":"https:\/\/agrarias.ufpr.br\/hv\/wp-json\/wp\/v2\/pages\/5478\/revisions\/7591"}],"wp:attachment":[{"href":"https:\/\/agrarias.ufpr.br\/hv\/wp-json\/wp\/v2\/media?parent=5478"}],"curies":[{"name":"wp","href":"https:\/\/api.w.org\/{rel}","templated":true}]}}