{"id":5476,"date":"2019-12-03T18:22:55","date_gmt":"2019-12-03T18:22:55","guid":{"rendered":"https:\/\/agrarias.ufpr.br\/hv\/?page_id=5476"},"modified":"2026-03-24T17:13:04","modified_gmt":"2026-03-24T17:13:04","slug":"estagio-externo","status":"publish","type":"page","link":"https:\/\/agrarias.ufpr.br\/hv\/estagio-externo\/","title":{"rendered":"Est\u00e1gio Externo"},"content":{"rendered":"\n<p><strong>Orienta\u00e7\u00f5es:<\/strong><\/p>\n\n\n\n<p>Para solicitar&nbsp;est\u00e1gio&nbsp;eletivo junto a&nbsp; este Programa de Resid\u00eancia, o residente externo dever\u00e1 encaminhar&nbsp;para a secretaria (<span style=\"color: #0000ff\"><strong>prmhvcuritiba@ufpr.br<\/strong><\/span>)&nbsp; informando:<\/p>\n\n\n\n<ol class=\"wp-block-list\">\n<li>Programa de Resid\u00eancia ao qual est\u00e1 vinculado;<\/li>\n\n\n\n<li>Nome completo<\/li>\n\n\n\n<li>Especialidade que pertence<\/li>\n\n\n\n<li>Especialidade pretendida<\/li>\n\n\n\n<li>Per\u00edodo pretendido (DD\/MM\/AAAA) <strong>no<\/strong>\u00a0<strong><u>prazo m\u00ednimo de 60 dias que antecedem a data pretendida para o in\u00edcio do\u00a0<\/u><\/strong><strong><u>est\u00e1gio<\/u><\/strong><strong><u>\u00a0eletivo.<\/u><\/strong><\/li>\n<\/ol>\n\n\n\n<p>Assim que recebermos a solicita\u00e7\u00e3o encaminharemos para os professores tutores da \u00e1rea pretendida para an\u00e1lise.<\/p>\n\n\n\n<p>A divulga\u00e7\u00e3o do resultado ser\u00e1 enviada para o email informado na solicita\u00e7\u00e3o. Em caso de aceite enviaremos as informa\u00e7\u00f5es referentes a documenta\u00e7\u00e3o.<\/p>\n\n\n\n<p><strong>Informa\u00e7\u00f5es adicionais:<\/strong><\/p>\n\n\n\n<ol class=\"wp-block-list\">\n<li>A carga hor\u00e1ria semanal do residente em\u00a0est\u00e1gio\u00a0eletivo neste Programa, corresponde a 60 horas, havendo uma hora di\u00e1ria de intervalo para o almo\u00e7o.\u00a0A folha de presen\u00e7a ser\u00e1 disponibilizada no primeiro dia de inicio do\u00a0est\u00e1gio\u00a0eletivo, devendo essa ser assinada diariamente nos per\u00edodos da manh\u00e3 e tarde.\u00a0 Ao t\u00e9rmino do\u00a0est\u00e1gio\u00a0o referido documento dever\u00e1 ser assinado e carimbado\u00a0pela orientadora\u00a0do residente estagi\u00e1rio neste Programa e entregue nesta secretaria para a emiss\u00e3o da declara\u00e7\u00e3o da carga hor\u00e1ria cumprida. A declara\u00e7\u00e3o somente ser\u00e1 emitida se a folha de\u00a0frequ\u00eancia\u00a0for entregue devidamente preenchida e assinada. Tal documento ser\u00e1 emitido no prazo de at\u00e9 30 dias e enviado por e-mail.<\/li>\n\n\n\n<li><strong>O residente estagi\u00e1rio dever\u00e1 obrigatoriamente estar segurado contra acidentes pessoais enquanto em\u00a0<\/strong><strong>est\u00e1gio\u00a0<\/strong><strong>eletivo, devendo enviar por e-mail a ap\u00f3lice ou contrato do mesmo durante o per\u00edodo de est\u00e1gio;<\/strong><\/li>\n\n\n\n<li>Dever\u00e1 ser encaminhado o resultado do exame de titula\u00e7\u00e3o para a raiva.<\/li>\n\n\n\n<li>Informamos que este Hospital Veterin\u00e1rio n\u00e3o possui alojamento para residentes.<\/li>\n<\/ol>\n\n\n\n<p><strong><a href=\"https:\/\/agrarias.ufpr.br\/hv\/wp-content\/uploads\/sites\/19\/2023\/02\/SEI_23075.003168_2023_01-1.pdf\">Manual de orienta\u00e7\u00f5es para os alunos em est\u00e1gio neste Hospital Veterin\u00e1rio<\/a><\/strong><\/p>\n","protected":false},"excerpt":{"rendered":"<p>Orienta\u00e7\u00f5es: Para solicitar&nbsp;est\u00e1gio&nbsp;eletivo junto a&nbsp; este Programa de Resid\u00eancia, o residente externo dever\u00e1 encaminhar&nbsp;para a secretaria (prmhvcuritiba@ufpr.br)&nbsp; informando: Assim que recebermos a solicita\u00e7\u00e3o encaminharemos para os professores tutores da \u00e1rea pretendida para an\u00e1lise. A divulga\u00e7\u00e3o do resultado ser\u00e1 enviada para o email informado na solicita\u00e7\u00e3o. Em caso de aceite enviaremos as informa\u00e7\u00f5es referentes a documenta\u00e7\u00e3o. [&hellip;]<\/p>\n","protected":false},"author":10251,"featured_media":0,"parent":0,"menu_order":0,"comment_status":"closed","ping_status":"closed","template":"","meta":{"footnotes":""},"class_list":["post-5476","page","type-page","status-publish","hentry"],"_links":{"self":[{"href":"https:\/\/agrarias.ufpr.br\/hv\/wp-json\/wp\/v2\/pages\/5476","targetHints":{"allow":["GET"]}}],"collection":[{"href":"https:\/\/agrarias.ufpr.br\/hv\/wp-json\/wp\/v2\/pages"}],"about":[{"href":"https:\/\/agrarias.ufpr.br\/hv\/wp-json\/wp\/v2\/types\/page"}],"author":[{"embeddable":true,"href":"https:\/\/agrarias.ufpr.br\/hv\/wp-json\/wp\/v2\/users\/10251"}],"replies":[{"embeddable":true,"href":"https:\/\/agrarias.ufpr.br\/hv\/wp-json\/wp\/v2\/comments?post=5476"}],"version-history":[{"count":8,"href":"https:\/\/agrarias.ufpr.br\/hv\/wp-json\/wp\/v2\/pages\/5476\/revisions"}],"predecessor-version":[{"id":7585,"href":"https:\/\/agrarias.ufpr.br\/hv\/wp-json\/wp\/v2\/pages\/5476\/revisions\/7585"}],"wp:attachment":[{"href":"https:\/\/agrarias.ufpr.br\/hv\/wp-json\/wp\/v2\/media?parent=5476"}],"curies":[{"name":"wp","href":"https:\/\/api.w.org\/{rel}","templated":true}]}}