{"id":5472,"date":"2019-12-03T18:22:23","date_gmt":"2019-12-03T18:22:23","guid":{"rendered":"https:\/\/agrarias.ufpr.br\/hv\/?page_id=5472"},"modified":"2026-03-24T17:20:28","modified_gmt":"2026-03-24T17:20:28","slug":"regimento","status":"publish","type":"page","link":"https:\/\/agrarias.ufpr.br\/hv\/regimento\/","title":{"rendered":"Documentos"},"content":{"rendered":"\n<p><strong><a href=\"https:\/\/agrarias.ufpr.br\/hv\/wp-content\/uploads\/sites\/19\/2023\/03\/Regimento-Interno-Aprovado-na-2a-reuniao-ordinaria-11.05.2021-e-extrato-de-atas-1.pdf\" target=\"_blank\" rel=\"noopener\">Regimento Interno Aprovado na 2\u00aa reuni\u00e3o ordin\u00e1ria&nbsp;11.05.2021 e extrato de atas<\/a><\/strong><\/p>\n\n\n\n<p><a href=\"https:\/\/agrarias.ufpr.br\/hv\/wp-content\/uploads\/sites\/19\/2020\/10\/Anexo-II-Grade-Acad\u00eamica-22.06.2018.pdf\" target=\"_blank\" rel=\"noopener\">Anexo II &#8211; Grade acad\u00eamica Aprovado na 4\u00aa reuni\u00e3o ordin\u00e1ria 22.06.2018<\/a><\/p>\n\n\n\n<p><a href=\"https:\/\/hvp.ufpr.br\/wp-content\/uploads\/2021\/12\/REGIMENTO_COREMU-1.pdf\" target=\"_blank\" rel=\"noopener\"><strong>Regimento COREMU &#8211; CHC \/UFPR<\/strong><\/a><\/p>\n\n\n\n<p><a href=\"http:\/\/www.gov.br\/ebserh\/pt-br\/hospitais-universitarios\/regiao-sul\/chc-ufpr\/ensino-e-pesquisa\/ensino\/residencia-multiprofissional\/regimento-dos-programas-de-residencia-multiprofissional-e-em-area-profissional-da-saude-do-chc-ufpr.pdf\" target=\"_blank\" rel=\"noopener\"><strong>Regimento PRIMAH &#8211; CHC\/UFPR<\/strong><\/a><\/p>\n\n\n\n<p><a href=\"http:\/.mec.gov.br\/index.php?option=com_docman&amp;view=download&amp;alias=15448-resol-cnrms-n2-13abril-2012&amp;Itemid=30192\" target=\"_blank\" rel=\"noopener\" data-wplink-url-error=\"true\"><strong>RESOLU\u00c7\u00c3O CNRMS N\u00ba 2, DE 13 DE ABRIL DE 2012<\/strong><\/a><\/p>\n\n\n\n<p><a href=\"https:\/\/www.gov.br\/ebserh\/pt-br\/hospitais-universitarios\/regiao-sul\/chc-ufpr\/ensino-e-pesquisa\/ensino\/residencia-multiprofissional\/normativas\" target=\"_blank\" rel=\"noopener\">Normativas COREMU &#8211; CHC\/UFPR<\/a><\/p>\n\n\n\n<p><a href=\"https:\/\/agrarias.ufpr.br\/hv\/wp-content\/uploads\/sites\/19\/2025\/11\/Res-CNRM-002-2012-04-13.pdf\">Resolu\u00e7\u00e3o CNRMS n\u00ba 2, de 13 de abril de 2012,<\/a> define a fun\u00e7\u00e3o do preceptor.<\/p>\n\n\n\n<p><a href=\"https:\/\/agrarias.ufpr.br\/hv\/wp-content\/uploads\/sites\/19\/2025\/11\/DespachoOrientdorsobrequantitativodepreceptorporResidente.pdf\">Despacho Orientador da CNRMS, de 08 de mar\u00e7o de 2016<\/a>, estabelece normas sobre o quantitativo de residentes por preceptor.<\/p>\n\n\n\n<p class=\"has-text-align-left\"><a href=\"https:\/\/www.gov.br\/mec\/pt-br\/assuntos\/es\/residencia-multiprofissional\/duvidas-e-informacoes-a-respeito-das-residencias-uni-e-multiprofissional\" target=\"_blank\" rel=\"noreferrer noopener\">D\u00favidas frequentes<\/a><\/p>\n\n\n\n<p><a href=\"https:\/\/agrarias.ufpr.br\/hv\/wp-content\/uploads\/sites\/19\/2025\/04\/Anexo-I-Pop-01-Escala-de-plantao-2024-2026-atualizado-aprovado-em-08.04.pdf\">POP 01 &#8211; Escala de plant\u00e3o 2024 2026 atualizado &#8211; aprovado em Colegiado 08.04<\/a><\/p>\n\n\n\n<p><a href=\"https:\/\/agrarias.ufpr.br\/hv\/wp-content\/uploads\/sites\/19\/2025\/03\/Anexo-I-Orientacoes-Frequencia-aprovado-em-10.12.25.pdf\" target=\"_blank\" rel=\"noopener\">POP 02 &#8211;&nbsp; Orienta\u00e7\u00f5es Frequ\u00eancia &#8211; aprovado em Colegiado 10.12.24<\/a><\/p>\n\n\n\n<p><\/p>\n\n\n\n<p class=\"has-text-align-left\"><\/p>\n\n\n\n<p><\/p>\n","protected":false},"excerpt":{"rendered":"<p>Regimento Interno Aprovado na 2\u00aa reuni\u00e3o ordin\u00e1ria&nbsp;11.05.2021 e extrato de atas Anexo II &#8211; Grade acad\u00eamica Aprovado na 4\u00aa reuni\u00e3o ordin\u00e1ria 22.06.2018 Regimento COREMU &#8211; CHC \/UFPR Regimento PRIMAH &#8211; CHC\/UFPR RESOLU\u00c7\u00c3O CNRMS N\u00ba 2, DE 13 DE ABRIL DE 2012 Normativas COREMU &#8211; CHC\/UFPR Resolu\u00e7\u00e3o CNRMS n\u00ba 2, de 13 de abril de 2012, [&hellip;]<\/p>\n","protected":false},"author":10251,"featured_media":0,"parent":0,"menu_order":0,"comment_status":"closed","ping_status":"closed","template":"","meta":{"footnotes":""},"class_list":["post-5472","page","type-page","status-publish","hentry"],"_links":{"self":[{"href":"https:\/\/agrarias.ufpr.br\/hv\/wp-json\/wp\/v2\/pages\/5472","targetHints":{"allow":["GET"]}}],"collection":[{"href":"https:\/\/agrarias.ufpr.br\/hv\/wp-json\/wp\/v2\/pages"}],"about":[{"href":"https:\/\/agrarias.ufpr.br\/hv\/wp-json\/wp\/v2\/types\/page"}],"author":[{"embeddable":true,"href":"https:\/\/agrarias.ufpr.br\/hv\/wp-json\/wp\/v2\/users\/10251"}],"replies":[{"embeddable":true,"href":"https:\/\/agrarias.ufpr.br\/hv\/wp-json\/wp\/v2\/comments?post=5472"}],"version-history":[{"count":34,"href":"https:\/\/agrarias.ufpr.br\/hv\/wp-json\/wp\/v2\/pages\/5472\/revisions"}],"predecessor-version":[{"id":7593,"href":"https:\/\/agrarias.ufpr.br\/hv\/wp-json\/wp\/v2\/pages\/5472\/revisions\/7593"}],"wp:attachment":[{"href":"https:\/\/agrarias.ufpr.br\/hv\/wp-json\/wp\/v2\/media?parent=5472"}],"curies":[{"name":"wp","href":"https:\/\/api.w.org\/{rel}","templated":true}]}}