{"id":5470,"date":"2019-12-03T18:21:48","date_gmt":"2019-12-03T18:21:48","guid":{"rendered":"https:\/\/agrarias.ufpr.br\/hv\/?page_id=5470"},"modified":"2026-03-30T14:23:55","modified_gmt":"2026-03-30T14:23:55","slug":"coordenacao","status":"publish","type":"page","link":"https:\/\/agrarias.ufpr.br\/hv\/coordenacao\/","title":{"rendered":"Gest\u00e3o Administrativa"},"content":{"rendered":"\n<div class=\"wp-block-columns is-layout-flex wp-container-core-columns-is-layout-9d6595d7 wp-block-columns-is-layout-flex\">\n<div class=\"wp-block-column is-layout-flow wp-block-column-is-layout-flow\" style=\"flex-basis:100%\">\n<div class=\"wp-block-group\"><div class=\"wp-block-group__inner-container is-layout-flow wp-block-group-is-layout-flow\">\n<div class=\"wp-block-columns is-layout-flex wp-container-core-columns-is-layout-9d6595d7 wp-block-columns-is-layout-flex\">\n<div class=\"wp-block-column is-layout-flow wp-block-column-is-layout-flow\" style=\"flex-basis:100%\">\n<p><strong>Gest\u00e3o 2025-2027<\/strong><\/p>\n\n\n\n<p><strong>Coordenadora:<\/strong> Professora Roberta Carareto<br><strong>Vice-coordenadora:<\/strong> Professora Simone Tostes de Oliveira Stedile<br>E-mail: prmhvcuritiba@ufpr.br<br>Telefone: 41 3350-5774<br><\/p>\n\n\n\n<p>Setor de Agr\u00e1rias &#8211; Hospital Veterin\u00e1rio UFPR<br>Rua dos Funcion\u00e1rios, 1540 &#8211; Cabral<\/p>\n\n\n\n<p><strong>PROGRAMA DE RESID\u00caNCIA EM \u00c1REA PROFISSIONAL DA SA\u00daDE EM MEDICINA VETERIN\u00c1RIA<\/strong><\/p>\n\n\n\n<p>O Hospital Veterin\u00e1rio do Setor de Ci\u00eancias Agr\u00e1rias da UFPR oferecem o Programa de Resid\u00eancia em \u00c1rea Profissional da Sa\u00fade em Medicina Veterin\u00e1ria (PRAPS\/MV), o qual constitui modalidade de ensino de p\u00f3s-gradua\u00e7\u00e3o <em>lato sensu<\/em>, sob forma de especializa\u00e7\u00e3o, caracterizado por ensino em servi\u00e7o. Regulamentado pela Lei n\u00ba 11.129, de 30 de junho de 2005 e pela Portaria Interministerial n\u00ba 2.117, de 03 de novembro de 2005 que define diretrizes e estrat\u00e9gias para a implementa\u00e7\u00e3o da Comiss\u00e3o Nacional de Resid\u00eancia Multiprofissional em Sa\u00fade \u2013 CNRMS. (<a href=\"http:\/.mec.gov.br\/residencias-em-saude\/residencia-multiprofissional\">http:\/.mec.gov.br\/residencias-em-saude\/residencia-multiprofissional<\/a>)<\/p>\n\n\n\n<p>O Programa de Resid\u00eancia tem dura\u00e7\u00e3o m\u00ednima de dois anos, equivalente a uma carga hor\u00e1ria m\u00ednima total de 5.760 horas.<\/p>\n\n\n\n<p>Para ingressar no Programa de Resid\u00eancia em \u00c1rea Profissional da Sa\u00fade em Medicina Veterin\u00e1ria do SCA\/HV, \u00e9 preciso que o candidato seja graduado em Medicina Veterin\u00e1ria e aprovado em processo seletivo promovido pela Coordena\u00e7\u00e3o do Programa e Comiss\u00e3o de Resid\u00eancia Multiprofissional e em \u00c1rea Profissional da Sa\u00fade (COREMU) da UFPR. Informa\u00e7\u00f5es acerca do processo de sele\u00e7\u00e3o, matr\u00edcula e in\u00edcio do Programa s\u00e3o disponibilizadas anualmente no sitio eletr\u00f4nico do <a href=\"https:\/\/enare.ebserh.gov.br\/site-enare-2021\/index.jsp\">Exame Nacional de Resid\u00eancia ENARE\/EBSERH<\/a>.<\/p>\n\n\n\n<p>As seguintes \u00e1reas de concentra\u00e7\u00e3o s\u00e3o ofertadas no Programa de Resid\u00eancia:<\/p>\n\n\n\n<ol class=\"wp-block-list\">\n<li>Anestesiologia Veterin\u00e1ria.<\/li>\n\n\n\n<li>Cl\u00ednica Cir\u00fargica de Pequenos Animais.<\/li>\n\n\n\n<li>Cl\u00ednica M\u00e9dica de Pequenos Animais.<\/li>\n\n\n\n<li>Cl\u00ednica M\u00e9dica e Cir\u00fargica de Animais Selvagens\/Medicina Zool\u00f3gica (Campus Curitiba\/PR, Pontal do Paran\u00e1\/PR e Tel\u00eamaco Borba\/Paran\u00e1)<\/li>\n\n\n\n<li>Cl\u00ednica M\u00e9dica e Cir\u00fargica de Grandes Animais.<\/li>\n\n\n\n<li>Diagn\u00f3stico por Imagem.<\/li>\n\n\n\n<li>Medicina Veterin\u00e1ria do Coletivo.<\/li>\n\n\n\n<li>Odontologia Veterin\u00e1ria.<\/li>\n\n\n\n<li>Oftalmologia Veterin\u00e1ria.<\/li>\n\n\n\n<li>Patologia Cl\u00ednica Veterin\u00e1ria.<\/li>\n\n\n\n<li>Patologia Veterin\u00e1ria.<\/li>\n<\/ol>\n<\/div>\n<\/div>\n<\/div><\/div>\n<\/div>\n<\/div>\n\n\n\n<p><\/p>\n","protected":false},"excerpt":{"rendered":"<p>Gest\u00e3o 2025-2027 Coordenadora: Professora Roberta CararetoVice-coordenadora: Professora Simone Tostes de Oliveira StedileE-mail: prmhvcuritiba@ufpr.brTelefone: 41 3350-5774 Setor de Agr\u00e1rias &#8211; Hospital Veterin\u00e1rio UFPRRua dos Funcion\u00e1rios, 1540 &#8211; Cabral PROGRAMA DE RESID\u00caNCIA EM \u00c1REA PROFISSIONAL DA SA\u00daDE EM MEDICINA VETERIN\u00c1RIA O Hospital Veterin\u00e1rio do Setor de Ci\u00eancias Agr\u00e1rias da UFPR oferecem o Programa de Resid\u00eancia em \u00c1rea [&hellip;]<\/p>\n","protected":false},"author":10251,"featured_media":0,"parent":0,"menu_order":0,"comment_status":"closed","ping_status":"closed","template":"","meta":{"footnotes":""},"class_list":["post-5470","page","type-page","status-publish","hentry"],"_links":{"self":[{"href":"https:\/\/agrarias.ufpr.br\/hv\/wp-json\/wp\/v2\/pages\/5470","targetHints":{"allow":["GET"]}}],"collection":[{"href":"https:\/\/agrarias.ufpr.br\/hv\/wp-json\/wp\/v2\/pages"}],"about":[{"href":"https:\/\/agrarias.ufpr.br\/hv\/wp-json\/wp\/v2\/types\/page"}],"author":[{"embeddable":true,"href":"https:\/\/agrarias.ufpr.br\/hv\/wp-json\/wp\/v2\/users\/10251"}],"replies":[{"embeddable":true,"href":"https:\/\/agrarias.ufpr.br\/hv\/wp-json\/wp\/v2\/comments?post=5470"}],"version-history":[{"count":31,"href":"https:\/\/agrarias.ufpr.br\/hv\/wp-json\/wp\/v2\/pages\/5470\/revisions"}],"predecessor-version":[{"id":7960,"href":"https:\/\/agrarias.ufpr.br\/hv\/wp-json\/wp\/v2\/pages\/5470\/revisions\/7960"}],"wp:attachment":[{"href":"https:\/\/agrarias.ufpr.br\/hv\/wp-json\/wp\/v2\/media?parent=5470"}],"curies":[{"name":"wp","href":"https:\/\/api.w.org\/{rel}","templated":true}]}}