{"id":5468,"date":"2019-12-03T18:21:17","date_gmt":"2019-12-03T18:21:17","guid":{"rendered":"https:\/\/agrarias.ufpr.br\/hv\/?page_id=5468"},"modified":"2026-03-24T17:13:40","modified_gmt":"2026-03-24T17:13:40","slug":"formularios","status":"publish","type":"page","link":"https:\/\/agrarias.ufpr.br\/hv\/formularios\/","title":{"rendered":"Formul\u00e1rios"},"content":{"rendered":"\n<p><strong><a href=\"https:\/\/agrarias.ufpr.br\/hv\/wp-content\/uploads\/sites\/19\/2019\/12\/Anexo-I-Ficha-de-Avaliacao-1-SEMESTRE-Residentes.doc\">Anexo I &#8211; Ficha de Avalia\u00e7\u00e3o 1 SEMESTRE Residentes<\/a><\/strong><\/p>\n\n\n\n<p><strong><a href=\"https:\/\/agrarias.ufpr.br\/hv\/wp-content\/uploads\/sites\/19\/2019\/12\/Anexo-I-Ficha-de-Avaliacao-2-SEMESTRE-Residentes.doc\">Anexo I &#8211; Ficha de Avalia\u00e7\u00e3o 2 SEMESTRE Residentes<\/a><\/strong><\/p>\n\n\n\n<p><strong><a href=\"https:\/\/agrarias.ufpr.br\/hv\/wp-content\/uploads\/sites\/19\/2025\/09\/Anexo-III-Formulario-Solicit-Est-Eletivo.doc\">Anexo III &#8211; Formul\u00e1rio Solicita\u00e7\u00e3o de Est\u00e1gio Eletivo*<\/a><\/strong><\/p>\n\n\n\n<p><strong><a href=\"https:\/\/agrarias.ufpr.br\/hv\/wp-content\/uploads\/sites\/19\/2025\/09\/Anexo-IV-Carta-Aceite-Orientacao-estagio-eletivos.doc\">Anexo IV &#8211; Carta de Aceite &#8211; Orientador Esta\u0301gio Eletivo<\/a><\/strong><\/p>\n\n\n\n<p><strong><a href=\"https:\/\/agrarias.ufpr.br\/hv\/wp-content\/uploads\/sites\/19\/2022\/05\/Anexo-V-Ficha-Av-Resid-Em-Est-Elet.doc\">Anexo V &#8211; Ficha Avalia\u00e7\u00e3o Residente Em Est\u00e1gio Eletivo<\/a><\/strong><\/p>\n\n\n\n<p><strong><a href=\"https:\/\/agrarias.ufpr.br\/hv\/wp-content\/uploads\/sites\/19\/2025\/09\/Anexo-VI-Solicit-Est-Eletivo-EXTERNO-ao-PRAPS.doc\">Anexo VI &#8211; Solicita\u00e7\u00e3o Est\u00e1gio Eletivo Residente EXTERNO ao PRAPS<\/a><\/strong><\/p>\n\n\n\n<p><strong><a href=\"https:\/\/agrarias.ufpr.br\/hv\/wp-content\/uploads\/sites\/19\/2025\/09\/Anexo-VII-solicitacao-AFASTAMENTO.doc\">Anexo VII &#8211; Solicita\u00e7\u00e3o de Afastamento<\/a><\/strong><\/p>\n\n\n\n<p><strong><a href=\"https:\/\/agrarias.ufpr.br\/hv\/wp-content\/uploads\/sites\/19\/2025\/09\/Anexo-VIII-solicitacao-FERIAS.doc\">Anexo VIII &#8211; Solicitacao de F\u00e9rias<\/a><\/strong><\/p>\n\n\n\n<p><strong><a href=\"https:\/\/agrarias.ufpr.br\/hv\/wp-content\/uploads\/sites\/19\/2025\/09\/foha-presenca-estagio.doc\">Anexo X &#8211; Ficha de Frequ\u00eancia em Est\u00e1gio<\/a><\/strong><\/p>\n\n\n\n<p><strong><a href=\"https:\/\/agrarias.ufpr.br\/hv\/wp-content\/uploads\/sites\/19\/2020\/01\/RElatorioNTP.xlsx\">Relat\u00f3rio N\u00facleo Te\u00f3rico Pr\u00e1tico<\/a><\/strong><\/p>\n\n\n\n<p><strong><a href=\"http:\/\/www.prograd.ufpr.br\/portal\/coafe\/wp-content\/uploads\/sites\/15\/2024\/04\/Apolice-01.82.002237_18_4_24_18_4_29-1.pdf\" target=\"_blank\" rel=\"noopener\">*Ap\u00f3lice de Seguro Est\u00e1gio Eletivo &#8211; vig\u00eancia 2024 \u2013 2029<\/a><\/strong><\/p>\n\n\n\n<p><strong><a href=\"https:\/\/agrarias.ufpr.br\/hv\/wp-content\/uploads\/sites\/19\/2025\/09\/Plano-de-trabalho-do-residente.docx\">Plano de trabalho do residente<\/a><\/strong><\/p>\n\n\n\n<figure class=\"wp-block-image\"><a href=\"https:\/\/www.prppg.ufpr.br\/siga\/\"><img loading=\"lazy\" decoding=\"async\" width=\"300\" height=\"56\" src=\"https:\/\/agrarias.ufpr.br\/hv\/wp-content\/uploads\/sites\/19\/2019\/12\/logo-300x56.png\" alt=\"\" class=\"wp-image-5575\" srcset=\"https:\/\/agrarias.ufpr.br\/hv\/wp-content\/uploads\/sites\/19\/2019\/12\/logo-300x56.png 300w, https:\/\/agrarias.ufpr.br\/hv\/wp-content\/uploads\/sites\/19\/2019\/12\/logo-250x47.png 250w, https:\/\/agrarias.ufpr.br\/hv\/wp-content\/uploads\/sites\/19\/2019\/12\/logo-160x30.png 160w, https:\/\/agrarias.ufpr.br\/hv\/wp-content\/uploads\/sites\/19\/2019\/12\/logo.png 590w\" sizes=\"auto, (max-width: 300px) 100vw, 300px\" \/><\/a><\/figure>\n\n\n\n<p><\/p>\n\n\n\n<p><\/p>\n\n\n\n<p><\/p>\n","protected":false},"excerpt":{"rendered":"<p>Anexo I &#8211; Ficha de Avalia\u00e7\u00e3o 1 SEMESTRE Residentes Anexo I &#8211; Ficha de Avalia\u00e7\u00e3o 2 SEMESTRE Residentes Anexo III &#8211; Formul\u00e1rio Solicita\u00e7\u00e3o de Est\u00e1gio Eletivo* Anexo IV &#8211; Carta de Aceite &#8211; Orientador Esta\u0301gio Eletivo Anexo V &#8211; Ficha Avalia\u00e7\u00e3o Residente Em Est\u00e1gio Eletivo Anexo VI &#8211; Solicita\u00e7\u00e3o Est\u00e1gio Eletivo Residente EXTERNO ao PRAPS [&hellip;]<\/p>\n","protected":false},"author":10251,"featured_media":0,"parent":0,"menu_order":0,"comment_status":"closed","ping_status":"closed","template":"","meta":{"footnotes":""},"class_list":["post-5468","page","type-page","status-publish","hentry"],"_links":{"self":[{"href":"https:\/\/agrarias.ufpr.br\/hv\/wp-json\/wp\/v2\/pages\/5468","targetHints":{"allow":["GET"]}}],"collection":[{"href":"https:\/\/agrarias.ufpr.br\/hv\/wp-json\/wp\/v2\/pages"}],"about":[{"href":"https:\/\/agrarias.ufpr.br\/hv\/wp-json\/wp\/v2\/types\/page"}],"author":[{"embeddable":true,"href":"https:\/\/agrarias.ufpr.br\/hv\/wp-json\/wp\/v2\/users\/10251"}],"replies":[{"embeddable":true,"href":"https:\/\/agrarias.ufpr.br\/hv\/wp-json\/wp\/v2\/comments?post=5468"}],"version-history":[{"count":39,"href":"https:\/\/agrarias.ufpr.br\/hv\/wp-json\/wp\/v2\/pages\/5468\/revisions"}],"predecessor-version":[{"id":7586,"href":"https:\/\/agrarias.ufpr.br\/hv\/wp-json\/wp\/v2\/pages\/5468\/revisions\/7586"}],"wp:attachment":[{"href":"https:\/\/agrarias.ufpr.br\/hv\/wp-json\/wp\/v2\/media?parent=5468"}],"curies":[{"name":"wp","href":"https:\/\/api.w.org\/{rel}","templated":true}]}}