{"id":108,"date":"2015-03-19T18:29:01","date_gmt":"2015-03-19T18:29:01","guid":{"rendered":"https:\/\/agrarias.ufpr.br\/hv\/?page_id=108"},"modified":"2026-03-24T14:22:51","modified_gmt":"2026-03-24T14:22:51","slug":"galeria-de-imagens","status":"publish","type":"page","link":"https:\/\/agrarias.ufpr.br\/hv\/galeria-de-imagens\/","title":{"rendered":"Galeria de Imagens"},"content":{"rendered":"\n<div style=\"height:30px\" aria-hidden=\"true\" class=\"wp-block-spacer\"><\/div>\n\n\n\n<figure class=\"wp-block-gallery has-nested-images columns-default is-cropped wp-block-gallery-1 is-layout-flex wp-block-gallery-is-layout-flex\">\n<figure class=\"wp-block-image size-large\"><a href=\"https:\/\/agrarias.ufpr.br\/hv\/wp-content\/uploads\/sites\/19\/2019\/12\/8962161997_71a18f5cc3_k.jpg\"><img loading=\"lazy\" decoding=\"async\" width=\"1024\" height=\"680\" data-id=\"5551\" src=\"https:\/\/agrarias.ufpr.br\/hv\/wp-content\/uploads\/sites\/19\/2019\/12\/8962161997_71a18f5cc3_k-1024x680.jpg\" alt=\"\" class=\"wp-image-5551\" srcset=\"https:\/\/agrarias.ufpr.br\/hv\/wp-content\/uploads\/sites\/19\/2019\/12\/8962161997_71a18f5cc3_k-1024x680.jpg 1024w, https:\/\/agrarias.ufpr.br\/hv\/wp-content\/uploads\/sites\/19\/2019\/12\/8962161997_71a18f5cc3_k-300x199.jpg 300w, https:\/\/agrarias.ufpr.br\/hv\/wp-content\/uploads\/sites\/19\/2019\/12\/8962161997_71a18f5cc3_k-768x510.jpg 768w, https:\/\/agrarias.ufpr.br\/hv\/wp-content\/uploads\/sites\/19\/2019\/12\/8962161997_71a18f5cc3_k-250x166.jpg 250w, https:\/\/agrarias.ufpr.br\/hv\/wp-content\/uploads\/sites\/19\/2019\/12\/8962161997_71a18f5cc3_k-160x106.jpg 160w, https:\/\/agrarias.ufpr.br\/hv\/wp-content\/uploads\/sites\/19\/2019\/12\/8962161997_71a18f5cc3_k.jpg 2048w\" sizes=\"auto, (max-width: 1024px) 100vw, 1024px\" \/><\/a><\/figure>\n\n\n\n<figure class=\"wp-block-image size-large\"><a href=\"https:\/\/agrarias.ufpr.br\/hv\/wp-content\/uploads\/sites\/19\/2019\/12\/8962168479_d8c40828f3_o.jpg\"><img loading=\"lazy\" decoding=\"async\" width=\"1024\" height=\"680\" data-id=\"5552\" src=\"https:\/\/agrarias.ufpr.br\/hv\/wp-content\/uploads\/sites\/19\/2019\/12\/8962168479_d8c40828f3_o-1024x680.jpg\" alt=\"\" class=\"wp-image-5552\" srcset=\"https:\/\/agrarias.ufpr.br\/hv\/wp-content\/uploads\/sites\/19\/2019\/12\/8962168479_d8c40828f3_o-1024x680.jpg 1024w, https:\/\/agrarias.ufpr.br\/hv\/wp-content\/uploads\/sites\/19\/2019\/12\/8962168479_d8c40828f3_o-300x199.jpg 300w, https:\/\/agrarias.ufpr.br\/hv\/wp-content\/uploads\/sites\/19\/2019\/12\/8962168479_d8c40828f3_o-768x510.jpg 768w, https:\/\/agrarias.ufpr.br\/hv\/wp-content\/uploads\/sites\/19\/2019\/12\/8962168479_d8c40828f3_o-250x166.jpg 250w, https:\/\/agrarias.ufpr.br\/hv\/wp-content\/uploads\/sites\/19\/2019\/12\/8962168479_d8c40828f3_o-160x106.jpg 160w\" sizes=\"auto, (max-width: 1024px) 100vw, 1024px\" \/><\/a><\/figure>\n\n\n\n<figure class=\"wp-block-image size-large\"><a href=\"https:\/\/agrarias.ufpr.br\/hv\/wp-content\/uploads\/sites\/19\/2019\/12\/8962160449_0c09360e88_o.jpg\"><img loading=\"lazy\" decoding=\"async\" width=\"1024\" height=\"680\" data-id=\"5553\" src=\"https:\/\/agrarias.ufpr.br\/hv\/wp-content\/uploads\/sites\/19\/2019\/12\/8962160449_0c09360e88_o-1024x680.jpg\" alt=\"\" class=\"wp-image-5553\" srcset=\"https:\/\/agrarias.ufpr.br\/hv\/wp-content\/uploads\/sites\/19\/2019\/12\/8962160449_0c09360e88_o-1024x680.jpg 1024w, https:\/\/agrarias.ufpr.br\/hv\/wp-content\/uploads\/sites\/19\/2019\/12\/8962160449_0c09360e88_o-300x199.jpg 300w, https:\/\/agrarias.ufpr.br\/hv\/wp-content\/uploads\/sites\/19\/2019\/12\/8962160449_0c09360e88_o-768x510.jpg 768w, https:\/\/agrarias.ufpr.br\/hv\/wp-content\/uploads\/sites\/19\/2019\/12\/8962160449_0c09360e88_o-250x166.jpg 250w, https:\/\/agrarias.ufpr.br\/hv\/wp-content\/uploads\/sites\/19\/2019\/12\/8962160449_0c09360e88_o-160x106.jpg 160w\" sizes=\"auto, (max-width: 1024px) 100vw, 1024px\" \/><\/a><\/figure>\n\n\n\n<figure class=\"wp-block-image size-large\"><a href=\"https:\/\/agrarias.ufpr.br\/hv\/wp-content\/uploads\/sites\/19\/2019\/12\/8962169785_4faa9c655a_o.jpg\"><img loading=\"lazy\" decoding=\"async\" width=\"1024\" height=\"680\" data-id=\"5554\" src=\"https:\/\/agrarias.ufpr.br\/hv\/wp-content\/uploads\/sites\/19\/2019\/12\/8962169785_4faa9c655a_o-1024x680.jpg\" alt=\"\" class=\"wp-image-5554\" srcset=\"https:\/\/agrarias.ufpr.br\/hv\/wp-content\/uploads\/sites\/19\/2019\/12\/8962169785_4faa9c655a_o-1024x680.jpg 1024w, https:\/\/agrarias.ufpr.br\/hv\/wp-content\/uploads\/sites\/19\/2019\/12\/8962169785_4faa9c655a_o-300x199.jpg 300w, https:\/\/agrarias.ufpr.br\/hv\/wp-content\/uploads\/sites\/19\/2019\/12\/8962169785_4faa9c655a_o-768x510.jpg 768w, https:\/\/agrarias.ufpr.br\/hv\/wp-content\/uploads\/sites\/19\/2019\/12\/8962169785_4faa9c655a_o-250x166.jpg 250w, https:\/\/agrarias.ufpr.br\/hv\/wp-content\/uploads\/sites\/19\/2019\/12\/8962169785_4faa9c655a_o-160x106.jpg 160w\" sizes=\"auto, (max-width: 1024px) 100vw, 1024px\" \/><\/a><\/figure>\n\n\n\n<figure class=\"wp-block-image size-large\"><a href=\"https:\/\/agrarias.ufpr.br\/hv\/wp-content\/uploads\/sites\/19\/2019\/12\/20170509_174004_012_resized.jpg\"><img loading=\"lazy\" decoding=\"async\" width=\"1008\" height=\"756\" data-id=\"5556\" src=\"https:\/\/agrarias.ufpr.br\/hv\/wp-content\/uploads\/sites\/19\/2019\/12\/20170509_174004_012_resized.jpg\" alt=\"\" class=\"wp-image-5556\" srcset=\"https:\/\/agrarias.ufpr.br\/hv\/wp-content\/uploads\/sites\/19\/2019\/12\/20170509_174004_012_resized.jpg 1008w, https:\/\/agrarias.ufpr.br\/hv\/wp-content\/uploads\/sites\/19\/2019\/12\/20170509_174004_012_resized-300x225.jpg 300w, https:\/\/agrarias.ufpr.br\/hv\/wp-content\/uploads\/sites\/19\/2019\/12\/20170509_174004_012_resized-768x576.jpg 768w, https:\/\/agrarias.ufpr.br\/hv\/wp-content\/uploads\/sites\/19\/2019\/12\/20170509_174004_012_resized-250x188.jpg 250w, https:\/\/agrarias.ufpr.br\/hv\/wp-content\/uploads\/sites\/19\/2019\/12\/20170509_174004_012_resized-160x120.jpg 160w\" sizes=\"auto, (max-width: 1008px) 100vw, 1008px\" \/><\/a><\/figure>\n\n\n\n<figure class=\"wp-block-image size-large\"><a href=\"https:\/\/agrarias.ufpr.br\/hv\/wp-content\/uploads\/sites\/19\/2019\/12\/Curso-fotografia.jpg\"><img loading=\"lazy\" decoding=\"async\" width=\"1024\" height=\"576\" data-id=\"5557\" src=\"https:\/\/agrarias.ufpr.br\/hv\/wp-content\/uploads\/sites\/19\/2019\/12\/Curso-fotografia-1024x576.jpg\" alt=\"\" class=\"wp-image-5557\" srcset=\"https:\/\/agrarias.ufpr.br\/hv\/wp-content\/uploads\/sites\/19\/2019\/12\/Curso-fotografia-1024x576.jpg 1024w, https:\/\/agrarias.ufpr.br\/hv\/wp-content\/uploads\/sites\/19\/2019\/12\/Curso-fotografia-300x169.jpg 300w, https:\/\/agrarias.ufpr.br\/hv\/wp-content\/uploads\/sites\/19\/2019\/12\/Curso-fotografia-768x432.jpg 768w, https:\/\/agrarias.ufpr.br\/hv\/wp-content\/uploads\/sites\/19\/2019\/12\/Curso-fotografia-250x141.jpg 250w, https:\/\/agrarias.ufpr.br\/hv\/wp-content\/uploads\/sites\/19\/2019\/12\/Curso-fotografia-160x90.jpg 160w, https:\/\/agrarias.ufpr.br\/hv\/wp-content\/uploads\/sites\/19\/2019\/12\/Curso-fotografia.jpg 1177w\" sizes=\"auto, (max-width: 1024px) 100vw, 1024px\" \/><\/a><\/figure>\n\n\n\n<figure class=\"wp-block-image size-large\"><a href=\"https:\/\/agrarias.ufpr.br\/hv\/wp-content\/uploads\/sites\/19\/2019\/12\/f9a6a92215b0058ea2e09e841d600ce5_920x520.jpg\"><img loading=\"lazy\" decoding=\"async\" width=\"920\" height=\"517\" data-id=\"5558\" src=\"https:\/\/agrarias.ufpr.br\/hv\/wp-content\/uploads\/sites\/19\/2019\/12\/f9a6a92215b0058ea2e09e841d600ce5_920x520.jpg\" alt=\"\" class=\"wp-image-5558\" srcset=\"https:\/\/agrarias.ufpr.br\/hv\/wp-content\/uploads\/sites\/19\/2019\/12\/f9a6a92215b0058ea2e09e841d600ce5_920x520.jpg 920w, https:\/\/agrarias.ufpr.br\/hv\/wp-content\/uploads\/sites\/19\/2019\/12\/f9a6a92215b0058ea2e09e841d600ce5_920x520-300x169.jpg 300w, https:\/\/agrarias.ufpr.br\/hv\/wp-content\/uploads\/sites\/19\/2019\/12\/f9a6a92215b0058ea2e09e841d600ce5_920x520-768x432.jpg 768w, https:\/\/agrarias.ufpr.br\/hv\/wp-content\/uploads\/sites\/19\/2019\/12\/f9a6a92215b0058ea2e09e841d600ce5_920x520-250x140.jpg 250w, https:\/\/agrarias.ufpr.br\/hv\/wp-content\/uploads\/sites\/19\/2019\/12\/f9a6a92215b0058ea2e09e841d600ce5_920x520-160x90.jpg 160w\" sizes=\"auto, (max-width: 920px) 100vw, 920px\" \/><\/a><\/figure>\n\n\n\n<figure class=\"wp-block-image size-large\"><a href=\"https:\/\/agrarias.ufpr.br\/hv\/wp-content\/uploads\/sites\/19\/2019\/12\/m_Hospital_Veterinario3.jpg\"><img loading=\"lazy\" decoding=\"async\" width=\"635\" height=\"411\" data-id=\"5560\" src=\"https:\/\/agrarias.ufpr.br\/hv\/wp-content\/uploads\/sites\/19\/2019\/12\/m_Hospital_Veterinario3.jpg\" alt=\"\" class=\"wp-image-5560\" srcset=\"https:\/\/agrarias.ufpr.br\/hv\/wp-content\/uploads\/sites\/19\/2019\/12\/m_Hospital_Veterinario3.jpg 635w, https:\/\/agrarias.ufpr.br\/hv\/wp-content\/uploads\/sites\/19\/2019\/12\/m_Hospital_Veterinario3-300x194.jpg 300w, https:\/\/agrarias.ufpr.br\/hv\/wp-content\/uploads\/sites\/19\/2019\/12\/m_Hospital_Veterinario3-250x162.jpg 250w, https:\/\/agrarias.ufpr.br\/hv\/wp-content\/uploads\/sites\/19\/2019\/12\/m_Hospital_Veterinario3-160x104.jpg 160w\" sizes=\"auto, (max-width: 635px) 100vw, 635px\" \/><\/a><\/figure>\n\n\n\n<figure class=\"wp-block-image size-large\"><a href=\"https:\/\/agrarias.ufpr.br\/hv\/wp-content\/uploads\/sites\/19\/2019\/12\/m_Hospital_Veterinario6.jpg\"><img loading=\"lazy\" decoding=\"async\" width=\"635\" height=\"411\" data-id=\"5561\" src=\"https:\/\/agrarias.ufpr.br\/hv\/wp-content\/uploads\/sites\/19\/2019\/12\/m_Hospital_Veterinario6.jpg\" alt=\"\" class=\"wp-image-5561\" srcset=\"https:\/\/agrarias.ufpr.br\/hv\/wp-content\/uploads\/sites\/19\/2019\/12\/m_Hospital_Veterinario6.jpg 635w, https:\/\/agrarias.ufpr.br\/hv\/wp-content\/uploads\/sites\/19\/2019\/12\/m_Hospital_Veterinario6-300x194.jpg 300w, https:\/\/agrarias.ufpr.br\/hv\/wp-content\/uploads\/sites\/19\/2019\/12\/m_Hospital_Veterinario6-250x162.jpg 250w, https:\/\/agrarias.ufpr.br\/hv\/wp-content\/uploads\/sites\/19\/2019\/12\/m_Hospital_Veterinario6-160x104.jpg 160w\" sizes=\"auto, (max-width: 635px) 100vw, 635px\" \/><\/a><\/figure>\n\n\n\n<figure class=\"wp-block-image size-large\"><a href=\"https:\/\/agrarias.ufpr.br\/hv\/wp-content\/uploads\/sites\/19\/2019\/12\/m_Hospital_Veterinario9.jpg\"><img loading=\"lazy\" decoding=\"async\" width=\"635\" height=\"411\" data-id=\"5562\" src=\"https:\/\/agrarias.ufpr.br\/hv\/wp-content\/uploads\/sites\/19\/2019\/12\/m_Hospital_Veterinario9.jpg\" alt=\"\" class=\"wp-image-5562\" srcset=\"https:\/\/agrarias.ufpr.br\/hv\/wp-content\/uploads\/sites\/19\/2019\/12\/m_Hospital_Veterinario9.jpg 635w, https:\/\/agrarias.ufpr.br\/hv\/wp-content\/uploads\/sites\/19\/2019\/12\/m_Hospital_Veterinario9-300x194.jpg 300w, https:\/\/agrarias.ufpr.br\/hv\/wp-content\/uploads\/sites\/19\/2019\/12\/m_Hospital_Veterinario9-250x162.jpg 250w, https:\/\/agrarias.ufpr.br\/hv\/wp-content\/uploads\/sites\/19\/2019\/12\/m_Hospital_Veterinario9-160x104.jpg 160w\" sizes=\"auto, (max-width: 635px) 100vw, 635px\" \/><\/a><\/figure>\n\n\n\n<figure class=\"wp-block-image size-large\"><a href=\"https:\/\/agrarias.ufpr.br\/hv\/wp-content\/uploads\/sites\/19\/2019\/12\/Reitor-e-vice-reitora-recebem-vereadora-K\u00e1tia-Dittrich-Emenda-para-Hospital-Veterin\u00e1rio-prote\u00e7\u00e3o-de-animais-10.jpg\"><img loading=\"lazy\" decoding=\"async\" width=\"1024\" height=\"693\" data-id=\"5564\" src=\"https:\/\/agrarias.ufpr.br\/hv\/wp-content\/uploads\/sites\/19\/2019\/12\/Reitor-e-vice-reitora-recebem-vereadora-K\u00e1tia-Dittrich-Emenda-para-Hospital-Veterin\u00e1rio-prote\u00e7\u00e3o-de-animais-10-1024x693.jpg\" alt=\"\" class=\"wp-image-5564\" srcset=\"https:\/\/agrarias.ufpr.br\/hv\/wp-content\/uploads\/sites\/19\/2019\/12\/Reitor-e-vice-reitora-recebem-vereadora-K\u00e1tia-Dittrich-Emenda-para-Hospital-Veterin\u00e1rio-prote\u00e7\u00e3o-de-animais-10-1024x693.jpg 1024w, https:\/\/agrarias.ufpr.br\/hv\/wp-content\/uploads\/sites\/19\/2019\/12\/Reitor-e-vice-reitora-recebem-vereadora-K\u00e1tia-Dittrich-Emenda-para-Hospital-Veterin\u00e1rio-prote\u00e7\u00e3o-de-animais-10-300x203.jpg 300w, https:\/\/agrarias.ufpr.br\/hv\/wp-content\/uploads\/sites\/19\/2019\/12\/Reitor-e-vice-reitora-recebem-vereadora-K\u00e1tia-Dittrich-Emenda-para-Hospital-Veterin\u00e1rio-prote\u00e7\u00e3o-de-animais-10-768x520.jpg 768w, https:\/\/agrarias.ufpr.br\/hv\/wp-content\/uploads\/sites\/19\/2019\/12\/Reitor-e-vice-reitora-recebem-vereadora-K\u00e1tia-Dittrich-Emenda-para-Hospital-Veterin\u00e1rio-prote\u00e7\u00e3o-de-animais-10-250x169.jpg 250w, https:\/\/agrarias.ufpr.br\/hv\/wp-content\/uploads\/sites\/19\/2019\/12\/Reitor-e-vice-reitora-recebem-vereadora-K\u00e1tia-Dittrich-Emenda-para-Hospital-Veterin\u00e1rio-prote\u00e7\u00e3o-de-animais-10-160x108.jpg 160w\" sizes=\"auto, (max-width: 1024px) 100vw, 1024px\" \/><\/a><\/figure>\n\n\n\n<figure class=\"wp-block-image size-large\"><a href=\"https:\/\/agrarias.ufpr.br\/hv\/wp-content\/uploads\/sites\/19\/2019\/12\/Reitor-e-vice-reitora-recebem-vereadora-K\u00e1tia-Dittrich-Emenda-para-Hospital-Veterin\u00e1rio-prote\u00e7\u00e3o-de-animais-7.jpg\"><img loading=\"lazy\" decoding=\"async\" width=\"1024\" height=\"680\" data-id=\"5563\" src=\"https:\/\/agrarias.ufpr.br\/hv\/wp-content\/uploads\/sites\/19\/2019\/12\/Reitor-e-vice-reitora-recebem-vereadora-K\u00e1tia-Dittrich-Emenda-para-Hospital-Veterin\u00e1rio-prote\u00e7\u00e3o-de-animais-7-1024x680.jpg\" alt=\"\" class=\"wp-image-5563\" srcset=\"https:\/\/agrarias.ufpr.br\/hv\/wp-content\/uploads\/sites\/19\/2019\/12\/Reitor-e-vice-reitora-recebem-vereadora-K\u00e1tia-Dittrich-Emenda-para-Hospital-Veterin\u00e1rio-prote\u00e7\u00e3o-de-animais-7-1024x680.jpg 1024w, https:\/\/agrarias.ufpr.br\/hv\/wp-content\/uploads\/sites\/19\/2019\/12\/Reitor-e-vice-reitora-recebem-vereadora-K\u00e1tia-Dittrich-Emenda-para-Hospital-Veterin\u00e1rio-prote\u00e7\u00e3o-de-animais-7-300x199.jpg 300w, https:\/\/agrarias.ufpr.br\/hv\/wp-content\/uploads\/sites\/19\/2019\/12\/Reitor-e-vice-reitora-recebem-vereadora-K\u00e1tia-Dittrich-Emenda-para-Hospital-Veterin\u00e1rio-prote\u00e7\u00e3o-de-animais-7-768x510.jpg 768w, https:\/\/agrarias.ufpr.br\/hv\/wp-content\/uploads\/sites\/19\/2019\/12\/Reitor-e-vice-reitora-recebem-vereadora-K\u00e1tia-Dittrich-Emenda-para-Hospital-Veterin\u00e1rio-prote\u00e7\u00e3o-de-animais-7-250x166.jpg 250w, https:\/\/agrarias.ufpr.br\/hv\/wp-content\/uploads\/sites\/19\/2019\/12\/Reitor-e-vice-reitora-recebem-vereadora-K\u00e1tia-Dittrich-Emenda-para-Hospital-Veterin\u00e1rio-prote\u00e7\u00e3o-de-animais-7-160x106.jpg 160w\" sizes=\"auto, (max-width: 1024px) 100vw, 1024px\" \/><\/a><\/figure>\n<\/figure>\n\n\n\n<div style=\"height:30px\" aria-hidden=\"true\" class=\"wp-block-spacer\"><\/div>\n","protected":false},"excerpt":{"rendered":"","protected":false},"author":1837,"featured_media":0,"parent":0,"menu_order":0,"comment_status":"open","ping_status":"open","template":"","meta":{"footnotes":""},"class_list":["post-108","page","type-page","status-publish","hentry"],"_links":{"self":[{"href":"https:\/\/agrarias.ufpr.br\/hv\/wp-json\/wp\/v2\/pages\/108","targetHints":{"allow":["GET"]}}],"collection":[{"href":"https:\/\/agrarias.ufpr.br\/hv\/wp-json\/wp\/v2\/pages"}],"about":[{"href":"https:\/\/agrarias.ufpr.br\/hv\/wp-json\/wp\/v2\/types\/page"}],"author":[{"embeddable":true,"href":"https:\/\/agrarias.ufpr.br\/hv\/wp-json\/wp\/v2\/users\/1837"}],"replies":[{"embeddable":true,"href":"https:\/\/agrarias.ufpr.br\/hv\/wp-json\/wp\/v2\/comments?post=108"}],"version-history":[{"count":5,"href":"https:\/\/agrarias.ufpr.br\/hv\/wp-json\/wp\/v2\/pages\/108\/revisions"}],"predecessor-version":[{"id":7572,"href":"https:\/\/agrarias.ufpr.br\/hv\/wp-json\/wp\/v2\/pages\/108\/revisions\/7572"}],"wp:attachment":[{"href":"https:\/\/agrarias.ufpr.br\/hv\/wp-json\/wp\/v2\/media?parent=108"}],"curies":[{"name":"wp","href":"https:\/\/api.w.org\/{rel}","templated":true}]}}