{"id":998,"date":"2016-03-31T14:04:34","date_gmt":"2016-03-31T14:04:34","guid":{"rendered":"https:\/\/agrarias.ufpr.br\/fitotecnia\/?page_id=998"},"modified":"2016-05-11T12:34:21","modified_gmt":"2016-05-11T12:34:21","slug":"agricultura-especial-iii-af027","status":"publish","type":"page","link":"https:\/\/agrarias.ufpr.br\/fitotecnia\/agricultura-especial-iii-af027\/","title":{"rendered":"AGRICULTURA ESPECIAL III &#8211; AF 027"},"content":{"rendered":"<p><strong>Curso<\/strong><\/p>\n<p>Agronomia<\/p>\n<p><strong>Ementa<\/strong><\/p>\n<p style=\"text-align: justify\">Aspectos espec\u00edficos do cultivo e produ\u00e7\u00e3o de culturas de interesse econ\u00f4mico em algumas regi\u00f5es do Estado, Mandioca, Sorgo, Rami, Mamona, Amendoim, Girassol, Fumo e Cereais de Inverno.<\/p>\n<p><strong>Natureza<\/strong><\/p>\n<p>Optativa<\/p>\n<p><strong>Carga hor\u00e1ria<\/strong><\/p>\n<p>60 horas<\/p>\n<p><strong>Per\u00edodo<\/strong><\/p>\n<p>1\u00ba e 2\u00ba<\/p>\n<p><strong>Dia\/Hor\u00e1rio<\/strong><\/p>\n<p>Ter\u00e7a-feira \/13:30 &#8211; 17:30 horas<\/p>\n<p><strong>Docente<\/strong><\/p>\n<p><a href=\"https:\/\/agrarias.ufpr.br\/fitotecnia\/claudete-reisdorfer-lang\/\">Claudete Reisdorfer Lang<\/a><\/p>\n<p><strong>Home page<\/strong><\/p>\n<p>Grupo de estudos facebook: Agricultuta Especial III<\/p>\n<p>&nbsp;<\/p>\n","protected":false},"excerpt":{"rendered":"<p>Curso Agronomia Ementa Aspectos espec\u00edficos do cultivo e produ\u00e7\u00e3o de culturas de interesse econ\u00f4mico em algumas regi\u00f5es do Estado, Mandioca, Sorgo, Rami, Mamona, Amendoim, Girassol, Fumo e Cereais de Inverno. Natureza Optativa Carga hor\u00e1ria 60 horas Per\u00edodo 1\u00ba e 2\u00ba Dia\/Hor\u00e1rio Ter\u00e7a-feira \/13:30 &#8211; 17:30 horas Docente Claudete Reisdorfer Lang Home page Grupo de estudos [&hellip;]<\/p>\n","protected":false},"author":3,"featured_media":0,"parent":0,"menu_order":0,"comment_status":"closed","ping_status":"closed","template":"","meta":{"footnotes":""},"class_list":["post-998","page","type-page","status-publish","hentry"],"_links":{"self":[{"href":"https:\/\/agrarias.ufpr.br\/fitotecnia\/wp-json\/wp\/v2\/pages\/998","targetHints":{"allow":["GET"]}}],"collection":[{"href":"https:\/\/agrarias.ufpr.br\/fitotecnia\/wp-json\/wp\/v2\/pages"}],"about":[{"href":"https:\/\/agrarias.ufpr.br\/fitotecnia\/wp-json\/wp\/v2\/types\/page"}],"author":[{"embeddable":true,"href":"https:\/\/agrarias.ufpr.br\/fitotecnia\/wp-json\/wp\/v2\/users\/3"}],"replies":[{"embeddable":true,"href":"https:\/\/agrarias.ufpr.br\/fitotecnia\/wp-json\/wp\/v2\/comments?post=998"}],"version-history":[{"count":13,"href":"https:\/\/agrarias.ufpr.br\/fitotecnia\/wp-json\/wp\/v2\/pages\/998\/revisions"}],"predecessor-version":[{"id":5708,"href":"https:\/\/agrarias.ufpr.br\/fitotecnia\/wp-json\/wp\/v2\/pages\/998\/revisions\/5708"}],"wp:attachment":[{"href":"https:\/\/agrarias.ufpr.br\/fitotecnia\/wp-json\/wp\/v2\/media?parent=998"}],"curies":[{"name":"wp","href":"https:\/\/api.w.org\/{rel}","templated":true}]}}