{"id":975,"date":"2016-03-31T13:28:14","date_gmt":"2016-03-31T13:28:14","guid":{"rendered":"https:\/\/agrarias.ufpr.br\/fitotecnia\/?page_id=975"},"modified":"2021-03-16T17:13:27","modified_gmt":"2021-03-16T17:13:27","slug":"claudete-reisdorfer-lang","status":"publish","type":"page","link":"https:\/\/agrarias.ufpr.br\/fitotecnia\/claudete-reisdorfer-lang\/","title":{"rendered":"Claudete Reisdorfer Lang"},"content":{"rendered":"<p>Prof\u00aa. Associada<\/p>\n<p><strong>Forma\u00e7\u00e3o Acad\u00eamica<\/strong><\/p>\n<p>P\u00f3s-Doutorado,&nbsp;Ohio State University, OSU, Estados Unidos (2014-2015)<\/p>\n<p>Dra. em Agronomia (Produ\u00e7\u00e3o Vegetal), UFPR (2004)<\/p>\n<p>M.Sc. em Agronomia (Produ\u00e7\u00e3o Vegetal), UFPR (2001)<\/p>\n<p>Eng. Agr\u00f4noma, UFSM (1995)<\/p>\n<p><strong>\u00c1rea\/Sub-\u00e1rea\/Linha de pesquisa<\/strong><\/p>\n<p>Agricultura\/Grandes Culturas\/Sistemas Integrados<\/p>\n<p><strong>Disciplinas Ministradas na Gradua\u00e7\u00e3o&nbsp;<\/strong><\/p>\n<p><a href=\"https:\/\/agrarias.ufpr.br\/fitotecnia\/agricultura-especial-iii-af027\/\">AF 027&nbsp;\u2013 Agricultura Especial III<\/a><\/p>\n<p><a href=\"https:\/\/agrarias.ufpr.br\/fitotecnia\/manejo-de-lavoura-c-af-074\/\">AF 074 &#8211; Manejo de Lavoura C<\/a><\/p>\n<p><a href=\"https:\/\/agrarias.ufpr.br\/fitotecnia\/manejo-de-plantas-potenciais-af097\/\">AF 097 &#8211; Manejo de Plantas Potenciais<\/a><\/p>\n<p><a href=\"https:\/\/agrarias.ufpr.br\/fitotecnia\/estagio-obrigatorio-supervisionado-em-agronomia-agro-001\/\">AGRO 001 \u2013 Est\u00e1gio Obrigat\u00f3rio Supervisionado em Agronomia<\/a><\/p>\n<p><a href=\"https:\/\/agrarias.ufpr.br\/fitotecnia\/introducao-a-pesquisa-em-fitotecnia-af048\/\">AF 048 \u2013 Introdu\u00e7\u00e3o \u00e0 Pesquisa em Fitotecnia&nbsp;(orienta\u00e7\u00e3o)<\/a><\/p>\n<p><strong>Unidade de Apoio&nbsp;<\/strong><\/p>\n<p><a href=\"https:\/\/agrarias.ufpr.br\/fitotecnia\/area-experimental-doencas-em-grandes-culturas\/\">\u00c1rea Experimental Doen\u00e7as em Grandes Culturas<\/a><\/p>\n<p><a href=\"https:\/\/agrarias.ufpr.br\/fitotecnia\/nucleo-de-inovacao-tecnologica-em-agropecuaria-nita\/\">N\u00facleo de Inova\u00e7\u00e3o Tecnol\u00f3gica em Agropecu\u00e1ria (NITA<\/a><\/p>\n<p><strong>Coordena\u00e7\u00e3o de Projeto<\/strong><\/p>\n<p><a href=\"https:\/\/agrarias.ufpr.br\/fitotecnia\/manejo-da-producao-agricola-em-sistemas-integrados\/\">Manejo da produ\u00e7\u00e3o agr\u00edcola em sistemas integrados<\/a><\/p>\n<p><strong>Projeto de Extens\u00e3o<\/strong><\/p>\n<p><a href=\"https:\/\/agrarias.ufpr.br\/fitotecnia\/nucleo-de-inovacao-tecnologica-em-agropecuaria-nita\/\">N\u00facleo de Inova\u00e7\u00e3o Tecnol\u00f3gica em Agropecu\u00e1ria (NITA)<\/a><\/p>\n<p><strong>Programa de Extens\u00e3o&nbsp;<\/strong><\/p>\n<p><a href=\"https:\/\/agrarias.ufpr.br\/fitotecnia\/programa-de-extensao-de-cana-de-acucar-e-derivados\/\">Programa de extens\u00e3o de cana-de a\u00e7\u00facar e derivados<\/a><\/p>\n<p><strong>Grupo de Pesquisa<\/strong><\/p>\n<p>GPPIA-Grupo de pesquisa em produ\u00e7\u00e3o integrada de agricultura&nbsp;Link: dgp.cnpq.br\/dgp\/espelhogrupo\/0373823041404919<\/p>\n<p><strong>Participa\u00e7\u00e3o em outros grupos de pesquisa<\/strong><\/p>\n<p>Integra\u00e7\u00e3o lavoura pecu\u00e1ria<\/p>\n<p>Programa de pesquisa em melhoramento gen\u00e9tico da cana-de a\u00e7\u00facar UFPR\/RIDESA<\/p>\n<p><strong>Publica\u00e7\u00f5es<\/strong><\/p>\n<p><strong><a href=\"http:\/\/buscatextual.cnpq.br\/buscatextual\/visualizacv.do?id=K4709867H9\"><img loading=\"lazy\" decoding=\"async\" class=\"alignnone wp-image-742\" src=\"https:\/\/agrarias.ufpr.br\/fitotecnia\/wp-content\/uploads\/sites\/26\/2016\/03\/icon_lattes.png\" alt=\"icon_lattes\" width=\"30\" height=\"29\"><\/a>&nbsp;<a href=\"http:\/\/buscatextual.cnpq.br\/buscatextual\/visualizacv.do?id=K4709867H9\">Lattes<\/a>&nbsp; &nbsp;&nbsp;<a href=\"https:\/\/www.researchgate.net\/profile\/Claudete_Lang\"><img loading=\"lazy\" decoding=\"async\" class=\"size-full wp-image-1136 alignnone\" src=\"https:\/\/agrarias.ufpr.br\/fitotecnia\/wp-content\/uploads\/sites\/26\/2016\/03\/apple-touch-icon-180x180-e1459453504744.png\" alt=\"apple-touch-icon-180x180\" width=\"29\" height=\"29\"><\/a>&nbsp;<a href=\"https:\/\/www.researchgate.net\/profile\/Claudete_Lang\">Research Gate&nbsp;&nbsp;<\/a><a href=\"https:\/\/orcid.org\/0000-0003-2509-6419\/print\"><span style=\"color: #000080\"><img loading=\"lazy\" decoding=\"async\" class=\"alignnone wp-image-4146\" src=\"https:\/\/agrarias.ufpr.br\/pgapven\/wp-content\/uploads\/sites\/45\/2021\/02\/unnamed.jpg\" alt=\"\" width=\"93\" height=\"37\"><\/span><\/a><\/strong><\/p>\n<p><strong>Contatos<\/strong><\/p>\n<p><img loading=\"lazy\" decoding=\"async\" class=\"wp-image-758 alignnone\" src=\"https:\/\/agrarias.ufpr.br\/fitotecnia\/wp-content\/uploads\/sites\/26\/2016\/03\/telefone.png\" alt=\"telefone\" width=\"22\" height=\"22\" srcset=\"https:\/\/agrarias.ufpr.br\/fitotecnia\/wp-content\/uploads\/sites\/26\/2016\/03\/telefone.png 200w, https:\/\/agrarias.ufpr.br\/fitotecnia\/wp-content\/uploads\/sites\/26\/2016\/03\/telefone-150x150.png 150w\" sizes=\"auto, (max-width: 22px) 100vw, 22px\" \/>+55 (41) 3350-5720<\/p>\n<p><img loading=\"lazy\" decoding=\"async\" class=\"alignnone wp-image-757\" src=\"https:\/\/agrarias.ufpr.br\/fitotecnia\/wp-content\/uploads\/sites\/26\/2016\/03\/email-small-.jpg\" alt=\"email small\" width=\"22\" height=\"22\"> langc@ufpr.br<\/p>\n","protected":false},"excerpt":{"rendered":"<p>Prof\u00aa. Associada Forma\u00e7\u00e3o Acad\u00eamica P\u00f3s-Doutorado,&nbsp;Ohio State University, OSU, Estados Unidos (2014-2015) Dra. em Agronomia (Produ\u00e7\u00e3o Vegetal), UFPR (2004) M.Sc. em Agronomia (Produ\u00e7\u00e3o Vegetal), UFPR (2001) Eng. Agr\u00f4noma, UFSM (1995) \u00c1rea\/Sub-\u00e1rea\/Linha de pesquisa Agricultura\/Grandes Culturas\/Sistemas Integrados Disciplinas Ministradas na Gradua\u00e7\u00e3o&nbsp; AF 027&nbsp;\u2013 Agricultura Especial III AF 074 &#8211; Manejo de Lavoura C AF 097 &#8211; Manejo [&hellip;]<\/p>\n","protected":false},"author":3,"featured_media":0,"parent":0,"menu_order":0,"comment_status":"closed","ping_status":"closed","template":"","meta":{"footnotes":""},"class_list":["post-975","page","type-page","status-publish","hentry"],"_links":{"self":[{"href":"https:\/\/agrarias.ufpr.br\/fitotecnia\/wp-json\/wp\/v2\/pages\/975","targetHints":{"allow":["GET"]}}],"collection":[{"href":"https:\/\/agrarias.ufpr.br\/fitotecnia\/wp-json\/wp\/v2\/pages"}],"about":[{"href":"https:\/\/agrarias.ufpr.br\/fitotecnia\/wp-json\/wp\/v2\/types\/page"}],"author":[{"embeddable":true,"href":"https:\/\/agrarias.ufpr.br\/fitotecnia\/wp-json\/wp\/v2\/users\/3"}],"replies":[{"embeddable":true,"href":"https:\/\/agrarias.ufpr.br\/fitotecnia\/wp-json\/wp\/v2\/comments?post=975"}],"version-history":[{"count":73,"href":"https:\/\/agrarias.ufpr.br\/fitotecnia\/wp-json\/wp\/v2\/pages\/975\/revisions"}],"predecessor-version":[{"id":5050,"href":"https:\/\/agrarias.ufpr.br\/fitotecnia\/wp-json\/wp\/v2\/pages\/975\/revisions\/5050"}],"wp:attachment":[{"href":"https:\/\/agrarias.ufpr.br\/fitotecnia\/wp-json\/wp\/v2\/media?parent=975"}],"curies":[{"name":"wp","href":"https:\/\/api.w.org\/{rel}","templated":true}]}}