{"id":944,"date":"2016-03-31T12:26:06","date_gmt":"2016-03-31T12:26:06","guid":{"rendered":"https:\/\/agrarias.ufpr.br\/fitotecnia\/?page_id=944"},"modified":"2016-04-26T18:50:32","modified_gmt":"2016-04-26T18:50:32","slug":"manejo-da-cobertura-do-solo-na-producao-de-hortalicas","status":"publish","type":"page","link":"https:\/\/agrarias.ufpr.br\/fitotecnia\/manejo-da-cobertura-do-solo-na-producao-de-hortalicas\/","title":{"rendered":"Manejo da cobertura do solo na produ\u00e7\u00e3o de hortali\u00e7as"},"content":{"rendered":"<p style=\"text-align: justify\"><strong>Resumo<\/strong><\/p>\n<p style=\"text-align: justify\">Avaliar o efeito da cobertura do solo por res\u00edduos de milho (<em>Zea mays<\/em> L), aveia preta (<em>Avena strigosa<\/em> Schreb.) e outras esp\u00e9cies eficientes produtoras de biomassa para cobertura do solo, no desenvolvimento, sanidade, produtividade e qualidade de hortali\u00e7as cultivadas em sucess\u00e3o sobre a palhada, bem como, avaliar os efeitos das coberturas nos par\u00e2metros de qualidade do solo.<\/p>\n<p style=\"text-align: justify\"><strong>Coordenador<\/strong><\/p>\n<p style=\"text-align: justify\"><a href=\"https:\/\/agrarias.ufpr.br\/fitotecnia\/926-2\/\">\u00c1tila Francisco M\u00f3gor<\/a><\/p>\n","protected":false},"excerpt":{"rendered":"<p>Resumo Avaliar o efeito da cobertura do solo por res\u00edduos de milho (Zea mays L), aveia preta (Avena strigosa Schreb.) e outras esp\u00e9cies eficientes produtoras de biomassa para cobertura do solo, no desenvolvimento, sanidade, produtividade e qualidade de hortali\u00e7as cultivadas em sucess\u00e3o sobre a palhada, bem como, avaliar os efeitos das coberturas nos par\u00e2metros de [&hellip;]<\/p>\n","protected":false},"author":3,"featured_media":0,"parent":0,"menu_order":0,"comment_status":"closed","ping_status":"closed","template":"","meta":{"footnotes":""},"class_list":["post-944","page","type-page","status-publish","hentry"],"_links":{"self":[{"href":"https:\/\/agrarias.ufpr.br\/fitotecnia\/wp-json\/wp\/v2\/pages\/944","targetHints":{"allow":["GET"]}}],"collection":[{"href":"https:\/\/agrarias.ufpr.br\/fitotecnia\/wp-json\/wp\/v2\/pages"}],"about":[{"href":"https:\/\/agrarias.ufpr.br\/fitotecnia\/wp-json\/wp\/v2\/types\/page"}],"author":[{"embeddable":true,"href":"https:\/\/agrarias.ufpr.br\/fitotecnia\/wp-json\/wp\/v2\/users\/3"}],"replies":[{"embeddable":true,"href":"https:\/\/agrarias.ufpr.br\/fitotecnia\/wp-json\/wp\/v2\/comments?post=944"}],"version-history":[{"count":3,"href":"https:\/\/agrarias.ufpr.br\/fitotecnia\/wp-json\/wp\/v2\/pages\/944\/revisions"}],"predecessor-version":[{"id":2324,"href":"https:\/\/agrarias.ufpr.br\/fitotecnia\/wp-json\/wp\/v2\/pages\/944\/revisions\/2324"}],"wp:attachment":[{"href":"https:\/\/agrarias.ufpr.br\/fitotecnia\/wp-json\/wp\/v2\/media?parent=944"}],"curies":[{"name":"wp","href":"https:\/\/api.w.org\/{rel}","templated":true}]}}