{"id":942,"date":"2016-03-31T12:25:31","date_gmt":"2016-03-31T12:25:31","guid":{"rendered":"https:\/\/agrarias.ufpr.br\/fitotecnia\/?page_id=942"},"modified":"2016-03-31T12:34:58","modified_gmt":"2016-03-31T12:34:58","slug":"manejo-nutricional-em-cultivos-horticolas","status":"publish","type":"page","link":"https:\/\/agrarias.ufpr.br\/fitotecnia\/manejo-nutricional-em-cultivos-horticolas\/","title":{"rendered":"Manejo Nutricional em Cultivos Hort\u00edcolas"},"content":{"rendered":"<p style=\"text-align: justify;\"><strong>Resumo<\/strong><\/p>\n<p style=\"text-align: justify;\">Descri\u00e7\u00e3o: O estado nutricional das plantas reflete-se na produ\u00e7\u00e3o, ou seja, a express\u00e3o do potencial gen\u00e9tico de uma esp\u00e9cie cultiv\u00e1vel depende da disponibilidade adequada de nutrientes para seu crescimento. Em esp\u00e9cies hort\u00edcolas, as t\u00e9cnicas relacionadas \u00e0 nutri\u00e7\u00e3o das plantas receberam grande incremento pelo maior acesso dos produtores a novas cultivares, que em fun\u00e7\u00e3o do seu maior potencial produtivo demandaram o desenvolvimento de produtos e t\u00e9cnicas de fertiliza\u00e7\u00e3o mais eficientes. Alem disso, no sistema org\u00e2nico, difunde-se cada vez mais a utiliza\u00e7\u00e3o de biofertilizantes. Sendo assim, nesse projeto busca-se estudar o manejo nutricional de cultivos hort\u00edcolas nos diferentes sistemas de produ\u00e7\u00e3o..<br \/>\nSitua\u00e7\u00e3o: Em andamento; Natureza: Pesquisa.<\/p>\n","protected":false},"excerpt":{"rendered":"<p>Resumo Descri\u00e7\u00e3o: O estado nutricional das plantas reflete-se na produ\u00e7\u00e3o, ou seja, a express\u00e3o do potencial gen\u00e9tico de uma esp\u00e9cie cultiv\u00e1vel depende da disponibilidade adequada de nutrientes para seu crescimento. Em esp\u00e9cies hort\u00edcolas, as t\u00e9cnicas relacionadas \u00e0 nutri\u00e7\u00e3o das plantas receberam grande incremento pelo maior acesso dos produtores a novas cultivares, que em fun\u00e7\u00e3o do [&hellip;]<\/p>\n","protected":false},"author":3,"featured_media":0,"parent":0,"menu_order":0,"comment_status":"closed","ping_status":"closed","template":"","meta":{"footnotes":""},"class_list":["post-942","page","type-page","status-publish","hentry"],"_links":{"self":[{"href":"https:\/\/agrarias.ufpr.br\/fitotecnia\/wp-json\/wp\/v2\/pages\/942","targetHints":{"allow":["GET"]}}],"collection":[{"href":"https:\/\/agrarias.ufpr.br\/fitotecnia\/wp-json\/wp\/v2\/pages"}],"about":[{"href":"https:\/\/agrarias.ufpr.br\/fitotecnia\/wp-json\/wp\/v2\/types\/page"}],"author":[{"embeddable":true,"href":"https:\/\/agrarias.ufpr.br\/fitotecnia\/wp-json\/wp\/v2\/users\/3"}],"replies":[{"embeddable":true,"href":"https:\/\/agrarias.ufpr.br\/fitotecnia\/wp-json\/wp\/v2\/comments?post=942"}],"version-history":[{"count":2,"href":"https:\/\/agrarias.ufpr.br\/fitotecnia\/wp-json\/wp\/v2\/pages\/942\/revisions"}],"predecessor-version":[{"id":952,"href":"https:\/\/agrarias.ufpr.br\/fitotecnia\/wp-json\/wp\/v2\/pages\/942\/revisions\/952"}],"wp:attachment":[{"href":"https:\/\/agrarias.ufpr.br\/fitotecnia\/wp-json\/wp\/v2\/media?parent=942"}],"curies":[{"name":"wp","href":"https:\/\/api.w.org\/{rel}","templated":true}]}}