{"id":940,"date":"2016-03-31T12:22:41","date_gmt":"2016-03-31T12:22:41","guid":{"rendered":"https:\/\/agrarias.ufpr.br\/fitotecnia\/?page_id=940"},"modified":"2016-04-26T18:49:25","modified_gmt":"2016-04-26T18:49:25","slug":"prospeccao-e-avaliacao-de-substancias-e-compostos-biofertilizantesbioestimulantes","status":"publish","type":"page","link":"https:\/\/agrarias.ufpr.br\/fitotecnia\/prospeccao-e-avaliacao-de-substancias-e-compostos-biofertilizantesbioestimulantes\/","title":{"rendered":"Prospec\u00e7\u00e3o e Avalia\u00e7\u00e3o de Subst\u00e2ncias e Compostos Biofertilizantes\\Bioestimulantes"},"content":{"rendered":"<p style=\"text-align: left\"><strong>Resumo<\/strong><\/p>\n<p style=\"text-align: justify\">Identificar e avaliar a atividade de subst\u00e2ncias naturais promotoras do crescimento vegetal, como extratos vegetais, extratos de algas, subprodutos da ind\u00fastria de transforma\u00e7\u00e3o, amino\u00e1cidos de processos fermentativos ou de hidr\u00f3lise, rizobact\u00e9rias promotoras do crescimento vegetal, entre outros, em conformidade com os preceitos e a legisla\u00e7\u00e3o da agricultura org\u00e2nica..<\/p>\n<p style=\"text-align: justify\"><strong>Coordenador<\/strong><\/p>\n<p style=\"text-align: justify\"><a href=\"https:\/\/agrarias.ufpr.br\/fitotecnia\/926-2\/\">\u00c1tila Francisco M\u00f3gor<\/a><\/p>\n","protected":false},"excerpt":{"rendered":"<p>Resumo Identificar e avaliar a atividade de subst\u00e2ncias naturais promotoras do crescimento vegetal, como extratos vegetais, extratos de algas, subprodutos da ind\u00fastria de transforma\u00e7\u00e3o, amino\u00e1cidos de processos fermentativos ou de hidr\u00f3lise, rizobact\u00e9rias promotoras do crescimento vegetal, entre outros, em conformidade com os preceitos e a legisla\u00e7\u00e3o da agricultura org\u00e2nica.. Coordenador \u00c1tila Francisco M\u00f3gor<\/p>\n","protected":false},"author":3,"featured_media":0,"parent":0,"menu_order":0,"comment_status":"closed","ping_status":"closed","template":"","meta":{"footnotes":""},"class_list":["post-940","page","type-page","status-publish","hentry"],"_links":{"self":[{"href":"https:\/\/agrarias.ufpr.br\/fitotecnia\/wp-json\/wp\/v2\/pages\/940","targetHints":{"allow":["GET"]}}],"collection":[{"href":"https:\/\/agrarias.ufpr.br\/fitotecnia\/wp-json\/wp\/v2\/pages"}],"about":[{"href":"https:\/\/agrarias.ufpr.br\/fitotecnia\/wp-json\/wp\/v2\/types\/page"}],"author":[{"embeddable":true,"href":"https:\/\/agrarias.ufpr.br\/fitotecnia\/wp-json\/wp\/v2\/users\/3"}],"replies":[{"embeddable":true,"href":"https:\/\/agrarias.ufpr.br\/fitotecnia\/wp-json\/wp\/v2\/comments?post=940"}],"version-history":[{"count":6,"href":"https:\/\/agrarias.ufpr.br\/fitotecnia\/wp-json\/wp\/v2\/pages\/940\/revisions"}],"predecessor-version":[{"id":2323,"href":"https:\/\/agrarias.ufpr.br\/fitotecnia\/wp-json\/wp\/v2\/pages\/940\/revisions\/2323"}],"wp:attachment":[{"href":"https:\/\/agrarias.ufpr.br\/fitotecnia\/wp-json\/wp\/v2\/media?parent=940"}],"curies":[{"name":"wp","href":"https:\/\/api.w.org\/{rel}","templated":true}]}}