{"id":914,"date":"2016-03-31T11:41:08","date_gmt":"2016-03-31T11:41:08","guid":{"rendered":"https:\/\/agrarias.ufpr.br\/fitotecnia\/?page_id=914"},"modified":"2026-02-04T13:45:27","modified_gmt":"2026-02-04T13:45:27","slug":"adriana-martinelli-seneme","status":"publish","type":"page","link":"https:\/\/agrarias.ufpr.br\/fitotecnia\/adriana-martinelli-seneme\/","title":{"rendered":"Adriana Martinelli Seneme"},"content":{"rendered":"\n<p><del><\/del><del><\/del>Prof. Associado<\/p>\n\n\n\n<p><strong>Forma\u00e7\u00e3o Acad\u00eamica&nbsp;<\/strong><\/p>\n\n\n\n<p>P\u00f3s-Doutorado, UFPR (2003-2005)<\/p>\n\n\n\n<p>Dra. em Agronomia (Agricultura), UNESP (2002)<\/p>\n\n\n\n<p>M.Sc. em Agronomia (Agricultura), UNESP (1998)<\/p>\n\n\n\n<p>Eng. Agr\u00f4noma, UNESP (1995)<\/p>\n\n\n\n<p><strong>\u00c1rea\/Sub-\u00e1rea\/Linha de pesquisa&nbsp;<\/strong><\/p>\n\n\n\n<p>Agricultura\/Armazenamento\/Armazenamento<\/p>\n\n\n\n<p><strong>Disciplinas Ministradas na Gradua\u00e7\u00e3o&nbsp;<\/strong><\/p>\n\n\n\n<p><a href=\"https:\/\/agrarias.ufpr.br\/fitotecnia\/armazenamento-de-produtos-agricolas-af-078\/\">AF 078 &#8211; Armazenamento de Produtos Agr\u00edcolas<\/a><\/p>\n\n\n\n<p><a href=\"https:\/\/agrarias.ufpr.br\/fitotecnia\/estagio-obrigatorio-supervisionado-em-agronomia-agro-001\/\">AGRO 001 &#8211; Est\u00e1gio Obrigat\u00f3rio Supervisionado em Agronomia<\/a><\/p>\n\n\n\n<p><a href=\"https:\/\/agrarias.ufpr.br\/fitotecnia\/introducao-a-pesquisa-em-fitotecnia-af048\/\">AF 048 &#8211; Introdu\u00e7\u00e3o \u00e0 Pesquisa em Fitotecnia&nbsp;(orienta\u00e7\u00e3o)<\/a><\/p>\n\n\n\n<p><strong>Coordena\u00e7\u00e3o de Projetos<\/strong><\/p>\n\n\n\n<p><a href=\"https:\/\/agrarias.ufpr.br\/fitotecnia\/qualidade-e-armazenamento-de-sementes-e-graos-oleos-essenciais-e-produtos-alternativos-no-controle-de-patogenos-e-pragas-2020-2025\/\">Qualidade e armazenamento de sementes e gr\u00e3os. \u00d3leos essenciais e produtos alternativos no controle de pat\u00f3genos e pragas.<\/a><\/p>\n\n\n\n<p><strong>Publica\u00e7\u00f5es<\/strong><\/p>\n\n\n\n<p><strong><a href=\"lattes.cnpq.br\/5407627042290059\"><img loading=\"lazy\" decoding=\"async\" class=\"alignnone wp-image-742\" src=\"https:\/\/agrarias.ufpr.br\/fitotecnia\/wp-content\/uploads\/sites\/26\/2016\/03\/icon_lattes.png\" alt=\"icon_lattes\" width=\"30\" height=\"29\"><\/a>&nbsp;<a href=\"http:\/\/lattes.cnpq.br\/5407627042290059\">Lattes<\/a>&nbsp; &nbsp;<a href=\"https:\/\/www.researchgate.net\/profile\/Adriana_Martinelli-Seneme\"><img loading=\"lazy\" decoding=\"async\" class=\"size-full wp-image-1136 alignnone\" src=\"https:\/\/agrarias.ufpr.br\/fitotecnia\/wp-content\/uploads\/sites\/26\/2016\/03\/apple-touch-icon-180x180-e1459453504744.png\" alt=\"apple-touch-icon-180x180\" width=\"29\" height=\"29\"><\/a>&nbsp;<a href=\"https:\/\/www.researchgate.net\/profile\/Adriana_Martinelli-Seneme\">ResearchGate&nbsp;&nbsp;<\/a><a href=\"https:\/\/orcid.org\/0000-0002-6305-8598\"><img loading=\"lazy\" decoding=\"async\" class=\"alignnone wp-image-4771\" src=\"https:\/\/agrarias.ufpr.br\/fitotecnia\/wp-content\/uploads\/sites\/26\/2021\/02\/unnamed.jpg\" alt=\"\" width=\"93\" height=\"37\" srcset=\"https:\/\/agrarias.ufpr.br\/fitotecnia\/wp-content\/uploads\/sites\/26\/2021\/02\/unnamed.jpg 347w, https:\/\/agrarias.ufpr.br\/fitotecnia\/wp-content\/uploads\/sites\/26\/2021\/02\/unnamed-300x119.jpg 300w, https:\/\/agrarias.ufpr.br\/fitotecnia\/wp-content\/uploads\/sites\/26\/2021\/02\/unnamed-250x99.jpg 250w\" sizes=\"auto, (max-width: 93px) 100vw, 93px\" \/><\/a><\/strong><\/p>\n\n\n\n<p><strong>Contatos<\/strong><\/p>\n\n\n\n<p><img loading=\"lazy\" decoding=\"async\" class=\"wp-image-758 alignnone\" src=\"https:\/\/agrarias.ufpr.br\/fitotecnia\/wp-content\/uploads\/sites\/26\/2016\/03\/telefone.png\" alt=\"telefone\" width=\"22\" height=\"22\" srcset=\"https:\/\/agrarias.ufpr.br\/fitotecnia\/wp-content\/uploads\/sites\/26\/2016\/03\/telefone.png 200w, https:\/\/agrarias.ufpr.br\/fitotecnia\/wp-content\/uploads\/sites\/26\/2016\/03\/telefone-150x150.png 150w\" sizes=\"auto, (max-width: 22px) 100vw, 22px\" \/>+55 (41) 3350-5759<\/p>\n\n\n\n<p><img loading=\"lazy\" decoding=\"async\" class=\"alignnone wp-image-757\" src=\"https:\/\/agrarias.ufpr.br\/fitotecnia\/wp-content\/uploads\/sites\/26\/2016\/03\/email-small-.jpg\" alt=\"email small\" width=\"22\" height=\"22\"> adriana.seneme@ufpr.br&nbsp;\/&nbsp;adriana.seneme@hotmail.com<\/p>\n","protected":false},"excerpt":{"rendered":"<p>Prof. Associado Forma\u00e7\u00e3o Acad\u00eamica&nbsp; P\u00f3s-Doutorado, UFPR (2003-2005) Dra. em Agronomia (Agricultura), UNESP (2002) M.Sc. em Agronomia (Agricultura), UNESP (1998) Eng. Agr\u00f4noma, UNESP (1995) \u00c1rea\/Sub-\u00e1rea\/Linha de pesquisa&nbsp; Agricultura\/Armazenamento\/Armazenamento Disciplinas Ministradas na Gradua\u00e7\u00e3o&nbsp; AF 078 &#8211; Armazenamento de Produtos Agr\u00edcolas AGRO 001 &#8211; Est\u00e1gio Obrigat\u00f3rio Supervisionado em Agronomia AF 048 &#8211; Introdu\u00e7\u00e3o \u00e0 Pesquisa em Fitotecnia&nbsp;(orienta\u00e7\u00e3o) Coordena\u00e7\u00e3o [&hellip;]<\/p>\n","protected":false},"author":3,"featured_media":0,"parent":0,"menu_order":0,"comment_status":"closed","ping_status":"closed","template":"","meta":{"footnotes":""},"class_list":["post-914","page","type-page","status-publish","hentry"],"_links":{"self":[{"href":"https:\/\/agrarias.ufpr.br\/fitotecnia\/wp-json\/wp\/v2\/pages\/914","targetHints":{"allow":["GET"]}}],"collection":[{"href":"https:\/\/agrarias.ufpr.br\/fitotecnia\/wp-json\/wp\/v2\/pages"}],"about":[{"href":"https:\/\/agrarias.ufpr.br\/fitotecnia\/wp-json\/wp\/v2\/types\/page"}],"author":[{"embeddable":true,"href":"https:\/\/agrarias.ufpr.br\/fitotecnia\/wp-json\/wp\/v2\/users\/3"}],"replies":[{"embeddable":true,"href":"https:\/\/agrarias.ufpr.br\/fitotecnia\/wp-json\/wp\/v2\/comments?post=914"}],"version-history":[{"count":41,"href":"https:\/\/agrarias.ufpr.br\/fitotecnia\/wp-json\/wp\/v2\/pages\/914\/revisions"}],"predecessor-version":[{"id":6437,"href":"https:\/\/agrarias.ufpr.br\/fitotecnia\/wp-json\/wp\/v2\/pages\/914\/revisions\/6437"}],"wp:attachment":[{"href":"https:\/\/agrarias.ufpr.br\/fitotecnia\/wp-json\/wp\/v2\/media?parent=914"}],"curies":[{"name":"wp","href":"https:\/\/api.w.org\/{rel}","templated":true}]}}