{"id":813,"date":"2016-03-30T14:32:35","date_gmt":"2016-03-30T14:32:35","guid":{"rendered":"https:\/\/agrarias.ufpr.br\/fitotecnia\/?page_id=813"},"modified":"2025-02-18T17:57:19","modified_gmt":"2025-02-18T17:57:19","slug":"laboratorio-de-analise-de-sementes","status":"publish","type":"page","link":"https:\/\/agrarias.ufpr.br\/fitotecnia\/laboratorio-de-analise-de-sementes\/","title":{"rendered":"Laborat\u00f3rio de An\u00e1lise e Tecnologia de Sementes"},"content":{"rendered":"<p><strong>Interesses de pesquisa<\/strong><\/p>\n<p>Laborat\u00f3rio did\u00e1tico, voltado para o ensino e a pesquisa na \u00e1rea de produ\u00e7\u00e3o e tecnologia de sementes.<\/p>\n<p><strong>Coordenadora<\/strong><\/p>\n<p><a href=\"https:\/\/agrarias.ufpr.br\/fitotecnia\/maristela-panobianco\/\">Maristela Panobianco<\/a><\/p>\n<p><strong>T\u00e9cnica\u00a0<\/strong><\/p>\n<p><a href=\"https:\/\/agrarias.ufpr.br\/fitotecnia\/servidores\/\">Let\u00edcia Gon\u00e7alves Maduro<\/a><\/p>\n<p><strong>Contato<\/strong><\/p>\n<p><b><img loading=\"lazy\" decoding=\"async\" class=\"wp-image-758 alignnone\" src=\"https:\/\/agrarias.ufpr.br\/fitotecnia\/wp-content\/uploads\/sites\/26\/2016\/03\/telefone.png\" alt=\"telefone\" width=\"22\" height=\"22\" srcset=\"https:\/\/agrarias.ufpr.br\/fitotecnia\/wp-content\/uploads\/sites\/26\/2016\/03\/telefone.png 200w, https:\/\/agrarias.ufpr.br\/fitotecnia\/wp-content\/uploads\/sites\/26\/2016\/03\/telefone-150x150.png 150w\" sizes=\"auto, (max-width: 22px) 100vw, 22px\" \/>\u00a0<\/b>+55<b>\u00a0<\/b>(41) 3350-5714<\/p>\n<p style=\"text-align: center\"><strong>Fotos<\/strong><\/p>\n<p>[Best_Wordpress_Gallery id=&#8221;3&#8243; gal_title=&#8221;Sementes&#8221;]<\/p>\n","protected":false},"excerpt":{"rendered":"<p>Interesses de pesquisa Laborat\u00f3rio did\u00e1tico, voltado para o ensino e a pesquisa na \u00e1rea de produ\u00e7\u00e3o e tecnologia de sementes. Coordenadora Maristela Panobianco T\u00e9cnica\u00a0 Let\u00edcia Gon\u00e7alves Maduro Contato \u00a0+55\u00a0(41) 3350-5714 Fotos [Best_Wordpress_Gallery id=&#8221;3&#8243; gal_title=&#8221;Sementes&#8221;]<\/p>\n","protected":false},"author":3,"featured_media":0,"parent":0,"menu_order":0,"comment_status":"closed","ping_status":"closed","template":"","meta":{"footnotes":""},"class_list":["post-813","page","type-page","status-publish","hentry"],"_links":{"self":[{"href":"https:\/\/agrarias.ufpr.br\/fitotecnia\/wp-json\/wp\/v2\/pages\/813","targetHints":{"allow":["GET"]}}],"collection":[{"href":"https:\/\/agrarias.ufpr.br\/fitotecnia\/wp-json\/wp\/v2\/pages"}],"about":[{"href":"https:\/\/agrarias.ufpr.br\/fitotecnia\/wp-json\/wp\/v2\/types\/page"}],"author":[{"embeddable":true,"href":"https:\/\/agrarias.ufpr.br\/fitotecnia\/wp-json\/wp\/v2\/users\/3"}],"replies":[{"embeddable":true,"href":"https:\/\/agrarias.ufpr.br\/fitotecnia\/wp-json\/wp\/v2\/comments?post=813"}],"version-history":[{"count":28,"href":"https:\/\/agrarias.ufpr.br\/fitotecnia\/wp-json\/wp\/v2\/pages\/813\/revisions"}],"predecessor-version":[{"id":6008,"href":"https:\/\/agrarias.ufpr.br\/fitotecnia\/wp-json\/wp\/v2\/pages\/813\/revisions\/6008"}],"wp:attachment":[{"href":"https:\/\/agrarias.ufpr.br\/fitotecnia\/wp-json\/wp\/v2\/media?parent=813"}],"curies":[{"name":"wp","href":"https:\/\/api.w.org\/{rel}","templated":true}]}}