{"id":780,"date":"2016-03-30T14:01:51","date_gmt":"2016-03-30T14:01:51","guid":{"rendered":"https:\/\/agrarias.ufpr.br\/fitotecnia\/?page_id=780"},"modified":"2016-11-30T15:14:09","modified_gmt":"2016-11-30T15:14:09","slug":"nematologia-agricola-af-061","status":"publish","type":"page","link":"https:\/\/agrarias.ufpr.br\/fitotecnia\/nematologia-agricola-af-061\/","title":{"rendered":"Nematologia Agr\u00edcola &#8211; AF 061"},"content":{"rendered":"<p><strong>Curso<\/strong><\/p>\n<p>Agronomia<\/p>\n<p><strong>Ementa<\/strong><\/p>\n<p>Introdu\u00e7\u00e3o \u00e0 Nematologia. Anatomia e morfologia de fitonematoides. Aspectos biol\u00f3gicos e ecol\u00f3gicos dos fitonematoides. Principais g\u00eaneros de fitonematoides de interesse agr\u00edcola. Medidas de controle.<\/p>\n<p><strong>Natureza<\/strong><\/p>\n<p>Optativa<\/p>\n<p><strong>Carga hor\u00e1ria<\/strong><\/p>\n<p>30 horas<\/p>\n<p><strong>Semestre<\/strong><\/p>\n<p>2\u00ba<\/p>\n<p><strong>Dia\/Hor\u00e1rio<\/strong><\/p>\n<p>Quinta-Feira \/ 13:30 \u2013 15:30 horas<\/p>\n<p><strong>Docente<\/strong><\/p>\n<p><a href=\"https:\/\/agrarias.ufpr.br\/fitotecnia\/henrique-da-silva-silveira-duarte\/\">Henrique da Silva Silveira Duarte<\/a><\/p>\n","protected":false},"excerpt":{"rendered":"<p>Curso Agronomia Ementa Introdu\u00e7\u00e3o \u00e0 Nematologia. Anatomia e morfologia de fitonematoides. Aspectos biol\u00f3gicos e ecol\u00f3gicos dos fitonematoides. Principais g\u00eaneros de fitonematoides de interesse agr\u00edcola. Medidas de controle. Natureza Optativa Carga hor\u00e1ria 30 horas Semestre 2\u00ba Dia\/Hor\u00e1rio Quinta-Feira \/ 13:30 \u2013 15:30 horas Docente Henrique da Silva Silveira Duarte<\/p>\n","protected":false},"author":3,"featured_media":0,"parent":0,"menu_order":0,"comment_status":"closed","ping_status":"closed","template":"","meta":{"footnotes":""},"class_list":["post-780","page","type-page","status-publish","hentry"],"_links":{"self":[{"href":"https:\/\/agrarias.ufpr.br\/fitotecnia\/wp-json\/wp\/v2\/pages\/780","targetHints":{"allow":["GET"]}}],"collection":[{"href":"https:\/\/agrarias.ufpr.br\/fitotecnia\/wp-json\/wp\/v2\/pages"}],"about":[{"href":"https:\/\/agrarias.ufpr.br\/fitotecnia\/wp-json\/wp\/v2\/types\/page"}],"author":[{"embeddable":true,"href":"https:\/\/agrarias.ufpr.br\/fitotecnia\/wp-json\/wp\/v2\/users\/3"}],"replies":[{"embeddable":true,"href":"https:\/\/agrarias.ufpr.br\/fitotecnia\/wp-json\/wp\/v2\/comments?post=780"}],"version-history":[{"count":8,"href":"https:\/\/agrarias.ufpr.br\/fitotecnia\/wp-json\/wp\/v2\/pages\/780\/revisions"}],"predecessor-version":[{"id":3584,"href":"https:\/\/agrarias.ufpr.br\/fitotecnia\/wp-json\/wp\/v2\/pages\/780\/revisions\/3584"}],"wp:attachment":[{"href":"https:\/\/agrarias.ufpr.br\/fitotecnia\/wp-json\/wp\/v2\/media?parent=780"}],"curies":[{"name":"wp","href":"https:\/\/api.w.org\/{rel}","templated":true}]}}