{"id":776,"date":"2016-03-30T13:53:47","date_gmt":"2016-03-30T13:53:47","guid":{"rendered":"https:\/\/agrarias.ufpr.br\/fitotecnia\/?page_id=776"},"modified":"2023-02-13T12:39:47","modified_gmt":"2023-02-13T12:39:47","slug":"fitossanidade-florestal-af-058","status":"publish","type":"page","link":"https:\/\/agrarias.ufpr.br\/fitotecnia\/fitossanidade-florestal-af-058\/","title":{"rendered":"Patologia Florestal &#8211; AF 416"},"content":{"rendered":"<p><strong>Curso<\/strong><\/p>\n<p>Engenharia Florestal<\/p>\n<p><strong>Ementa<\/strong><\/p>\n<p style=\"text-align: justify\">Hist\u00f3ria da Fitopatologia e Patologia Florestal. Etiologia de doen\u00e7as de plantas. Fungos fitopatog\u00eanicos. Bact\u00e9rias fitopatog\u00eanicas. Sintomatologia e diagnose de doen\u00e7as de plantas. Ciclo das rela\u00e7\u00f5es pat\u00f3geno-hospedeiro. Epidemiologia de doen\u00e7as de plantas. Princ\u00edpios de controle de doen\u00e7as de plantas. Controle de doen\u00e7as de plantas Doen\u00e7as em eucalipto nos viveiros, jardins clonais e campo. Doen\u00e7as em seringueira, cacaueiro, con\u00edferas, teca e ip\u00ea. Doen\u00e7as causadas por agentes abi\u00f3ticos. Preparo de c\u00e2mara \u00famida e t\u00e9cnicas de isolamento de microrganismos. T\u00e9cnicas para confec\u00e7\u00e3o de l\u00e2minas. Teste de sanidade de sementes (Blotter).<\/p>\n<p><strong>Natureza<\/strong><\/p>\n<p>Obrigat\u00f3ria<\/p>\n<p><strong>Carga hor\u00e1ria<\/strong><\/p>\n<p>60 horas<\/p>\n<p><strong>Semestre<\/strong><\/p>\n<p>1\u00ba e 2\u00ba<\/p>\n<p><strong>Dia\/Hor\u00e1rio<\/strong><\/p>\n<p>Segunda-feira \/ 13:30 &#8211; 17:30 horas<\/p>\n<p><strong>Docente<\/strong><\/p>\n<p><a href=\"https:\/\/agrarias.ufpr.br\/fitotecnia\/henrique-da-silva-silveira-duarte\/\">Henrique da Silva Silveira Duarte<\/a><\/p>\n<p><strong>Link para acesso ao material did\u00e1tico<\/strong><\/p>\n<p><a href=\"http:\/\/www.nucleoestudo.ufla.br\/nefit\/livros\/livro-2013.pdf\">http:\/\/www.nucleoestudo.ufla.br\/nefit\/livros\/livro-2013.pdf<\/a><\/p>\n","protected":false},"excerpt":{"rendered":"<p>Curso Engenharia Florestal Ementa Hist\u00f3ria da Fitopatologia e Patologia Florestal. Etiologia de doen\u00e7as de plantas. Fungos fitopatog\u00eanicos. Bact\u00e9rias fitopatog\u00eanicas. Sintomatologia e diagnose de doen\u00e7as de plantas. Ciclo das rela\u00e7\u00f5es pat\u00f3geno-hospedeiro. Epidemiologia de doen\u00e7as de plantas. Princ\u00edpios de controle de doen\u00e7as de plantas. Controle de doen\u00e7as de plantas Doen\u00e7as em eucalipto nos viveiros, jardins clonais e [&hellip;]<\/p>\n","protected":false},"author":3,"featured_media":0,"parent":0,"menu_order":0,"comment_status":"closed","ping_status":"closed","template":"","meta":{"footnotes":""},"class_list":["post-776","page","type-page","status-publish","hentry"],"_links":{"self":[{"href":"https:\/\/agrarias.ufpr.br\/fitotecnia\/wp-json\/wp\/v2\/pages\/776","targetHints":{"allow":["GET"]}}],"collection":[{"href":"https:\/\/agrarias.ufpr.br\/fitotecnia\/wp-json\/wp\/v2\/pages"}],"about":[{"href":"https:\/\/agrarias.ufpr.br\/fitotecnia\/wp-json\/wp\/v2\/types\/page"}],"author":[{"embeddable":true,"href":"https:\/\/agrarias.ufpr.br\/fitotecnia\/wp-json\/wp\/v2\/users\/3"}],"replies":[{"embeddable":true,"href":"https:\/\/agrarias.ufpr.br\/fitotecnia\/wp-json\/wp\/v2\/comments?post=776"}],"version-history":[{"count":15,"href":"https:\/\/agrarias.ufpr.br\/fitotecnia\/wp-json\/wp\/v2\/pages\/776\/revisions"}],"predecessor-version":[{"id":5757,"href":"https:\/\/agrarias.ufpr.br\/fitotecnia\/wp-json\/wp\/v2\/pages\/776\/revisions\/5757"}],"wp:attachment":[{"href":"https:\/\/agrarias.ufpr.br\/fitotecnia\/wp-json\/wp\/v2\/media?parent=776"}],"curies":[{"name":"wp","href":"https:\/\/api.w.org\/{rel}","templated":true}]}}