{"id":741,"date":"2016-03-30T12:59:14","date_gmt":"2016-03-30T12:59:14","guid":{"rendered":"https:\/\/agrarias.ufpr.br\/fitotecnia\/?page_id=741"},"modified":"2026-03-24T16:28:51","modified_gmt":"2026-03-24T19:28:51","slug":"henrique-da-silva-silveira-duarte","status":"publish","type":"page","link":"https:\/\/agrarias.ufpr.br\/fitotecnia\/henrique-da-silva-silveira-duarte\/","title":{"rendered":"Henrique da Silva Silveira Duarte"},"content":{"rendered":"<p>Prof. Associado<\/p>\n<p><strong>Forma\u00e7\u00e3o Acad\u00eamica<\/strong><\/p>\n<p>P\u00f3s-Doutorado, UFV (2013-2014)<\/p>\n<p>Dr. em Fitopatologia, UFV (2012)<\/p>\n<p>M.Sc. em Fitopatologia, UFV (2009)<\/p>\n<p>Eng. Agr\u00f4nomo, UFV (2007)<\/p>\n<p><strong>\u00c1rea\/Sub-\u00e1rea\/Linha de pesquisa<\/strong><\/p>\n<p>Fitossanidade<b>\/<\/b>Fitopatologia\/Epidemiologia e Controle de Doen\u00e7as de Plantas<\/p>\n<p><strong>Disciplinas Ministradas na Gradua\u00e7\u00e3o\u00a0<\/strong><\/p>\n<p><a href=\"https:\/\/agrarias.ufpr.br\/fitotecnia\/fitossanidade-florestal-af-058\/\">AF 416 &#8211; Patologia Florestal\u00a0<\/a><\/p>\n<p><a href=\"https:\/\/agrarias.ufpr.br\/fitotecnia\/nematologia-agricola-af-061\/\">AF 061 &#8211; Nematologia Agr\u00edcola<\/a><\/p>\n<p><a href=\"https:\/\/agrarias.ufpr.br\/fitotecnia\/estagio-obrigatorio-supervisionado-em-agronomia-agro-001\/\">AGRO 001 &#8211; Est\u00e1gio Obrigat\u00f3rio Supervisionado em Agronomia<\/a><\/p>\n<p><a href=\"https:\/\/agrarias.ufpr.br\/fitotecnia\/introducao-a-pesquisa-em-fitopatologia-af050\/\">AF 050 \u2013 Introdu\u00e7\u00e3o \u00e0 Pesquisa em Fitopatologia\u00a0(orienta\u00e7\u00e3o)<\/a><\/p>\n<p><strong>Disciplinas Ministradas na P\u00f3s-Gradua\u00e7\u00e3o<\/strong><\/p>\n<p><a href=\"https:\/\/agrarias.ufpr.br\/pgapv\/apv-7004-diagnose-de-doencas-de-plantas\/\">AGRO 7005 \u2013 Diagnose de Doen\u00e7as de Plantas<\/a><\/p>\n<p class=\"Normal_Web_ tm6\"><a href=\"https:\/\/agrarias.ufpr.br\/pgapv\/agro-7027-pratica-docente-i\/\"><span class=\"tm7\">AGRO 7027 \u2013 Pr\u00e1tica Docente I<\/span><\/a><\/p>\n<p class=\"Normal_Web_ tm6\"><a href=\"https:\/\/agrarias.ufpr.br\/pgapv\/agro7028-pratica-docente-ii\/\"><span class=\"tm7\">AGRO 7028 \u2013 Pr\u00e1tica Docente II\u00a0<\/span><\/a><\/p>\n<p><a href=\"https:\/\/agrarias.ufpr.br\/pgapv\/agentes-causais-de-doencas-de-plantas\/\">AGRO 7041 \u2013 Agentes Causais de Doen\u00e7as de Plantas<\/a><\/p>\n<p><strong>Coordena\u00e7\u00e3o de Projetos<\/strong><\/p>\n<p><a href=\"https:\/\/agrarias.ufpr.br\/fitotecnia\/cogumelos-no-controle-alternativo-de-meloidogyne-incognita-em-tomateiro\/\">Estudos sobre medidas de controle para nematoides de plantas cultivadas<\/a><\/p>\n<p><a href=\"https:\/\/agrarias.ufpr.br\/fitotecnia\/%ef%82%a7titulo-elaboracao-validacao-de-escalas-diagramaticas-e-estudos-de-monociclo-em-frutiferas-e-efeito-de-diferentes-sistemas-de-conducao-e-periodos-de-cultivo-na-intensidade-de-doencas-do-mar\/\">Fitopatometria e estudos sobre medidas de controle de doen\u00e7as de plantas<\/a><\/p>\n<p><strong>Laborat\u00f3rios\/Unidade de Apoio\u00a0<\/strong><\/p>\n<p><a href=\"https:\/\/agrarias.ufpr.br\/fitotecnia\/laboratorio-de-epidemiologia-para-manejo-integrado-de-doenca-lemid-1\/\">Laborat\u00f3rio de Epidemiologia para Manejo Integrado de Doen\u00e7a (LEMID 1)<\/a><\/p>\n<p><a href=\"https:\/\/agrarias.ufpr.br\/fitotecnia\/laboratorio-de-epidemiologia-para-manejo-integrado-de-doenca-lemid-2\/\">Laborat\u00f3rio de Epidemiologia para Manejo Integrado de Doen\u00e7a (LEMID 2)<\/a><\/p>\n<p><a href=\"https:\/\/agrarias.ufpr.br\/fitotecnia\/laboratorio-de-fitopatologia\/\">Laborat\u00f3rio de Fitopatologia<\/a><\/p>\n<p><a href=\"https:\/\/agrarias.ufpr.br\/fitotecnia\/area-experimental-doencas-em-grandes-culturas\/\">\u00c1rea Experimental Doen\u00e7as em Grandes Culturas<\/a><\/p>\n<p><strong>Publica\u00e7\u00f5es<\/strong><\/p>\n<p><strong><a href=\"http:\/\/buscatextual.cnpq.br\/buscatextual\/visualizacv.do?id=K4759559P2\"><img loading=\"lazy\" decoding=\"async\" class=\"alignnone wp-image-742\" src=\"https:\/\/agrarias.ufpr.br\/fitotecnia\/wp-content\/uploads\/sites\/26\/2016\/03\/icon_lattes.png\" alt=\"icon_lattes\" width=\"30\" height=\"29\" \/><\/a>\u00a0<a href=\"http:\/\/buscatextual.cnpq.br\/buscatextual\/visualizacv.do?id=K4759559P2\">Lattes<\/a>\u00a0\u00a0<a href=\"https:\/\/www.researchgate.net\/profile\/Henrique_Duarte3\"><img loading=\"lazy\" decoding=\"async\" class=\"alignnone wp-image-1136 size-full\" src=\"https:\/\/agrarias.ufpr.br\/fitotecnia\/wp-content\/uploads\/sites\/26\/2016\/03\/apple-touch-icon-180x180-e1459453504744.png\" alt=\"apple-touch-icon-180x180\" width=\"29\" height=\"29\" \/><\/a>\u00a0<a href=\"https:\/\/www.researchgate.net\/profile\/Henrique_Duarte3\">Research Gate\u00a0\u00a0<\/a><a href=\"https:\/\/orcid.org\/0000-0002-8128-5428\"><img loading=\"lazy\" decoding=\"async\" class=\"alignnone wp-image-4780\" src=\"https:\/\/agrarias.ufpr.br\/fitotecnia\/wp-content\/uploads\/sites\/26\/2021\/02\/unnamed-1.jpg\" alt=\"\" width=\"93\" height=\"37\" srcset=\"https:\/\/agrarias.ufpr.br\/fitotecnia\/wp-content\/uploads\/sites\/26\/2021\/02\/unnamed-1.jpg 347w, https:\/\/agrarias.ufpr.br\/fitotecnia\/wp-content\/uploads\/sites\/26\/2021\/02\/unnamed-1-300x119.jpg 300w, https:\/\/agrarias.ufpr.br\/fitotecnia\/wp-content\/uploads\/sites\/26\/2021\/02\/unnamed-1-250x99.jpg 250w\" sizes=\"auto, (max-width: 93px) 100vw, 93px\" \/><\/a><\/strong><\/p>\n<p><strong>Contatos<\/strong><\/p>\n<p><img loading=\"lazy\" decoding=\"async\" class=\"wp-image-758 alignnone\" src=\"https:\/\/agrarias.ufpr.br\/fitotecnia\/wp-content\/uploads\/sites\/26\/2016\/03\/telefone.png\" alt=\"telefone\" width=\"22\" height=\"22\" srcset=\"https:\/\/agrarias.ufpr.br\/fitotecnia\/wp-content\/uploads\/sites\/26\/2016\/03\/telefone.png 200w, https:\/\/agrarias.ufpr.br\/fitotecnia\/wp-content\/uploads\/sites\/26\/2016\/03\/telefone-150x150.png 150w\" sizes=\"auto, (max-width: 22px) 100vw, 22px\" \/> +55 (41) 3350-5684<\/p>\n<p><img loading=\"lazy\" decoding=\"async\" class=\"alignnone wp-image-757\" src=\"https:\/\/agrarias.ufpr.br\/fitotecnia\/wp-content\/uploads\/sites\/26\/2016\/03\/email-small-.jpg\" alt=\"email small\" width=\"22\" height=\"22\" \/> henriqueduarte@ufpr.br\/henrique.duarte49@gmail.com<\/p>\n","protected":false},"excerpt":{"rendered":"<p>Prof. Associado Forma\u00e7\u00e3o Acad\u00eamica P\u00f3s-Doutorado, UFV (2013-2014) Dr. em Fitopatologia, UFV (2012) M.Sc. em Fitopatologia, UFV (2009) Eng. Agr\u00f4nomo, UFV (2007) \u00c1rea\/Sub-\u00e1rea\/Linha de pesquisa Fitossanidade\/Fitopatologia\/Epidemiologia e Controle de Doen\u00e7as de Plantas Disciplinas Ministradas na Gradua\u00e7\u00e3o\u00a0 AF 416 &#8211; Patologia Florestal\u00a0 AF 061 &#8211; Nematologia Agr\u00edcola AGRO 001 &#8211; Est\u00e1gio Obrigat\u00f3rio Supervisionado em Agronomia AF 050 [&hellip;]<\/p>\n","protected":false},"author":3,"featured_media":0,"parent":0,"menu_order":0,"comment_status":"closed","ping_status":"closed","template":"","meta":{"footnotes":""},"class_list":["post-741","page","type-page","status-publish","hentry"],"_links":{"self":[{"href":"https:\/\/agrarias.ufpr.br\/fitotecnia\/wp-json\/wp\/v2\/pages\/741","targetHints":{"allow":["GET"]}}],"collection":[{"href":"https:\/\/agrarias.ufpr.br\/fitotecnia\/wp-json\/wp\/v2\/pages"}],"about":[{"href":"https:\/\/agrarias.ufpr.br\/fitotecnia\/wp-json\/wp\/v2\/types\/page"}],"author":[{"embeddable":true,"href":"https:\/\/agrarias.ufpr.br\/fitotecnia\/wp-json\/wp\/v2\/users\/3"}],"replies":[{"embeddable":true,"href":"https:\/\/agrarias.ufpr.br\/fitotecnia\/wp-json\/wp\/v2\/comments?post=741"}],"version-history":[{"count":67,"href":"https:\/\/agrarias.ufpr.br\/fitotecnia\/wp-json\/wp\/v2\/pages\/741\/revisions"}],"predecessor-version":[{"id":6686,"href":"https:\/\/agrarias.ufpr.br\/fitotecnia\/wp-json\/wp\/v2\/pages\/741\/revisions\/6686"}],"wp:attachment":[{"href":"https:\/\/agrarias.ufpr.br\/fitotecnia\/wp-json\/wp\/v2\/media?parent=741"}],"curies":[{"name":"wp","href":"https:\/\/api.w.org\/{rel}","templated":true}]}}