{"id":684,"date":"2016-03-23T14:03:20","date_gmt":"2016-03-23T14:03:20","guid":{"rendered":"https:\/\/agrarias.ufpr.br\/fitotecnia\/?page_id=684"},"modified":"2026-02-03T19:55:39","modified_gmt":"2026-02-03T19:55:39","slug":"extrensao","status":"publish","type":"page","link":"https:\/\/agrarias.ufpr.br\/fitotecnia\/extrensao\/","title":{"rendered":"Projetos"},"content":{"rendered":"\n<p><strong><a href=\"https:\/\/agrarias.ufpr.br\/fitotecnia\/apoio-a-viabilizacao-de-pagamentos-por-servicos-ambientais-e-outros-incentivos-aos-proprietarios-das-rppn-no-estado-do-parana\/\">Apoio a viabiliza\u00e7\u00e3o de Pagamentos por Servi\u00e7os Ambientais e outros incentivos aos propriet\u00e1rios das RPPN no Estado do Paran\u00e1<\/a><\/strong><\/p>\n\n\n\n<p><strong><a href=\"https:\/\/agrarias.ufpr.br\/fitotecnia\/colhendo-bons-frutos\/\">Colhendo Bons Frutos<\/a><\/strong><\/p>\n\n\n\n<p><strong><a href=\"https:\/\/agrarias.ufpr.br\/fitotecnia\/manejo-de-doencas-em-producao-integrada-das-culturas-de-morangueiro-cana-e-em-sistemas-integrados-de-lavoura-e-pecuaria\/\">Manejo de doen\u00e7as em produ\u00e7\u00e3o integrada das culturas de morangueiro, cana e em sistemas integrados de lavoura e pecu\u00e1ria<\/a><\/strong><\/p>\n\n\n\n<p><strong><a href=\"https:\/\/agrarias.ufpr.br\/fitotecnia\/monitoramento-de-moscas-das-frutas-e-himenopteros-em-pomares-de-ponkan-no-municipio-de-cerro-azul-pr\/\">Monitoramento de moscas-das-frutas e himen\u00f3pteros em pomares de ponkan no munic\u00edpio de Cerro Azul, PR<\/a><\/strong><\/p>\n\n\n\n<p>Plantas daninhas e herbicidas no Paran\u00e1: caracteriza\u00e7\u00e3o e manejo<\/p>\n\n\n\n<p><strong><a href=\"https:\/\/agrarias.ufpr.br\/fitotecnia\/producao-integrada-de-sistemas-agropecuarios\/\">Produ\u00e7\u00e3o Integrada de Sistemas Agropecu\u00e1rios<\/a><\/strong><\/p>\n\n\n\n<p><strong><a href=\"https:\/\/agrarias.ufpr.br\/fitotecnia\/programa-de-extensao-de-cana-de-acucar-e-derivados\/\">Programa de extens\u00e3o de cana-de a\u00e7\u00facar e derivados<\/a><\/strong><\/p>\n\n\n\n<p>Projeto de Extens\u00e3o Centro de Ensino, Pesquisa e Extens\u00e3o em Agroecologia (CEPEA-UFPR)<\/p>\n\n\n\n<p><strong><a href=\"https:\/\/agrarias.ufpr.br\/fitotecnia\/semeia_agro-ufpr\/\">Projeto de Extens\u00e3o Semeia_Agro\/UFPR<\/a><\/strong><\/p>\n\n\n\n<p><strong><a href=\"https:\/\/agrarias.ufpr.br\/fitotecnia\/projeto-producao-integrada-de-frutiferas\/\">Projeto Produ\u00e7\u00e3o Integrada de frut\u00edferas<\/a><\/strong><\/p>\n\n\n\n<p><strong><a href=\"https:\/\/agrarias.ufpr.br\/fitotecnia\/sistema-integrado-da-producao-agropecuaria-promocao-da-sustentabilidade-atraves-de-uma-agricultura-conservacionista\/\">Sistema integrado da produ\u00e7\u00e3o agropecu\u00e1ria: promo\u00e7\u00e3o da sustentabilidade atrav\u00e9s de uma agricultura conservacionista<\/a><\/strong><\/p>\n","protected":false},"excerpt":{"rendered":"<p>Apoio a viabiliza\u00e7\u00e3o de Pagamentos por Servi\u00e7os Ambientais e outros incentivos aos propriet\u00e1rios das RPPN no Estado do Paran\u00e1 Colhendo Bons Frutos Manejo de doen\u00e7as em produ\u00e7\u00e3o integrada das culturas de morangueiro, cana e em sistemas integrados de lavoura e pecu\u00e1ria Monitoramento de moscas-das-frutas e himen\u00f3pteros em pomares de ponkan no munic\u00edpio de Cerro Azul, [&hellip;]<\/p>\n","protected":false},"author":3,"featured_media":0,"parent":0,"menu_order":0,"comment_status":"closed","ping_status":"closed","template":"","meta":{"footnotes":""},"class_list":["post-684","page","type-page","status-publish","hentry"],"_links":{"self":[{"href":"https:\/\/agrarias.ufpr.br\/fitotecnia\/wp-json\/wp\/v2\/pages\/684","targetHints":{"allow":["GET"]}}],"collection":[{"href":"https:\/\/agrarias.ufpr.br\/fitotecnia\/wp-json\/wp\/v2\/pages"}],"about":[{"href":"https:\/\/agrarias.ufpr.br\/fitotecnia\/wp-json\/wp\/v2\/types\/page"}],"author":[{"embeddable":true,"href":"https:\/\/agrarias.ufpr.br\/fitotecnia\/wp-json\/wp\/v2\/users\/3"}],"replies":[{"embeddable":true,"href":"https:\/\/agrarias.ufpr.br\/fitotecnia\/wp-json\/wp\/v2\/comments?post=684"}],"version-history":[{"count":37,"href":"https:\/\/agrarias.ufpr.br\/fitotecnia\/wp-json\/wp\/v2\/pages\/684\/revisions"}],"predecessor-version":[{"id":6435,"href":"https:\/\/agrarias.ufpr.br\/fitotecnia\/wp-json\/wp\/v2\/pages\/684\/revisions\/6435"}],"wp:attachment":[{"href":"https:\/\/agrarias.ufpr.br\/fitotecnia\/wp-json\/wp\/v2\/media?parent=684"}],"curies":[{"name":"wp","href":"https:\/\/api.w.org\/{rel}","templated":true}]}}