{"id":64,"date":"2015-10-02T14:22:21","date_gmt":"2015-10-02T14:22:21","guid":{"rendered":"http:\/\/localhost\/agronomia\/?page_id=64"},"modified":"2015-10-02T14:22:21","modified_gmt":"2015-10-02T14:22:21","slug":"formularios","status":"publish","type":"page","link":"https:\/\/agrarias.ufpr.br\/fitotecnia\/formularios\/","title":{"rendered":"Formul\u00e1rios"},"content":{"rendered":"<p><a href=\"http:\/\/localhost\/agronomia\/wp-content\/uploads\/sites\/24\/2015\/10\/FORMUL\u00c1RIO-DE-SOLICITA\u00c7\u00c3O-DE-EXAME-DE-APROV-CONHECIMENTO.pdf\">Exame de Aproveitamento de Conhecimento<\/a><\/p>\n<p>Para alunos que reprovaram na disciplina por nota e obtiveram frequ\u00eancia igual ou superior a 75%. Permitido solicitar o exame uma \u00fanica vez na mesma disciplina. Aluno poder\u00e1 solicitar no m\u00e1ximo dois exames por per\u00edodo acad\u00eamico (semestre\/ano). Entregar na Coordena\u00e7\u00e3o de Curso.\u00a0(Res. n\u00ba 92\/13 \u2013 CEPE). Aten\u00e7\u00e3o ao prazo no calend\u00e1rio acad\u00eamico vigente.<\/p>\n<p>&nbsp;<\/p>\n<p><a href=\"http:\/\/localhost\/agronomia\/wp-content\/uploads\/sites\/24\/2015\/10\/FORMUL\u00c1RIO-PARA-CANCELAMENTO-DE-DISCIPLINA2.pdf\">Cancelamento de Disciplina<\/a><\/p>\n<p>Preencher o requerimento e apresentar na Coordena\u00e7\u00e3o. Aten\u00e7\u00e3o ao prazo do calend\u00e1rio acad\u00eamico vigente.<\/p>\n<p>&nbsp;<\/p>\n<p><a href=\"http:\/\/localhost\/agronomia\/wp-content\/uploads\/sites\/24\/2015\/10\/FORMUL\u00c1RIO-PARA-EQUIVALENCIA-DE-DISCIPLINA-1.pdf\">Equival\u00eancia de Disciplina<\/a><\/p>\n<p>Para uso no ingresso do aluno \u00e0 UFPR ou para cr\u00e9ditos obtidos por meio de conv\u00eanio.\u00a0\u00a0Preencher o requerimento e entregar na Coordena\u00e7\u00e3o de Curso, aten\u00e7\u00e3o \u00e0 documenta\u00e7\u00e3o solicitada.<\/p>\n<p>&nbsp;<\/p>\n<p><a href=\"http:\/\/localhost\/agronomia\/wp-content\/uploads\/sites\/24\/2015\/10\/FORMUL\u00c1RIO-PARA-REQUERIMENTO.pdf\">Requerimento<\/a><\/p>\n<p>Apresentar na Coordena\u00e7\u00e3o do Curso, conforme o assunto do requerimento.<\/p>\n<p>&nbsp;<\/p>\n<p><a href=\"http:\/\/localhost\/agronomia\/wp-content\/uploads\/sites\/24\/2015\/10\/FORMUL\u00c1RIO-PARA-SOLICITA\u00c7\u00c3O-A-INTRODU\u00c7\u00c3O-\u00c0-PESQUISA.pdf\">Introdu\u00e7\u00e3o \u00e0 Pesquisa<\/a><\/p>\n<p>Entregar na Coordena\u00e7\u00e3o do Curso de Agronomia em duas vias, devidamente assinadas, para abertura de turma. O prazo m\u00e1ximo para recebimento ser\u00e1 o \u00faltimo dia do ajuste de matr\u00edcula. N\u00e3o ser\u00e3o aceitas solicita\u00e7\u00f5es fora do prazo.<\/p>\n<p>&nbsp;<\/p>\n<p><a href=\"http:\/\/localhost\/agronomia\/wp-content\/uploads\/sites\/24\/2015\/10\/FORMUL\u00c1RIO-PARA-SOLICITA\u00c7\u00c3O-DE-ADIANTAMENTO-DE-CONHECIMENTO.pdf\">Adiantamento de Conhecimento<\/a><\/p>\n<p>Para alunos que n\u00e3o cursaram a disciplina, mas aleguem possuir dom\u00ednio de conhecimento do conte\u00fado. O requerimento deve acompanhar documentos comprobat\u00f3rios e ser entregue na Coordena\u00e7\u00e3o de Curso.\u00a0(Res. n\u00ba 92\/13 \u2013 CEPE). Aten\u00e7\u00e3o ao prazo no calend\u00e1rio acad\u00eamico vigente.<\/p>\n<p>&nbsp;<\/p>\n<p><a href=\"http:\/\/localhost\/agronomia\/wp-content\/uploads\/sites\/24\/2015\/10\/FORMUL\u00c1RIO-PARA-SOLICITA\u00c7\u00c3O-DE-PR\u00c9-REQUISITO.pdf\">Dispensa de Pr\u00e9-Requisito<\/a><\/p>\n<p>Nos termos da Resolu\u00e7\u00e3o 63\/10-CEPE, os alunos poder\u00e3o protocolar na Coordena\u00e7\u00e3o do Curso as solicita\u00e7\u00f5es de dispensa de pr\u00e9-requisito e co-requisito de disciplinas at\u00e9 a data definida pela Resolu\u00e7\u00e3o 63\/10-CEPE, os alunos poder\u00e3o protocolar na Coordena\u00e7\u00e3o do Curso as solicita\u00e7\u00f5es de dispensa de pr\u00e9-requisito e co-requisito de disciplinas at\u00e9 a data definida pelo calend\u00e1rio acad\u00eamico vigente.<\/p>\n<p>&nbsp;<\/p>\n<p><a href=\"http:\/\/localhost\/agronomia\/wp-content\/uploads\/sites\/24\/2015\/10\/13-Termo-de-Op\u00e7\u00e3o.pdf\">Termo de Op\u00e7\u00e3o de Curr\u00edculo do Curso de Agronomia<\/a><\/p>\n<p>Para alunos que optem pelo enquadramento de um curr\u00edculo do seu curso.<\/p>\n<p>&nbsp;<\/p>\n<p><a href=\"http:\/\/localhost\/agronomia\/wp-content\/uploads\/sites\/24\/2015\/10\/Trancamento-do-Curso.pdf\">Trancamento do Curso<\/a><\/p>\n<p>Preencher o requerimento e apresentar na Coordena\u00e7\u00e3o. (Res 37\/97 \u2013 CEPE, arts. 61 a 64). Aten\u00e7\u00e3o ao prazo do calend\u00e1rio acad\u00eamico vigente.<\/p>\n<p>&nbsp;<\/p>\n<p><a href=\"http:\/\/localhost\/agronomia\/wp-content\/uploads\/sites\/24\/2015\/10\/Disciplina-Eletiva.pdf\">Disciplina Eletiva <\/a><\/p>\n<p>Para alunos da UFPR. No requerimento deve constar carimbo e assinatura do chefe de Departamento, bem como do Coordenador de Curso, ap\u00f3s entregar no NAA. Solicita\u00e7\u00e3o m\u00e1xima de tr\u00eas disciplinas. (Res. 37\/97 \u2013 CEPE, arts. 55 a 59). Aten\u00e7\u00e3o ao prazo no calend\u00e1rio acad\u00eamico vigente.<\/p>\n<p>&nbsp;<\/p>\n<p><a href=\"http:\/\/localhost\/agronomia\/wp-content\/uploads\/sites\/24\/2015\/10\/Disciplina-Isolada.pdf\">Disciplina Isolada<\/a><\/p>\n<p>Pessoas n\u00e3o integrantes do corpo discente regular da UFPR, com Ensino M\u00e9dio conclu\u00eddo. Preencher o requerimento constando carimbo de assinatura do Chefe do Departamento, ap\u00f3s entregar no NAA com c\u00f3pia do RG, CPF e comprovante de conclus\u00e3o do ensino m\u00e9dio. Solicita\u00e7\u00e3o m\u00e1xima de tr\u00eas disciplinas. Aten\u00e7\u00e3o ao prazo no calend\u00e1rio acad\u00eamico vigente.<\/p>\n","protected":false},"excerpt":{"rendered":"<p>Exame de Aproveitamento de Conhecimento Para alunos que reprovaram na disciplina por nota e obtiveram frequ\u00eancia igual ou superior a 75%. Permitido solicitar o exame uma \u00fanica vez na mesma disciplina. Aluno poder\u00e1 solicitar no m\u00e1ximo dois exames por per\u00edodo acad\u00eamico (semestre\/ano). Entregar na Coordena\u00e7\u00e3o de Curso.\u00a0(Res. n\u00ba 92\/13 \u2013 CEPE). Aten\u00e7\u00e3o ao prazo no [&hellip;]<\/p>\n","protected":false},"author":3,"featured_media":0,"parent":0,"menu_order":0,"comment_status":"open","ping_status":"open","template":"","meta":{"footnotes":""},"class_list":["post-64","page","type-page","status-publish","hentry"],"_links":{"self":[{"href":"https:\/\/agrarias.ufpr.br\/fitotecnia\/wp-json\/wp\/v2\/pages\/64","targetHints":{"allow":["GET"]}}],"collection":[{"href":"https:\/\/agrarias.ufpr.br\/fitotecnia\/wp-json\/wp\/v2\/pages"}],"about":[{"href":"https:\/\/agrarias.ufpr.br\/fitotecnia\/wp-json\/wp\/v2\/types\/page"}],"author":[{"embeddable":true,"href":"https:\/\/agrarias.ufpr.br\/fitotecnia\/wp-json\/wp\/v2\/users\/3"}],"replies":[{"embeddable":true,"href":"https:\/\/agrarias.ufpr.br\/fitotecnia\/wp-json\/wp\/v2\/comments?post=64"}],"version-history":[{"count":0,"href":"https:\/\/agrarias.ufpr.br\/fitotecnia\/wp-json\/wp\/v2\/pages\/64\/revisions"}],"wp:attachment":[{"href":"https:\/\/agrarias.ufpr.br\/fitotecnia\/wp-json\/wp\/v2\/media?parent=64"}],"curies":[{"name":"wp","href":"https:\/\/api.w.org\/{rel}","templated":true}]}}