{"id":6162,"date":"2025-07-21T17:41:26","date_gmt":"2025-07-21T17:41:26","guid":{"rendered":"https:\/\/agrarias.ufpr.br\/fitotecnia\/?page_id=6162"},"modified":"2025-07-21T17:41:26","modified_gmt":"2025-07-21T17:41:26","slug":"producao-comercial-de-cogumelos-comestiveis","status":"publish","type":"page","link":"https:\/\/agrarias.ufpr.br\/fitotecnia\/producao-comercial-de-cogumelos-comestiveis\/","title":{"rendered":"Produ\u00e7\u00e3o Comercial de Cogumelos Comest\u00edveis"},"content":{"rendered":"","protected":false},"excerpt":{"rendered":"","protected":false},"author":3,"featured_media":0,"parent":0,"menu_order":0,"comment_status":"closed","ping_status":"closed","template":"","meta":{"footnotes":""},"class_list":["post-6162","page","type-page","status-publish","hentry"],"_links":{"self":[{"href":"https:\/\/agrarias.ufpr.br\/fitotecnia\/wp-json\/wp\/v2\/pages\/6162","targetHints":{"allow":["GET"]}}],"collection":[{"href":"https:\/\/agrarias.ufpr.br\/fitotecnia\/wp-json\/wp\/v2\/pages"}],"about":[{"href":"https:\/\/agrarias.ufpr.br\/fitotecnia\/wp-json\/wp\/v2\/types\/page"}],"author":[{"embeddable":true,"href":"https:\/\/agrarias.ufpr.br\/fitotecnia\/wp-json\/wp\/v2\/users\/3"}],"replies":[{"embeddable":true,"href":"https:\/\/agrarias.ufpr.br\/fitotecnia\/wp-json\/wp\/v2\/comments?post=6162"}],"version-history":[{"count":1,"href":"https:\/\/agrarias.ufpr.br\/fitotecnia\/wp-json\/wp\/v2\/pages\/6162\/revisions"}],"predecessor-version":[{"id":6163,"href":"https:\/\/agrarias.ufpr.br\/fitotecnia\/wp-json\/wp\/v2\/pages\/6162\/revisions\/6163"}],"wp:attachment":[{"href":"https:\/\/agrarias.ufpr.br\/fitotecnia\/wp-json\/wp\/v2\/media?parent=6162"}],"curies":[{"name":"wp","href":"https:\/\/api.w.org\/{rel}","templated":true}]}}