{"id":586,"date":"2016-02-11T14:01:19","date_gmt":"2016-02-11T14:01:19","guid":{"rendered":"http:\/\/localhost\/agronomia\/?page_id=586"},"modified":"2016-02-11T14:01:19","modified_gmt":"2016-02-11T14:01:19","slug":"curriculo-2008-2","status":"publish","type":"page","link":"https:\/\/agrarias.ufpr.br\/fitotecnia\/curriculo-2008-2\/","title":{"rendered":"Curr\u00edculo 2008"},"content":{"rendered":"<p>CONTE\u00daDO PROGRAM\u00c1TICO DAS DISCIPLINAS OBRIGAT\u00d3RIAS<\/p>\n<p><a href=\"http:\/\/localhost\/agronomia\/wp-content\/uploads\/sites\/24\/2016\/02\/1\u00bacompleto.pdf\">1\u00ba PER\u00cdODO<\/a><\/p>\n<p><a href=\"http:\/\/localhost\/agronomia\/wp-content\/uploads\/sites\/24\/2016\/02\/2-periodo-completo.pdf\">2\u00ba PER\u00cdODO<\/a><\/p>\n<p><a href=\"http:\/\/localhost\/agronomia\/wp-content\/uploads\/sites\/24\/2016\/02\/3-periodo-completo.pdf\">3\u00ba PER\u00cdODO<\/a><\/p>\n<p><a href=\"http:\/\/localhost\/agronomia\/wp-content\/uploads\/sites\/24\/2016\/02\/4-periodo-completo.pdf\">4\u00ba PER\u00cdODO<\/a><\/p>\n<p><a href=\"http:\/\/localhost\/agronomia\/wp-content\/uploads\/sites\/24\/2016\/02\/5-periodo-completo.pdf\">5\u00ba PER\u00cdODO<\/a><\/p>\n<p><a href=\"http:\/\/localhost\/agronomia\/wp-content\/uploads\/sites\/24\/2016\/02\/6-periodo-completo.pdf\">6\u00ba PER\u00cdODO<\/a><\/p>\n<p><a href=\"http:\/\/localhost\/agronomia\/wp-content\/uploads\/sites\/24\/2016\/02\/7-periodo-completo.pdf\">7\u00ba PER\u00cdODO<\/a><\/p>\n<p><a href=\"http:\/\/localhost\/agronomia\/wp-content\/uploads\/sites\/24\/2016\/02\/8-periodo-completo.pdf\">8\u00ba PER\u00cdODO<\/a><\/p>\n<p><a href=\"http:\/\/localhost\/agronomia\/wp-content\/uploads\/sites\/24\/2016\/02\/9-periodo-completo.pdf\">9\u00ba PER\u00cdODO<\/a><\/p>\n<p><a href=\"http:\/\/localhost\/agronomia\/wp-content\/uploads\/sites\/24\/2016\/02\/10-periodo-completo.pdf\">10\u00ba PER\u00cdODO<\/a><\/p>\n<p>&nbsp;<\/p>\n<p>CONTE\u00daDO PROGRAM\u00c1TICO DAS DISCIPLINAS OPTATIVAS<\/p>\n<ul>\n<li><a href=\"http:\/\/localhost\/agronomia\/wp-content\/uploads\/sites\/24\/2015\/10\/AE013.pdf\">AE013<\/a><\/li>\n<li><a href=\"http:\/\/localhost\/agronomia\/wp-content\/uploads\/sites\/24\/2015\/10\/AE027.pdf\">AE027<\/a><\/li>\n<li><a href=\"http:\/\/localhost\/agronomia\/wp-content\/uploads\/sites\/24\/2015\/10\/AE034.pdf\">AE034<\/a><\/li>\n<li><a href=\"http:\/\/localhost\/agronomia\/wp-content\/uploads\/sites\/24\/2015\/10\/AE043.pdf\">AE043<\/a><\/li>\n<li><a href=\"http:\/\/localhost\/agronomia\/wp-content\/uploads\/sites\/24\/2015\/10\/AF027.pdf\">AF027<\/a><\/li>\n<li><a href=\"http:\/\/localhost\/agronomia\/wp-content\/uploads\/sites\/24\/2015\/10\/AF048.pdf\">AF048<\/a><\/li>\n<li><a href=\"http:\/\/localhost\/agronomia\/wp-content\/uploads\/sites\/24\/2015\/10\/AF050.pdf\">AF050<\/a><\/li>\n<li><a href=\"http:\/\/localhost\/agronomia\/wp-content\/uploads\/sites\/24\/2015\/10\/AF053.pdf\">AF053<\/a><\/li>\n<li><a href=\"http:\/\/localhost\/agronomia\/wp-content\/uploads\/sites\/24\/2015\/10\/AF055.pdf\">AF055<\/a><\/li>\n<li><a href=\"http:\/\/localhost\/agronomia\/wp-content\/uploads\/sites\/24\/2015\/10\/AF332.pdf\">AF332<\/a><\/li>\n<li><a href=\"http:\/\/localhost\/agronomia\/wp-content\/uploads\/sites\/24\/2015\/10\/AF333.pdf\">AF333<\/a><\/li>\n<li><a href=\"http:\/\/localhost\/agronomia\/wp-content\/uploads\/sites\/24\/2015\/10\/AF336.pdf\">AF336<\/a><\/li>\n<li><a href=\"http:\/\/localhost\/agronomia\/wp-content\/uploads\/sites\/24\/2015\/10\/AL022.pdf\">AL022<\/a><\/li>\n<li><a href=\"http:\/\/localhost\/agronomia\/wp-content\/uploads\/sites\/24\/2015\/10\/AL026.pdf\">AL026<\/a><\/li>\n<li><a href=\"http:\/\/localhost\/agronomia\/wp-content\/uploads\/sites\/24\/2015\/10\/AL034.pdf\">AL034<\/a><\/li>\n<li><a href=\"http:\/\/localhost\/agronomia\/wp-content\/uploads\/sites\/24\/2015\/10\/AL035.pdf\">AL035<\/a><\/li>\n<li><a href=\"http:\/\/localhost\/agronomia\/wp-content\/uploads\/sites\/24\/2015\/10\/AL036.pdf\">AL036<\/a><\/li>\n<li><a href=\"http:\/\/localhost\/agronomia\/wp-content\/uploads\/sites\/24\/2015\/10\/AL037.pdf\">AL037<\/a><\/li>\n<li><a href=\"http:\/\/localhost\/agronomia\/wp-content\/uploads\/sites\/24\/2015\/10\/AL057.pdf\">AL057<\/a><\/li>\n<li><a href=\"http:\/\/localhost\/agronomia\/wp-content\/uploads\/sites\/24\/2015\/10\/AL314.pdf\">AL314<\/a><\/li>\n<li><a href=\"http:\/\/localhost\/agronomia\/wp-content\/uploads\/sites\/24\/2015\/10\/AT045.pdf\">AT045<\/a><\/li>\n<li><a href=\"http:\/\/localhost\/agronomia\/wp-content\/uploads\/sites\/24\/2015\/10\/AT306.pdf\">AT306<\/a><\/li>\n<li><a href=\"http:\/\/localhost\/agronomia\/wp-content\/uploads\/sites\/24\/2015\/10\/AZ011.pdf\">AZ011<\/a><\/li>\n<li><a href=\"http:\/\/localhost\/agronomia\/wp-content\/uploads\/sites\/24\/2015\/10\/AZ012.pdf\">AZ012<\/a><\/li>\n<li><a href=\"http:\/\/localhost\/agronomia\/wp-content\/uploads\/sites\/24\/2015\/10\/AZ015.pdf\">AZ015<\/a><\/li>\n<li><a href=\"http:\/\/localhost\/agronomia\/wp-content\/uploads\/sites\/24\/2015\/10\/AZ016.pdf\">AZ016<\/a><\/li>\n<li><a href=\"http:\/\/localhost\/agronomia\/wp-content\/uploads\/sites\/24\/2015\/10\/AZ017.pdf\">AZ017<\/a><\/li>\n<li><a href=\"http:\/\/localhost\/agronomia\/wp-content\/uploads\/sites\/24\/2015\/10\/AZ018.pdf\">AZ018<\/a><\/li>\n<li><a href=\"http:\/\/localhost\/agronomia\/wp-content\/uploads\/sites\/24\/2015\/10\/AZ019.pdf\">AZ019<\/a><\/li>\n<li><a href=\"http:\/\/localhost\/agronomia\/wp-content\/uploads\/sites\/24\/2015\/10\/AZ026.pdf\">AZ026<\/a><\/li>\n<li><a href=\"http:\/\/localhost\/agronomia\/wp-content\/uploads\/sites\/24\/2015\/10\/AZ310.pdf\">AZ310<\/a><\/li>\n<li><a href=\"http:\/\/localhost\/agronomia\/wp-content\/uploads\/sites\/24\/2015\/10\/BB057.pdf\">BB057<\/a><\/li>\n<li><a href=\"http:\/\/localhost\/agronomia\/wp-content\/uploads\/sites\/24\/2015\/10\/BG010.pdf\">BG010<\/a><\/li>\n<\/ul>\n<p>&nbsp;<\/p>\n<p><a href=\"http:\/\/localhost\/agronomia\/wp-content\/uploads\/sites\/24\/2016\/02\/PERIODIZA\u00c7\u00c3O-2008.doc\">PERIODIZA\u00c7\u00c3O SEMESTRAL<\/a><\/p>\n<p><a href=\"http:\/\/localhost\/agronomia\/wp-content\/uploads\/sites\/24\/2016\/02\/DISCIPLINAS-OBRIGATORIAS-POR-DEPARTAMENTO-2008.doc\">DISCIPLINAS OBRIGAT\u00d3RIAS POR DEPARTAMENTO<\/a><\/p>\n<p><a href=\"http:\/\/localhost\/agronomia\/wp-content\/uploads\/sites\/24\/2016\/02\/DISCIPLINAS-OPTATIVAS-POR-DEPARTAMENTO-2008.doc\">DISCIPLINAS OPTATIVAS POR DEPARTAMENTO<\/a><\/p>\n","protected":false},"excerpt":{"rendered":"<p>CONTE\u00daDO PROGRAM\u00c1TICO DAS DISCIPLINAS OBRIGAT\u00d3RIAS 1\u00ba PER\u00cdODO 2\u00ba PER\u00cdODO 3\u00ba PER\u00cdODO 4\u00ba PER\u00cdODO 5\u00ba PER\u00cdODO 6\u00ba PER\u00cdODO 7\u00ba PER\u00cdODO 8\u00ba PER\u00cdODO 9\u00ba PER\u00cdODO 10\u00ba PER\u00cdODO &nbsp; CONTE\u00daDO PROGRAM\u00c1TICO DAS DISCIPLINAS OPTATIVAS AE013 AE027 AE034 AE043 AF027 AF048 AF050 AF053 AF055 AF332 AF333 AF336 AL022 AL026 AL034 AL035 AL036 AL037 AL057 AL314 AT045 AT306 AZ011 AZ012 [&hellip;]<\/p>\n","protected":false},"author":3,"featured_media":0,"parent":0,"menu_order":0,"comment_status":"closed","ping_status":"closed","template":"","meta":{"footnotes":""},"class_list":["post-586","page","type-page","status-publish","hentry"],"_links":{"self":[{"href":"https:\/\/agrarias.ufpr.br\/fitotecnia\/wp-json\/wp\/v2\/pages\/586","targetHints":{"allow":["GET"]}}],"collection":[{"href":"https:\/\/agrarias.ufpr.br\/fitotecnia\/wp-json\/wp\/v2\/pages"}],"about":[{"href":"https:\/\/agrarias.ufpr.br\/fitotecnia\/wp-json\/wp\/v2\/types\/page"}],"author":[{"embeddable":true,"href":"https:\/\/agrarias.ufpr.br\/fitotecnia\/wp-json\/wp\/v2\/users\/3"}],"replies":[{"embeddable":true,"href":"https:\/\/agrarias.ufpr.br\/fitotecnia\/wp-json\/wp\/v2\/comments?post=586"}],"version-history":[{"count":0,"href":"https:\/\/agrarias.ufpr.br\/fitotecnia\/wp-json\/wp\/v2\/pages\/586\/revisions"}],"wp:attachment":[{"href":"https:\/\/agrarias.ufpr.br\/fitotecnia\/wp-json\/wp\/v2\/media?parent=586"}],"curies":[{"name":"wp","href":"https:\/\/api.w.org\/{rel}","templated":true}]}}