{"id":58,"date":"2015-10-02T13:46:33","date_gmt":"2015-10-02T13:46:33","guid":{"rendered":"http:\/\/localhost\/agronomia\/?page_id=21"},"modified":"2015-10-02T13:46:33","modified_gmt":"2015-10-02T13:46:33","slug":"curriculo-2015","status":"publish","type":"page","link":"https:\/\/agrarias.ufpr.br\/fitotecnia\/curriculo-2015\/","title":{"rendered":"Curr\u00edculo 2015"},"content":{"rendered":"<p><a href=\"http:\/\/localhost\/agronomia\/wp-content\/uploads\/sites\/24\/2015\/10\/EMENTAS-RESUMO-DISCIPLINAS-CURRICULO-2015.pdf\">EMENT\u00c1RIO<\/a><\/p>\n<p><a href=\"http:\/\/localhost\/agronomia\/wp-content\/uploads\/sites\/24\/2015\/10\/PERIODIZA\u00c7\u00c3O-2015.docx\">PERIODIZA\u00c7\u00c3O SEMESTRAL<\/a><\/p>\n<p><a href=\"http:\/\/localhost\/agronomia\/wp-content\/uploads\/sites\/24\/2015\/10\/DISCIPLINAS-OBRIGATORIAS-POR-DEPARTAMENTO-2015.doc\">DISCIPLINAS OBRIGAT\u00d3RIAS POR DEPARTAMENTO<\/a><\/p>\n<p><a href=\"http:\/\/localhost\/agronomia\/wp-content\/uploads\/sites\/24\/2015\/10\/DISCIPLINAS-OPTATIVAS-POR-DEPARTAMENTO-2015.docx\">DISCIPLINAS OPTATIVAS POR DEPARTAMENTO<\/a><\/p>\n<p><a href=\"http:\/\/localhost\/agronomia\/wp-content\/uploads\/sites\/24\/2015\/10\/PPC-AGRONOMIA.pdf\">PROJETO PEDAG\u00d3GICO DO CURSO<\/a><\/p>\n<p>&nbsp;<\/p>\n","protected":false},"excerpt":{"rendered":"<p>EMENT\u00c1RIO PERIODIZA\u00c7\u00c3O SEMESTRAL DISCIPLINAS OBRIGAT\u00d3RIAS POR DEPARTAMENTO DISCIPLINAS OPTATIVAS POR DEPARTAMENTO PROJETO PEDAG\u00d3GICO DO CURSO &nbsp;<\/p>\n","protected":false},"author":3,"featured_media":0,"parent":0,"menu_order":0,"comment_status":"open","ping_status":"open","template":"","meta":{"footnotes":""},"class_list":["post-58","page","type-page","status-publish","hentry"],"_links":{"self":[{"href":"https:\/\/agrarias.ufpr.br\/fitotecnia\/wp-json\/wp\/v2\/pages\/58","targetHints":{"allow":["GET"]}}],"collection":[{"href":"https:\/\/agrarias.ufpr.br\/fitotecnia\/wp-json\/wp\/v2\/pages"}],"about":[{"href":"https:\/\/agrarias.ufpr.br\/fitotecnia\/wp-json\/wp\/v2\/types\/page"}],"author":[{"embeddable":true,"href":"https:\/\/agrarias.ufpr.br\/fitotecnia\/wp-json\/wp\/v2\/users\/3"}],"replies":[{"embeddable":true,"href":"https:\/\/agrarias.ufpr.br\/fitotecnia\/wp-json\/wp\/v2\/comments?post=58"}],"version-history":[{"count":0,"href":"https:\/\/agrarias.ufpr.br\/fitotecnia\/wp-json\/wp\/v2\/pages\/58\/revisions"}],"wp:attachment":[{"href":"https:\/\/agrarias.ufpr.br\/fitotecnia\/wp-json\/wp\/v2\/media?parent=58"}],"curies":[{"name":"wp","href":"https:\/\/api.w.org\/{rel}","templated":true}]}}