{"id":5795,"date":"2023-06-27T17:09:31","date_gmt":"2023-06-27T17:09:31","guid":{"rendered":"https:\/\/agrarias.ufpr.br\/fitotecnia\/?page_id=5795"},"modified":"2026-03-24T15:53:26","modified_gmt":"2026-03-24T18:53:26","slug":"apresentacao","status":"publish","type":"page","link":"https:\/\/agrarias.ufpr.br\/fitotecnia\/apresentacao\/","title":{"rendered":"Apresenta\u00e7\u00e3o"},"content":{"rendered":"\n<p>             Inicialmente o Departamento de Fitotecnia e Fitossanitarismo foi fruto da fus\u00e3o dos dois departamentos que lhe deram o nome. Foi fundado como consequ\u00eancia da reforma implantada pelo Professor Lycio Grein de Castro Vellozo, ent\u00e3o Diretor da Escola Superior de Agricultura e Veterin\u00e1ria do Paran\u00e1, em 14 de mar\u00e7o de 1961, com o nome de Departamento de Fitotecnia para atender ao Curso de Engenharia Agron\u00f4mica. Assinaram a Ata de Instala\u00e7\u00e3o do Departamento de Fitotecnia, em 14 de mar\u00e7o de 1961 os seguintes professores: Lycio Grein de Castro Vellozo, presidente, Caio Graccho Pereira, Jo\u00e3o Estevam dos Santos, Pedro Joaquim da Costa Muniz e Sandoval Ribeiro Ribas Vespertino M. de Fran\u00e7a. Foi eleito o Professor Sandoval Ribeiro Ribas como primeiro Chefe do Departamento de Fitotecnia. Ainda em 1961 a Escola Superior de Agricultura e Veterin\u00e1ria do Paran\u00e1 voltou a fazer parte da Universidade Federal do Paran\u00e1 e como consequ\u00eancia de altera\u00e7\u00f5es havidas no Regimento Interno da Escola houve um rearranjo das disciplinas nos departamentos.<\/p>\n\n\n\n<p>&nbsp;&nbsp;&nbsp;&nbsp;&nbsp;&nbsp;&nbsp;&nbsp;&nbsp;&nbsp;&nbsp; Em 1965 a Universidade do Paran\u00e1 passou a se chamar Universidade Federal do Paran\u00e1 e por for\u00e7a dessa mudan\u00e7a o nome da Escola Superior de Agricultura e Veterin\u00e1ria do Paran\u00e1 passou a ser Escola de Agronomia e Veterin\u00e1ria da Universidade Federal do Paran\u00e1 e em 1967 foi aprovada a separa\u00e7\u00e3o dos cursos da Escola sendo criadas duas unidades independentes, a escola de Agronomia e a faculdade de Medicina Veterin\u00e1ria, por\u00e9m foi apenas em 1970 que o processo se tornou irrevers\u00edvel criando-se as duas unidades independentes: faculdade de Agronomia e Faculdade de Veterin\u00e1ria que foram instaladas no dia 04 de janeiro de 1971. Foi a partir da reestrutura\u00e7\u00e3o para funcionar como Faculdade de Agronomia que as disciplinas foram agrupadas em novos departamentos, um deles o de Fitotecnia e outro o de Fitossanitarismo, al\u00e9m dos de Engenharia Rural, Ecologia Agr\u00edcola, Organiza\u00e7\u00e3o Rural e Tecnologia Rural. Em 1973, por for\u00e7a da reforma universit\u00e1ria que estava sendo implantada em todo o Pa\u00eds, novo plano de reestrutura\u00e7\u00e3o foi aprovado na Universidade Federal do Paran\u00e1. Foram ent\u00e3o extintas todas as Escolas e Faculdades e criados os Setores. Assim, em 12 de setembro de 1973 foi criado o Setor de Ci\u00eancias Agr\u00e1rias. Como consequ\u00eancia da cria\u00e7\u00e3o do Setor de Ci\u00eancias Agr\u00e1rias houve remodela\u00e7\u00e3o dos departamentos e ent\u00e3o foi criado o Departamento de Fitotecnia e Fitossanitarismo juntamente com os de Economia Rural e Extens\u00e3o, Engenharia e Tecnologia Rurais, Medicina Veterin\u00e1ria, Silvicultura e Manejo, e Zootecnia. Evidentemente, no DFF foi mantida a \u00e1rea de Solos que somente alguns anos depois, ou seja, em 1985 separou-se como Departamento de Solos. A partir de 1994, por iniciativa do Departamento de Fitotecnia e Fitossanitarismo criou-se o Curso de P\u00f3s-Gradua\u00e7\u00e3o em Agronomia, \u00e1rea de concentra\u00e7\u00e3o em Produ\u00e7\u00e3o Vegetal. Em 2018, houve a mudan\u00e7a do nome para  Departamento de Fitotecnia e Fitossanidade (DFF). <\/p>\n\n\n\n<p>&nbsp;&nbsp;&nbsp;&nbsp;&nbsp;&nbsp;&nbsp;&nbsp;&nbsp;&nbsp;&nbsp; A \u00e1rea f\u00edsica do DFF ocupa espa\u00e7o significativo no Setor de Ci\u00eancias Agr\u00e1rias. Na edifica\u00e7\u00e3o que pode ser chamada de pr\u00e9dio principal est\u00e3o localizadas as secretarias da chefia do departamento e da coordena\u00e7\u00e3o do Curso de P\u00f3s-Gradua\u00e7\u00e3o em Agronomia-Produ\u00e7\u00e3o Vegetal, vinte gabinetes para professores, um anfiteatro com capacidade para cinquenta pessoas, os laborat\u00f3rios de An\u00e1lise e Tecnologia de Semente, Ecofisiologia, Epidemiologia Molecular (LAEM), Fitopatologia, Fitotecnia, Micropropaga\u00e7\u00e3o de Plantas e Prote\u00e7\u00e3o de Plantas, todos equipados satisfatoriamente para serem usados tanto por alunos de gradua\u00e7\u00e3o quanto de p\u00f3s-gradua\u00e7\u00e3o, duas salas de reuni\u00e3o, sete salas de aula, todas equipadas com projetores multim\u00eddia, uma sala de estudos para alunos de p\u00f3s-gradua\u00e7\u00e3o. Outras edifica\u00e7\u00f5es, localizadas em \u00e1rea pr\u00f3xima, fazem parte do Departamento, abrigando sete gabinetes para professores, os laborat\u00f3rios de Defesa Sanit\u00e1ria Vegetal e Controle de Plantas Daninhas, Epidemiologia para o Manejo de Doen\u00e7as de Plantas (LEMID I e II) e Manejo Integrado de Pragas (LAMIP) e uma sala de aula.<\/p>\n\n\n\n<p>           O DFF \u00e9 composto por 27 professores ativos, que atuam em ensino, pesquisa, extens\u00e3o e administra\u00e7\u00e3o. Estes professores dividem suas atividades nas \u00e1reas de Agricultura, Fitossanidade e Horticultura atendendo aos cursos de gradua\u00e7\u00e3o em Engenharia Agron\u00f4mica, Engenharia Florestal e Zootecnia e ao curso de p\u00f3s-gradua\u00e7\u00e3o em Agronomia-Produ\u00e7\u00e3o Vegetal (Mestrado e Doutorado).<\/p>\n\n\n\n<p>&nbsp;&nbsp;&nbsp;&nbsp;&nbsp;&nbsp;&nbsp;&nbsp;&nbsp;&nbsp;&nbsp;&nbsp;<strong>Fonte<\/strong>: Adaptado de Pedro Ronzelli Junior<\/p>\n","protected":false},"excerpt":{"rendered":"<p>Inicialmente o Departamento de Fitotecnia e Fitossanitarismo foi fruto da fus\u00e3o dos dois departamentos que lhe deram o nome. Foi fundado como consequ\u00eancia da reforma implantada pelo Professor Lycio Grein de Castro Vellozo, ent\u00e3o Diretor da Escola Superior de Agricultura e Veterin\u00e1ria do Paran\u00e1, em 14 de mar\u00e7o de 1961, com o nome de Departamento [&hellip;]<\/p>\n","protected":false},"author":3,"featured_media":0,"parent":0,"menu_order":0,"comment_status":"closed","ping_status":"closed","template":"","meta":{"footnotes":""},"class_list":["post-5795","page","type-page","status-publish","hentry"],"_links":{"self":[{"href":"https:\/\/agrarias.ufpr.br\/fitotecnia\/wp-json\/wp\/v2\/pages\/5795","targetHints":{"allow":["GET"]}}],"collection":[{"href":"https:\/\/agrarias.ufpr.br\/fitotecnia\/wp-json\/wp\/v2\/pages"}],"about":[{"href":"https:\/\/agrarias.ufpr.br\/fitotecnia\/wp-json\/wp\/v2\/types\/page"}],"author":[{"embeddable":true,"href":"https:\/\/agrarias.ufpr.br\/fitotecnia\/wp-json\/wp\/v2\/users\/3"}],"replies":[{"embeddable":true,"href":"https:\/\/agrarias.ufpr.br\/fitotecnia\/wp-json\/wp\/v2\/comments?post=5795"}],"version-history":[{"count":5,"href":"https:\/\/agrarias.ufpr.br\/fitotecnia\/wp-json\/wp\/v2\/pages\/5795\/revisions"}],"predecessor-version":[{"id":6682,"href":"https:\/\/agrarias.ufpr.br\/fitotecnia\/wp-json\/wp\/v2\/pages\/5795\/revisions\/6682"}],"wp:attachment":[{"href":"https:\/\/agrarias.ufpr.br\/fitotecnia\/wp-json\/wp\/v2\/media?parent=5795"}],"curies":[{"name":"wp","href":"https:\/\/api.w.org\/{rel}","templated":true}]}}