{"id":5597,"date":"2022-04-27T19:01:23","date_gmt":"2022-04-27T19:01:23","guid":{"rendered":"https:\/\/agrarias.ufpr.br\/fitotecnia\/?page_id=5597"},"modified":"2022-04-27T19:05:39","modified_gmt":"2022-04-27T19:05:39","slug":"semeia_agro-ufpr","status":"publish","type":"page","link":"https:\/\/agrarias.ufpr.br\/fitotecnia\/semeia_agro-ufpr\/","title":{"rendered":"Semeia_Agro\/UFPR"},"content":{"rendered":"<p><strong>Resumo<\/strong><\/p>\n<p style=\"text-align: justify\">O projeto tem por objetivo promover nos estudantes e professores do Ensino Fundamental I a conscientiza\u00e7\u00e3o de que as sementes s\u00e3o estruturas importantes para sobreviv\u00eancia das esp\u00e9cies vegetais, para a agricultura e para produ\u00e7\u00e3o de alimentos e mat\u00e9rias-primas essenciais, contribuindo assim para melhor compreens\u00e3o do tema pelos escolares e educadores.<\/p>\n<p style=\"text-align: justify\"><strong>Cooordenadores<\/strong><\/p>\n<p>Prof\u00aa. Dra. Maristela Panobianco Vasconcellos<\/p>\n<div><strong>Vice coordenadora<\/strong><\/div>\n<div>Prof\u00aa. Dra. Adriana Martinelli Seneme<\/div>\n","protected":false},"excerpt":{"rendered":"<p>Resumo O projeto tem por objetivo promover nos estudantes e professores do Ensino Fundamental I a conscientiza\u00e7\u00e3o de que as sementes s\u00e3o estruturas importantes para sobreviv\u00eancia das esp\u00e9cies vegetais, para a agricultura e para produ\u00e7\u00e3o de alimentos e mat\u00e9rias-primas essenciais, contribuindo assim para melhor compreens\u00e3o do tema pelos escolares e educadores. Cooordenadores Prof\u00aa. Dra. Maristela [&hellip;]<\/p>\n","protected":false},"author":10267,"featured_media":0,"parent":0,"menu_order":0,"comment_status":"closed","ping_status":"closed","template":"","meta":{"footnotes":""},"class_list":["post-5597","page","type-page","status-publish","hentry"],"_links":{"self":[{"href":"https:\/\/agrarias.ufpr.br\/fitotecnia\/wp-json\/wp\/v2\/pages\/5597","targetHints":{"allow":["GET"]}}],"collection":[{"href":"https:\/\/agrarias.ufpr.br\/fitotecnia\/wp-json\/wp\/v2\/pages"}],"about":[{"href":"https:\/\/agrarias.ufpr.br\/fitotecnia\/wp-json\/wp\/v2\/types\/page"}],"author":[{"embeddable":true,"href":"https:\/\/agrarias.ufpr.br\/fitotecnia\/wp-json\/wp\/v2\/users\/10267"}],"replies":[{"embeddable":true,"href":"https:\/\/agrarias.ufpr.br\/fitotecnia\/wp-json\/wp\/v2\/comments?post=5597"}],"version-history":[{"count":2,"href":"https:\/\/agrarias.ufpr.br\/fitotecnia\/wp-json\/wp\/v2\/pages\/5597\/revisions"}],"predecessor-version":[{"id":5602,"href":"https:\/\/agrarias.ufpr.br\/fitotecnia\/wp-json\/wp\/v2\/pages\/5597\/revisions\/5602"}],"wp:attachment":[{"href":"https:\/\/agrarias.ufpr.br\/fitotecnia\/wp-json\/wp\/v2\/media?parent=5597"}],"curies":[{"name":"wp","href":"https:\/\/api.w.org\/{rel}","templated":true}]}}