{"id":5171,"date":"2021-08-11T17:34:21","date_gmt":"2021-08-11T17:34:21","guid":{"rendered":"https:\/\/agrarias.ufpr.br\/fitotecnia\/?page_id=5171"},"modified":"2023-01-25T12:38:35","modified_gmt":"2023-01-25T12:38:35","slug":"publicacoes","status":"publish","type":"page","link":"https:\/\/agrarias.ufpr.br\/fitotecnia\/publicacoes\/","title":{"rendered":"Publica\u00e7\u00f5es"},"content":{"rendered":"<p style=\"text-align: center\"><strong>Fa\u00e7am os downloads das publica\u00e7\u00f5es nos links abaixo:<\/strong><\/p>\n<table style=\"width: 100%;border-collapse: collapse;border-style: hidden;background-color: #ffffff;border-color: #ffffff;height: 337px\" border=\"0\">\n<tbody>\n<tr style=\"height: 22px\">\n<td style=\"width: 25%;height: 22px\">\u00a0<\/td>\n<td style=\"width: 25%;border-style: hidden;height: 22px\">\u00a0<\/td>\n<td style=\"width: 25%;height: 22px\">\u00a0<\/td>\n<td style=\"width: 25%;height: 22px\">\u00a0<\/td>\n<\/tr>\n<tr style=\"height: 297px\">\n<td style=\"width: 25%;height: 297px\"><a href=\"https:\/\/drive.google.com\/drive\/folders\/1f-c_Uh5lirRSSP3Im3QSYjXquoolzxDl?usp=sharing\"><img loading=\"lazy\" decoding=\"async\" class=\"aligncenter wp-image-5179\" src=\"https:\/\/agrarias.ufpr.br\/fitotecnia\/wp-content\/uploads\/sites\/26\/2021\/08\/WhatsApp-Image-2021-08-11-at-15.08.36-214x300.jpeg\" alt=\"\" width=\"250\" height=\"350\" srcset=\"https:\/\/agrarias.ufpr.br\/fitotecnia\/wp-content\/uploads\/sites\/26\/2021\/08\/WhatsApp-Image-2021-08-11-at-15.08.36-214x300.jpeg 214w, https:\/\/agrarias.ufpr.br\/fitotecnia\/wp-content\/uploads\/sites\/26\/2021\/08\/WhatsApp-Image-2021-08-11-at-15.08.36-768x1076.jpeg 768w, https:\/\/agrarias.ufpr.br\/fitotecnia\/wp-content\/uploads\/sites\/26\/2021\/08\/WhatsApp-Image-2021-08-11-at-15.08.36-731x1024.jpeg 731w, https:\/\/agrarias.ufpr.br\/fitotecnia\/wp-content\/uploads\/sites\/26\/2021\/08\/WhatsApp-Image-2021-08-11-at-15.08.36-250x350.jpeg 250w, https:\/\/agrarias.ufpr.br\/fitotecnia\/wp-content\/uploads\/sites\/26\/2021\/08\/WhatsApp-Image-2021-08-11-at-15.08.36.jpeg 914w\" sizes=\"auto, (max-width: 250px) 100vw, 250px\" \/><\/a><\/td>\n<td style=\"width: 25%;border-style: hidden;height: 297px\"><a href=\"https:\/\/b578feeb-308f-4d9a-b48a-05125a3bf347.filesusr.com\/ugd\/1a54d2_3829fc6f7e9145f8bbdc7a2eecafd4d3.pdf\"><img loading=\"lazy\" decoding=\"async\" class=\"aligncenter wp-image-5189 size-full\" src=\"https:\/\/agrarias.ufpr.br\/fitotecnia\/wp-content\/uploads\/sites\/26\/2021\/08\/capalivromatologia.fw_.png\" alt=\"\" width=\"250\" height=\"350\" srcset=\"https:\/\/agrarias.ufpr.br\/fitotecnia\/wp-content\/uploads\/sites\/26\/2021\/08\/capalivromatologia.fw_.png 250w, https:\/\/agrarias.ufpr.br\/fitotecnia\/wp-content\/uploads\/sites\/26\/2021\/08\/capalivromatologia.fw_-214x300.png 214w\" sizes=\"auto, (max-width: 250px) 100vw, 250px\" \/><\/a><\/td>\n<td style=\"width: 25%;height: 297px\"><a href=\"https:\/\/agrarias.ufpr.br\/fitotecnia\/wp-content\/uploads\/sites\/26\/2021\/10\/Monteiro-Witt-relatorio-tecnico-1-25-10-2021_compressed.pdf\"><img loading=\"lazy\" decoding=\"async\" class=\"aligncenter wp-image-5216 size-full\" src=\"https:\/\/agrarias.ufpr.br\/fitotecnia\/wp-content\/uploads\/sites\/26\/2021\/08\/capalino2-1.jpg\" alt=\"\" width=\"250\" height=\"350\" srcset=\"https:\/\/agrarias.ufpr.br\/fitotecnia\/wp-content\/uploads\/sites\/26\/2021\/08\/capalino2-1.jpg 250w, https:\/\/agrarias.ufpr.br\/fitotecnia\/wp-content\/uploads\/sites\/26\/2021\/08\/capalino2-1-214x300.jpg 214w\" sizes=\"auto, (max-width: 250px) 100vw, 250px\" \/><\/a><\/td>\n<td style=\"width: 25%;height: 297px\"><a href=\"https:\/\/agrarias.ufpr.br\/fitotecnia\/monteiro-et-al-relatorio-tecnico-3-sexagem-nirs-25-10-2021\/\"><img loading=\"lazy\" decoding=\"async\" class=\"alignnone wp-image-5246 size-full\" src=\"https:\/\/agrarias.ufpr.br\/fitotecnia\/wp-content\/uploads\/sites\/26\/2021\/10\/sexagemmariposaoriental.jpg\" alt=\"\" width=\"250\" height=\"350\" \/><\/a><\/td>\n<\/tr>\n<tr style=\"height: 18px\">\n<td style=\"width: 25%;border-style: hidden;border-color: #ffffff;background-color: #ffffff;text-align: center;height: 18px\">\u00a0<\/td>\n<td style=\"width: 25%;border-color: #ffffff;background-color: #ffffff;text-align: center;height: 18px\">\u00a0<\/td>\n<td style=\"width: 25%;border-style: hidden;height: 18px\">\n<p style=\"text-align: center\">\u00a0<\/p>\n<\/td>\n<td style=\"width: 25%;text-align: center;height: 18px\">\u00a0<\/td>\n<\/tr>\n<\/tbody>\n<\/table>\n\n\n<div class=\"wp-block-columns is-layout-flex wp-container-core-columns-is-layout-9d6595d7 wp-block-columns-is-layout-flex\">\n<div class=\"wp-block-column has-white-color has-white-background-color has-text-color has-background is-layout-flow wp-block-column-is-layout-flow\" style=\"flex-basis:100%\">\n<figure class=\"wp-block-table aligncenter\">\r\n<table class=\"has-white-color has-white-background-color has-text-color has-background\" style=\"border-style: hidden;border-color: #fff;background-color: #fff\">\r\n<tbody>\r\n<tr style=\"border-style: hidden;border-color: #fff;background-color: #fff\">\r\n<td><a href=\"https:\/\/agrarias.ufpr.br\/fitotecnia\/wp-content\/uploads\/sites\/26\/2021\/10\/Monteiro-Relatorio-tecnico-6-seletividade-25-10-2021.pdf\"><img loading=\"lazy\" decoding=\"async\" width=\"250\" height=\"350\" class=\"wp-image-5280\" style=\"width: 300px\" src=\"https:\/\/agrarias.ufpr.br\/fitotecnia\/wp-content\/uploads\/sites\/26\/2021\/10\/seletividade.jpg\" alt=\"\" srcset=\"https:\/\/agrarias.ufpr.br\/fitotecnia\/wp-content\/uploads\/sites\/26\/2021\/10\/seletividade.jpg 250w, https:\/\/agrarias.ufpr.br\/fitotecnia\/wp-content\/uploads\/sites\/26\/2021\/10\/seletividade-214x300.jpg 214w\" sizes=\"auto, (max-width: 250px) 100vw, 250px\" \/><\/a><\/td>\r\n<td style=\"border-style: hidden;border-color: #fff;background-color: #fff\"><a href=\"https:\/\/agrarias.ufpr.br\/fitotecnia\/wp-content\/uploads\/sites\/26\/2021\/10\/Monteiro-Relatorio-Tecnico-4-Bt-grafo-25-10-2021.pdf\"><img loading=\"lazy\" decoding=\"async\" width=\"250\" height=\"350\" class=\"wp-image-5275\" style=\"width: 300px\" src=\"https:\/\/agrarias.ufpr.br\/fitotecnia\/wp-content\/uploads\/sites\/26\/2021\/10\/eficacia.jpg\" alt=\"\" srcset=\"https:\/\/agrarias.ufpr.br\/fitotecnia\/wp-content\/uploads\/sites\/26\/2021\/10\/eficacia.jpg 250w, https:\/\/agrarias.ufpr.br\/fitotecnia\/wp-content\/uploads\/sites\/26\/2021\/10\/eficacia-214x300.jpg 214w\" sizes=\"auto, (max-width: 250px) 100vw, 250px\" \/><\/a><\/td>\r\n<td><span class=\"tadv-color\" style=\"color: #ffffff\"><span class=\"tadv-background-color\" style=\"background-color: #ffffff\"><a href=\"https:\/\/agrarias.ufpr.br\/fitotecnia\/wp-content\/uploads\/sites\/26\/2021\/10\/Monteiro-Relatorio-Tecnico-2-atrativoxconfusao-25-10-2021.pdf\"><img loading=\"lazy\" decoding=\"async\" width=\"250\" height=\"350\" class=\"wp-image-5274\" style=\"width: 300px\" src=\"https:\/\/agrarias.ufpr.br\/fitotecnia\/wp-content\/uploads\/sites\/26\/2021\/10\/atrativosalimentares.jpg\" alt=\"\" srcset=\"https:\/\/agrarias.ufpr.br\/fitotecnia\/wp-content\/uploads\/sites\/26\/2021\/10\/atrativosalimentares.jpg 250w, https:\/\/agrarias.ufpr.br\/fitotecnia\/wp-content\/uploads\/sites\/26\/2021\/10\/atrativosalimentares-214x300.jpg 214w\" sizes=\"auto, (max-width: 250px) 100vw, 250px\" \/><\/a><\/span><\/span><\/td>\r\n<td><span class=\"tadv-color\" style=\"color: #ffffff\"><span class=\"tadv-background-color\" style=\"background-color: #ffffff\"><a href=\"https:\/\/drive.google.com\/file\/d\/1-Co7IZbgCJ_d3Q-JGr7L5XXMUt4psbmV\/view\"><img loading=\"lazy\" decoding=\"async\" class=\"alignnone wp-image-5282\" style=\"width: 300px\" src=\"https:\/\/agrarias.ufpr.br\/fitotecnia\/wp-content\/uploads\/sites\/26\/2021\/10\/parasitismo-1.jpg\" alt=\"\" width=\"250\" height=\"350\" srcset=\"https:\/\/agrarias.ufpr.br\/fitotecnia\/wp-content\/uploads\/sites\/26\/2021\/10\/parasitismo-1.jpg 250w, https:\/\/agrarias.ufpr.br\/fitotecnia\/wp-content\/uploads\/sites\/26\/2021\/10\/parasitismo-1-214x300.jpg 214w\" sizes=\"auto, (max-width: 250px) 100vw, 250px\" \/><\/a><\/span><\/span><\/td>\r\n<\/tr>\r\n<\/tbody>\r\n<\/table>\r\n<\/figure>\n<\/div>\n<\/div>\n\n\n\n<p>&nbsp;<\/p>\n","protected":false},"excerpt":{"rendered":"<p>Fa\u00e7am os downloads das publica\u00e7\u00f5es nos links abaixo: \u00a0 \u00a0 \u00a0 \u00a0 \u00a0 \u00a0 \u00a0 \u00a0 &nbsp;<\/p>\n","protected":false},"author":3,"featured_media":0,"parent":0,"menu_order":0,"comment_status":"closed","ping_status":"closed","template":"","meta":{"footnotes":""},"class_list":["post-5171","page","type-page","status-publish","hentry"],"_links":{"self":[{"href":"https:\/\/agrarias.ufpr.br\/fitotecnia\/wp-json\/wp\/v2\/pages\/5171","targetHints":{"allow":["GET"]}}],"collection":[{"href":"https:\/\/agrarias.ufpr.br\/fitotecnia\/wp-json\/wp\/v2\/pages"}],"about":[{"href":"https:\/\/agrarias.ufpr.br\/fitotecnia\/wp-json\/wp\/v2\/types\/page"}],"author":[{"embeddable":true,"href":"https:\/\/agrarias.ufpr.br\/fitotecnia\/wp-json\/wp\/v2\/users\/3"}],"replies":[{"embeddable":true,"href":"https:\/\/agrarias.ufpr.br\/fitotecnia\/wp-json\/wp\/v2\/comments?post=5171"}],"version-history":[{"count":67,"href":"https:\/\/agrarias.ufpr.br\/fitotecnia\/wp-json\/wp\/v2\/pages\/5171\/revisions"}],"predecessor-version":[{"id":5742,"href":"https:\/\/agrarias.ufpr.br\/fitotecnia\/wp-json\/wp\/v2\/pages\/5171\/revisions\/5742"}],"wp:attachment":[{"href":"https:\/\/agrarias.ufpr.br\/fitotecnia\/wp-json\/wp\/v2\/media?parent=5171"}],"curies":[{"name":"wp","href":"https:\/\/api.w.org\/{rel}","templated":true}]}}