{"id":5059,"date":"2021-03-16T18:50:33","date_gmt":"2021-03-16T18:50:33","guid":{"rendered":"https:\/\/agrarias.ufpr.br\/fitotecnia\/?page_id=5059"},"modified":"2021-03-17T13:26:06","modified_gmt":"2021-03-17T13:26:06","slug":"programa-de-pesquisa-em-melhoramento-genetico-da-cana-de-acucar","status":"publish","type":"page","link":"https:\/\/agrarias.ufpr.br\/fitotecnia\/programa-de-pesquisa-em-melhoramento-genetico-da-cana-de-acucar\/","title":{"rendered":"Programa de Pesquisa em Melhoramento Gen\u00e9tico da Cana-de-A\u00e7\u00facar"},"content":{"rendered":"<p><strong>Resumo<\/strong><\/p>\n<p style=\"text-align: justify\">O Programa de Pesquisa em Melhoramento Gen\u00e9tico da Cana-de-A\u00e7\u00facar para o Estado do Paran\u00e1, tem como objetivo desenvolver variedades de cana-de-a\u00e7\u00facar e cana energia RB, para a Sul do Pa\u00eds e realizar a\u00e7\u00f5es de pesquisa nas \u00e1reas de manejo, doen\u00e7as, nutri\u00e7\u00e3o e aduba\u00e7\u00e3o, biotecnologia para o desenvolvimento de t\u00e9cnicas para o manejo da cana-de-a\u00e7\u00facar . O Programa de Pesquisa faz da Rede Interuniversit\u00e1ria para o desenvolvimento Sucroalcooleiro &#8220;RIDESA&#8221; a qual a UFPR com mais nove Universidades (UFSCar, UFV, UFG, UFRRJ, UFS, UFAL, UFRPE, UFMT e UFPI) comp\u00f5e o programa p\u00fablico federal para pesquisa em cana-de-a\u00e7\u00facar no Brasil. Este Programa de Pesquisa atua desde de 1991 no estado do Paran\u00e1 e j\u00e1 liberou 10 variedades de cana-de-a\u00e7\u00facar, sendo que em 2018, a variedade RB966928 tornou-se a segunda mais cultivada no Brasil. No estado do Paran\u00e1 as variedades RB desenvolvidas pela RIDESA, representam mais de 84% da \u00e1rea cultivada total com cana-de-a\u00e7\u00facar. O Programa foi aprovado na data de 04\/12\/2018 e o in\u00edcio em janeiro de 2019.&nbsp;No ano de 2019 foram realizadas cinco reuni\u00f5es t\u00e9cnicas para divulga\u00e7\u00e3o de resultados de pesquisa, com a apresenta\u00e7\u00e3o de resultados parciais, apresenta\u00e7\u00e3o da performance de clones promissores, com destaque para a apresenta\u00e7\u00e3o das pr\u00e9-libera\u00e7\u00f5es (clones RB036152, RB006970). Houve a publica\u00e7\u00e3o do Livro intitulado ?Manual de experimenta\u00e7\u00e3o para o melhoramento gen\u00e9tico da cana-de-a\u00e7\u00facar? editado e desenvolvido pela equipe de professores da UFPR, onde s\u00e3o descritos os m\u00e9todos e procedimentos de avalia\u00e7\u00e3o dos experimentos conduzidos na Ridesa\/UFPR. No ano de 2020 foram realizadas exclusivamente \u00e0s atividades de avalia\u00e7\u00e3o de experimentos, instala\u00e7\u00e3o de novas s\u00e9ries e manuten\u00e7\u00e3o da experimenta\u00e7\u00e3o, devido as restri\u00e7\u00f5es da Pandemia-Covid19. Houve a publica\u00e7\u00e3o do Livro intitulado ?Programa de melhoramento gen\u00e9tico da cana-de-a\u00e7\u00facar\/UFPR &#8211; Relat\u00f3rio t\u00e9cnico 2012\/2020? editado e desenvolvido pela equipe de professores da UFPR. Destaque para a \u00e1rea cultivada da RB966928 que em 2020, chega em 14% do cana produzida no Brasil e no estado do Paran\u00e1 est\u00e1 com 16%.<\/p>\n<p><strong>Vig\u00eancia<\/strong><\/p>\n<p>2019-2024<\/p>\n<p><strong>Coordenador&nbsp;<\/strong><\/p>\n<p><a href=\"https:\/\/agrarias.ufpr.br\/fitotecnia\/ricardo-augusto-de-oliveira\/\">Ricardo Augusto de Oliveira<\/a><\/p>\n<p><strong>Colaboradores<\/strong><\/p>\n<p><a href=\"https:\/\/agrarias.ufpr.br\/fitotecnia\/joao-carlos-bespalhok-filho\/\">Jo\u00e3o Carlos Bespalhok Filho &#8211; Vice-coordenador<\/a><br \/>\n<a href=\"https:\/\/agrarias.ufpr.br\/fitotecnia\/bruno-portela-brasileiro\/\">Bruno Portela Brasileiro&nbsp;<\/a><br \/>\n<a href=\"https:\/\/agrarias.ufpr.br\/fitotecnia\/claudete-reisdorfer-lang\/\">Claudete Reisdorfer Lang&nbsp;<\/a><br \/>\n<a href=\"https:\/\/agrarias.ufpr.br\/fitotecnia\/lucimeris-ruaro\/\">Lucimeris Ruaro&nbsp;<\/a><br \/>\n<a href=\"https:\/\/agrarias.ufpr.br\/fitotecnia\/luiz-alberto-kozlowski\/\">Luiz Alberto Kozlowski&nbsp;<\/a><br \/>\nEdelclaiton Daros<br \/>\nHeroldo Weber<br \/>\nJos\u00e9 Luis Zambon&nbsp;<br \/>\nFrancisco Gerber&nbsp;<br \/>\nMarinez de Oliveira&nbsp;<\/p>\n","protected":false},"excerpt":{"rendered":"<p>Resumo O Programa de Pesquisa em Melhoramento Gen\u00e9tico da Cana-de-A\u00e7\u00facar para o Estado do Paran\u00e1, tem como objetivo desenvolver variedades de cana-de-a\u00e7\u00facar e cana energia RB, para a Sul do Pa\u00eds e realizar a\u00e7\u00f5es de pesquisa nas \u00e1reas de manejo, doen\u00e7as, nutri\u00e7\u00e3o e aduba\u00e7\u00e3o, biotecnologia para o desenvolvimento de t\u00e9cnicas para o manejo da cana-de-a\u00e7\u00facar [&hellip;]<\/p>\n","protected":false},"author":10267,"featured_media":0,"parent":0,"menu_order":0,"comment_status":"closed","ping_status":"closed","template":"","meta":{"footnotes":""},"class_list":["post-5059","page","type-page","status-publish","hentry"],"_links":{"self":[{"href":"https:\/\/agrarias.ufpr.br\/fitotecnia\/wp-json\/wp\/v2\/pages\/5059","targetHints":{"allow":["GET"]}}],"collection":[{"href":"https:\/\/agrarias.ufpr.br\/fitotecnia\/wp-json\/wp\/v2\/pages"}],"about":[{"href":"https:\/\/agrarias.ufpr.br\/fitotecnia\/wp-json\/wp\/v2\/types\/page"}],"author":[{"embeddable":true,"href":"https:\/\/agrarias.ufpr.br\/fitotecnia\/wp-json\/wp\/v2\/users\/10267"}],"replies":[{"embeddable":true,"href":"https:\/\/agrarias.ufpr.br\/fitotecnia\/wp-json\/wp\/v2\/comments?post=5059"}],"version-history":[{"count":4,"href":"https:\/\/agrarias.ufpr.br\/fitotecnia\/wp-json\/wp\/v2\/pages\/5059\/revisions"}],"predecessor-version":[{"id":5066,"href":"https:\/\/agrarias.ufpr.br\/fitotecnia\/wp-json\/wp\/v2\/pages\/5059\/revisions\/5066"}],"wp:attachment":[{"href":"https:\/\/agrarias.ufpr.br\/fitotecnia\/wp-json\/wp\/v2\/media?parent=5059"}],"curies":[{"name":"wp","href":"https:\/\/api.w.org\/{rel}","templated":true}]}}