{"id":4860,"date":"2021-03-01T21:59:36","date_gmt":"2021-03-01T21:59:36","guid":{"rendered":"https:\/\/agrarias.ufpr.br\/fitotecnia\/?page_id=4860"},"modified":"2021-03-10T18:04:30","modified_gmt":"2021-03-10T18:04:30","slug":"biologia-e-manejo-de-plantas-daninhas","status":"publish","type":"page","link":"https:\/\/agrarias.ufpr.br\/fitotecnia\/biologia-e-manejo-de-plantas-daninhas\/","title":{"rendered":"Biologia e Manejo de Plantas Daninhas"},"content":{"rendered":"<div><strong>Resumo<\/strong><\/div>\n<div>Avaliar a ecofisiologia de plantas daninhas em ambientes de produ\u00e7\u00e3o agr\u00edcola e o seu manejo. Caracterizar a intera\u00e7\u00e3o entre herbicidas, plantas e ambiente.<\/div>\n<div>&nbsp;<\/div>\n<div><strong>Vig\u00eancia<\/strong><\/div>\n<div>2019-2023<\/div>\n<div>&nbsp;<\/div>\n<div><strong>Coordenador&nbsp;<\/strong><\/div>\n<div><a href=\"https:\/\/agrarias.ufpr.br\/fitotecnia\/arthur-arrobas-martins-barroso\/\"> Arthur Arrobas Martins Barroso<\/a><\/div>\n","protected":false},"excerpt":{"rendered":"<p>Resumo Avaliar a ecofisiologia de plantas daninhas em ambientes de produ\u00e7\u00e3o agr\u00edcola e o seu manejo. Caracterizar a intera\u00e7\u00e3o entre herbicidas, plantas e ambiente. &nbsp; Vig\u00eancia 2019-2023 &nbsp; Coordenador&nbsp; Arthur Arrobas Martins Barroso<\/p>\n","protected":false},"author":10267,"featured_media":0,"parent":0,"menu_order":0,"comment_status":"closed","ping_status":"closed","template":"","meta":{"footnotes":""},"class_list":["post-4860","page","type-page","status-publish","hentry"],"_links":{"self":[{"href":"https:\/\/agrarias.ufpr.br\/fitotecnia\/wp-json\/wp\/v2\/pages\/4860","targetHints":{"allow":["GET"]}}],"collection":[{"href":"https:\/\/agrarias.ufpr.br\/fitotecnia\/wp-json\/wp\/v2\/pages"}],"about":[{"href":"https:\/\/agrarias.ufpr.br\/fitotecnia\/wp-json\/wp\/v2\/types\/page"}],"author":[{"embeddable":true,"href":"https:\/\/agrarias.ufpr.br\/fitotecnia\/wp-json\/wp\/v2\/users\/10267"}],"replies":[{"embeddable":true,"href":"https:\/\/agrarias.ufpr.br\/fitotecnia\/wp-json\/wp\/v2\/comments?post=4860"}],"version-history":[{"count":4,"href":"https:\/\/agrarias.ufpr.br\/fitotecnia\/wp-json\/wp\/v2\/pages\/4860\/revisions"}],"predecessor-version":[{"id":5033,"href":"https:\/\/agrarias.ufpr.br\/fitotecnia\/wp-json\/wp\/v2\/pages\/4860\/revisions\/5033"}],"wp:attachment":[{"href":"https:\/\/agrarias.ufpr.br\/fitotecnia\/wp-json\/wp\/v2\/media?parent=4860"}],"curies":[{"name":"wp","href":"https:\/\/api.w.org\/{rel}","templated":true}]}}