{"id":437,"date":"2015-12-11T11:21:30","date_gmt":"2015-12-11T11:21:30","guid":{"rendered":"http:\/\/localhost\/agronomia\/?page_id=437"},"modified":"2015-12-11T11:21:30","modified_gmt":"2015-12-11T11:21:30","slug":"formas-de-ingresso","status":"publish","type":"page","link":"https:\/\/agrarias.ufpr.br\/fitotecnia\/formas-de-ingresso\/","title":{"rendered":"Formas de Ingresso"},"content":{"rendered":"<p><strong>FORMAS DE INGRESSO NO CURSO DE AGRONOMIA DA UFPR<\/strong><\/p>\n<p>VESTIBULAR \/ ENEM &#8211; SISU \/ PROVAR<\/p>\n<p>Informa\u00e7\u00f5es diretamente no site do N\u00facleo de Concursos da UFPR: http:\/\/www.nc.ufpr.br\/<\/p>\n<p>&#8212;&#8212;&#8212;&#8212;&#8212;-<\/p>\n<p><strong>VESTIBULAR<\/strong><\/p>\n<p>Vestibular (ou, mais propriamente, exame vestibular) designa o processo de sele\u00e7\u00e3o de novos estudantes empregado pelas universidades.O vestibular caracteriza-se normalmente como uma prova de aferi\u00e7\u00e3o dos conhecimentos adquiridos no ensino fundamental e m\u00e9dio, sendo o principal meio de acesso ao ensino superior no Brasil. \u00c9 o mais importante crit\u00e9rio de sele\u00e7\u00e3o de candidatos, utilizado tanto pelas institui\u00e7\u00f5es p\u00fablicas quanto privadas de ensino superior. Como n\u00e3o \u00e9 caracterizado como concurso p\u00fablico, mesmo quem possui antecedentes criminais pode fazer e entrar para uma universidade.<\/p>\n<div class=\"noticia\" align=\"justify\">\n<p>Os vestibulares para as universidades p\u00fablicas no Brasil s\u00e3o os mais concorridos dentre aqueles aplicados no pa\u00eds, seja pela oportunidade \u00fanica do estudo gratuito ou pela reputa\u00e7\u00e3o de um ensino de qualidade de que gozam estas institui\u00e7\u00f5es em rela\u00e7\u00e3o \u00e0s privadas. Tais exames s\u00e3o aplicados por funda\u00e7\u00f5es ou comiss\u00f5es especialmente criadas para tal fim. H\u00e1 tamb\u00e9m alguns vestibulares de institui\u00e7\u00f5es privadas bastante concorrido.<\/p>\n<p>A estrutura das provas varia de acordo com a institui\u00e7\u00e3o respons\u00e1vel pela prova e algumas vezes uma mesma institui\u00e7\u00e3o utiliza diferentes m\u00e9todos ao longo dos anos e dependendo do objetivo da prova. Algumas institui\u00e7\u00f5es costumam dividir o o exame em duas fases distintas, outras permitem que o candidato preste a prova via internet enquanto e outras demandam uma maior vigil\u00e2ncia sobre o candidato, tendo uma enorme estrutura para a execu\u00e7\u00e3o da prova para milhares de candidatos em apenas um dia.<\/p>\n<p>&#8212;&#8212;&#8212;&#8212;&#8212;&#8211;<\/p><\/div>\n<p align=\"justify\">\n<p align=\"justify\"><strong>ENEM &#8211; <span class=\"st\"> Exame Nacional do Ensino M\u00e9dio<\/span><\/strong><\/p>\n<p align=\"justify\">Criado em 1998, o Exame Nacional do Ensino M\u00e9dio (ENEM) tem o objetivo de avaliar o desempenho do estudante ao fim da escolaridade b\u00e1sica. Podem participar do exame alunos que est\u00e3o concluindo ou que j\u00e1 conclu\u00edram o ensino m\u00e9dio em anos anteriores.<\/p>\n<p align=\"justify\">O ENEM \u00e9 utilizado como crit\u00e9rio de sele\u00e7\u00e3o para os estudantes que pretendem concorrer a uma bolsa no Programa Universidade para Todos (PROUNI). Al\u00e9m disso, cerca de 500 universidades j\u00e1 usam o resultado do exame como crit\u00e9rio de sele\u00e7\u00e3o para o ingresso no ensino superior, seja complementando ou substituindo o vestibular. O ENEM tem uma s\u00e9rie de fun\u00e7\u00f5es. O exame \u00e9 usado como um vestibular nacional de uma s\u00e9rie de universidades p\u00fablicas.<\/p>\n<p align=\"justify\">Com a nota do ENEM , o estudante pode se inscrever no Sistema de Sele\u00e7\u00e3o Unificada (SISU) , sistema criado pelo governo para selecionar alunos para as institui\u00e7\u00f5es p\u00fablicas de ensino superior. O candidato pode escolher dois cursos de gradua\u00e7\u00e3o, de diversas institui\u00e7\u00f5es brasileiras, de todos os Estados brasileiros. A cada dia o sistema gera as notas de corte das carreiras e assim o estudante pode ter ideia se sua pontua\u00e7\u00e3o \u00e9 suficiente para ser aprovado no curso pretendido.<\/p>\n<p align=\"justify\">Os estudantes tamb\u00e9m utilizam o ENEM para conseguir uma bolsa de estudos em uma universidade particular por meio do Programa Universidade Para Todos (PROUNI) . Este programa do governo federal oferece bolsas de estudo parciais, de 50%, e integrais, a estudantes de baixa renda. Para participar, o estudante precisa ter tirado no m\u00ednimo 400 pontos no ENEM.<\/p>\n<p>Outro programa de acesso ao ensino superior que exige o ENEM \u00e9 o Fundo de Financiamento Estudantil (FIES) , que concede bolsas restitu\u00edveis a estudantes que n\u00e3o tem condi\u00e7\u00f5es de pagar as mensalidades da gradua\u00e7\u00e3o. O FIES funciona como um empr\u00e9stimo: aluno completa o curso com bolsa, e depois de formado paga a d\u00edvida ao governo, com juros mais baixos, de 3,4% ao ano .<\/p>\n<p>O ENEM tamb\u00e9m \u00e9 necess\u00e1rio para os estudantes de gradua\u00e7\u00e3o que queiram fazer um interc\u00e2mbio no exterior pelo programa Ci\u00eancia sem Fronteiras . O mais novo projeto do governo federal quer levar 75 mil estudantes para fazer parte do curso em institui\u00e7\u00f5es estrangeiras de excel\u00eancia. A bolsa inclui todos os gastos e \u00e9 voltada prioritariamente para \u00e1reas de engenharia, tecnologia, biologia e ambiental. Para concorrer a uma vaga, \u00e9 preciso ter feito 650 pontos no ENEM.<\/p>\n<p>&nbsp;<\/p>\n<p><strong>SISU &#8211; Sistema de Sele\u00e7\u00e3o Unificada<\/strong><\/p>\n<p>O Sistema de Sele\u00e7\u00e3o Unificada (Sisu) \u00e9 uma ferramenta criada pelo Minist\u00e9rio da Educa\u00e7\u00e3o para selecionar alunos para institui\u00e7\u00f5es p\u00fablicas de ensino superior por meio da nota do Exame Nacional do Ensino M\u00e9dio (Enem) . Na pr\u00e1tica, o Sisu funciona como um grande vestibular nacional, com milhares de vagas em dezenas de universidades de todos os Estados do Brasil. As institui\u00e7\u00f5es de ensino aderem ao sistema e informam quantas vagas tem dispon\u00edveis. O Sisu \u00e9 uma p\u00e1gina na internet na qual o estudante efetua sua inscri\u00e7\u00e3o e concorre a uma vaga no ensino superior. Para participar da sele\u00e7\u00e3o \u00e9 preciso ter prestado o \u00faltimo Enem. No sistema, o candidato pode escolher dois cursos de gradua\u00e7\u00e3o. A cada dia, o Sisu divulga as notas de corte das carreiras e assim o estudante pode ter ideia se sua pontua\u00e7\u00e3o \u00e9 suficiente para ser aprovado no curso pretendido. O candidato pode alterar as op\u00e7\u00f5es at\u00e9 o \u00faltimo dia de inscri\u00e7\u00e3o, escolhendo as que possui mais chances de conseguir a aprova\u00e7\u00e3o. O Sisu calcula a nota do candidato de acordo com os pr\u00e9-requisitos do curso pretendido e das pol\u00edticas de a\u00e7\u00e3o afirmativa, que concedem b\u00f4nus a candidatos negros, ind\u00edgenas ou ex-alunos de escolas p\u00fablicas, por exemplo. H\u00e1 cursos que d\u00e3o mais peso para a reda\u00e7\u00e3o, ou para uma das provas de m\u00faltipla escolha. A nota ser\u00e1 gerada pelo sistema e mostrada ao candidato. O Sisu realiza duas chamadas. Por fim, convoca os candidatos restantes a participarem de uma lista de espera, caso n\u00e3o tenham sido aprovados. Os estudantes que manifestarem interesse em participar desta lista s\u00e3o convocados pelas pr\u00f3prias universidades, se as vagas n\u00e3o forem preenchidas.<\/p>\n<p>&#8212;&#8212;&#8212;&#8212;&#8212;-<\/p>\n<p>&nbsp;<\/p>\n<p><strong>PROVAR \u2013 Programa de Ocupa\u00e7\u00e3o de Vagas Remanescentes (Reop\u00e7\u00e3o de Curso\/Transfer\u00eancia\/Reintegra\u00e7\u00e3o de Ex alunos)\u00a0 &#8211; http:\/\/www.prograd.ufpr.br\/provar\/<\/strong><\/p>\n<p>As Vagas remanescentes s\u00e3o resultantes do cancelamento do registro acad\u00eamico de alunos em cursos de gradua\u00e7\u00e3o e educa\u00e7\u00e3o profissional na UFPR.\u00a0 S\u00e3o vagas ofertadas no Vestibular ou no Teste Seletivo e que ficam ociosas. O PROVAR tem por objetivo a ocupa\u00e7\u00e3o destas vagas e que \u00e9 organizado seguindo a normatiza\u00e7\u00e3o da Resolu\u00e7\u00e3o 99\/09-CEPE.<\/p>\n<p>&nbsp;<\/p>\n<p><strong>1 &#8211; Condi\u00e7\u00f5es para inscri\u00e7\u00e3o na modalidade de REOP\u00c7\u00c3O DE CURSO:<\/strong><\/p>\n<p>O candidato dever\u00e1:<\/p>\n<p>&#8211;&gt;1. Estar vinculado em curso afim (matriculado ou com curso trancado), se estabelecido pelo colegiado do curso pretendido, e<\/p>\n<p>&#8211;&gt;2. N\u00e3o ter ultrapassado 50% (cinquenta por cento) do prazo de periodiza\u00e7\u00e3o recomendada (per\u00edodo padr\u00e3o) para o curso em que est\u00e1 vinculado.<\/p>\n<p>&nbsp;<\/p>\n<p><strong>Classifica\u00e7\u00e3o e desempate na modalidade de REOP\u00c7\u00c3O DE CURSO:<\/strong><\/p>\n<p>O colegiado do curso estabelecer\u00e1 as regras de sele\u00e7\u00e3o dos candidatos, utilizando, combinados ou n\u00e3o, os seguintes crit\u00e9rios:<\/p>\n<p>&#8211;&gt;1. prova de habilita\u00e7\u00e3o espec\u00edfica, com fixa\u00e7\u00e3o de nota m\u00ednima;<\/p>\n<p>&#8211;&gt;2. maior carga hor\u00e1ria integralizada (disciplinas vencidas) comprovada em hist\u00f3rico escolar;<\/p>\n<p>&#8211;&gt;3. maior IRA (\u00cdndice de Rendimento Acumulado) apresentado no hist\u00f3rico escolar; ou<\/p>\n<p>Caso o colegiado do curso n\u00e3o se manifeste dentro do prazo estabelecido a PROGRAD definir\u00e1 os crit\u00e9rios classificat\u00f3rios e de desempate.\u00a0 Os alunos aprovados pela reop\u00e7\u00e3o de curso ter\u00e3o novo registro acad\u00eamico e novo prazo para integraliza\u00e7\u00e3o de carga hor\u00e1ria.<\/p>\n<p>&nbsp;<\/p>\n<p><strong>2 &#8211; Condi\u00e7\u00f5es para inscri\u00e7\u00e3o na modalidade de TRANSFER\u00caNCIA:<\/strong><\/p>\n<p>O candidato dever\u00e1 comprovar que:<\/p>\n<ol>\n<li>possui registro acad\u00eamico ativo em outra institui\u00e7\u00e3o de ensino superior ou educa\u00e7\u00e3o profissional, nacional ou estrangeira;<\/li>\n<li>est\u00e1 matriculado em mesmo curso pretendido na UFPR, ou curso afim, como estabelecido em edital;<\/li>\n<li>n\u00e3o foi jubilado na UFPR;<\/li>\n<li>n\u00e3o possui per\u00edodo de trancamento na institui\u00e7\u00e3o de origem maior que 3 (tr\u00eas) anos ou 6 (seis) semestres, consecutivos ou n\u00e3o;<\/li>\n<li>concluiu, considerando as disciplinas com aprova\u00e7\u00e3o na institui\u00e7\u00e3o de origem, um m\u00ednimo de carga hor\u00e1ria como determinado pelo colegiado do curso; e<\/li>\n<li>concluiu, considerando as disciplinas com aprova\u00e7\u00e3o na institui\u00e7\u00e3o de origem, um m\u00e1ximo de carga hor\u00e1ria como determinado pelo colegiado do curso.<\/li>\n<\/ol>\n<p>A <b>transfer\u00eancia<\/b> de aluno de curso \u00e0 dist\u00e2ncia para curso de gradua\u00e7\u00e3o ou educa\u00e7\u00e3o profissional presencial da UFPR poder\u00e1 ser aceita se determinado pelo colegiado do curso e especificado em edital.<\/p>\n<p>&nbsp;<\/p>\n<p><strong>Sele\u00e7\u00e3o na modalidade de TRANSFER\u00caNCIA<\/strong><\/p>\n<p>O processo de sele\u00e7\u00e3o se constituir\u00e1 em prova de conhecimento espec\u00edfico do curso pretendido na UFPR, respeitando a defini\u00e7\u00e3o da carga hor\u00e1ria m\u00ednima e m\u00e1xima determinada pelo colegiado do curso, podendo incluir conhecimento de l\u00edngua portuguesa e matem\u00e1tica.\u00a0 Ser\u00e1 desclassificado o candidato que no processo de sele\u00e7\u00e3o n\u00e3o alcan\u00e7ar a nota 50 (cinq\u00fcenta), considerada a escala de zero a 100 (cem).\u00a0 O candidato habilitado e com documenta\u00e7\u00e3o aprovada ter\u00e1 garantida equival\u00eancia, em carga hor\u00e1ria, de disciplinas obrigat\u00f3rias ou optativas do curr\u00edculo do curso na UFPR de, no m\u00ednimo, 75% (setenta e cinco por cento) da carga hor\u00e1ria m\u00ednima estabelecida.\u00a0 O lan\u00e7amento de equival\u00eancia ser\u00e1 realizado somente no modo \u201cdispensa sem nota\u201d.\u00a0 Ser\u00e1 desclassificado o candidato que n\u00e3o tenha prazo para integralizar a carga hor\u00e1ria considerando o tempo j\u00e1 utilizado na institui\u00e7\u00e3o de origem.\u00a0 O aluno ingressante na UFPR atrav\u00e9s de transfer\u00eancia somente poder\u00e1 colar grau se aprovado em disciplinas da UFPR que totalizem, no m\u00ednimo, 20% (vinte por cento) da carga hor\u00e1ria total do curso de ingresso.<\/p>\n<p>&nbsp;<\/p>\n<p><strong>3 &#8211; Condi\u00e7\u00f5es para inscri\u00e7\u00e3o na modalidade de REINTEGRA\u00c7\u00c3O DE EX-ALUNO:<\/strong><\/p>\n<p>O candidato dever\u00e1 comprovar que poder\u00e1 integralizar a carga hor\u00e1ria total do curso no prazo m\u00e1ximo estabelecido pela Resolu\u00e7\u00e3o n\u00ba 94\/98-CEPE. A Resolu\u00e7\u00e3o 94\/98-CEPE determina que a dura\u00e7\u00e3o m\u00e9dia do curso corresponde a periodiza\u00e7\u00e3o recomendada e aprovada pelo CEPE, acrescida de 50%. A contagem de tempo para concluir o curso ir\u00e1 computar o tempo de registro ativo na UFPR e exclu\u00eddo o per\u00edodo em que esteve com <em>status<\/em> de cancelado. Al\u00e9m dessas condi\u00e7\u00f5es o candidato dever\u00e1 ainda:<\/p>\n<p>&#8211;&gt;1. ser aluno evadido h\u00e1 menos de 5 (cinco) anos letivos da UFPR e deseje retornar ao mesmo curso; ou<\/p>\n<p>&#8211;&gt;2. ser aluno evadido h\u00e1 mais de 5 (cinco) anos da UFPR e com integraliza\u00e7\u00e3o (disciplinas vencidas) de, no m\u00ednimo, 50% (cinquenta por cento) da carga hor\u00e1ria total do curso para o qual pretende ser reintegrado.<\/p>\n<p>&nbsp;<\/p>\n<p><strong>Classifica\u00e7\u00e3o na modalidade de REINTEGRA\u00c7\u00c3O DE EX-ALUNO:<\/strong><\/p>\n<p>A classifica\u00e7\u00e3o dos candidatos se dar\u00e1 considerando a maior carga hor\u00e1ria integralizada (disciplinas vencidas) apresentada no hist\u00f3rico escolar.<\/p>\n<p>&nbsp;<\/p>\n<p><strong>Desempate na modalidade de REINTEGRA\u00c7\u00c3O DE EX-ALUNO:<\/strong><\/p>\n<p>No caso de empate a classifica\u00e7\u00e3o se dar\u00e1 considerando:<\/p>\n<p>&#8211;&gt;1.\u00a0menor n\u00famero de reprova\u00e7\u00f5es apresentadas no hist\u00f3rico escolar; e<\/p>\n<p>&#8211;&gt;2.\u00a0idade mais avan\u00e7ada.<\/p>\n<p>Ser\u00e1 mantido, para o aluno que retornou \u00e0 UFPR pela modalidade reintegra\u00e7\u00e3o de ex-aluno, o anterior registro acad\u00eamico e o prazo para integraliza\u00e7\u00e3o de carga hor\u00e1ria, incluir\u00e1 os per\u00edodos anteriores de matricula na UFPR, exclu\u00eddo o per\u00edodo em que esteve com <em>status<\/em> de cancelado.<\/p>\n<p>&nbsp;<\/p>\n<p><strong>4 &#8211; Condi\u00e7\u00e3o para inscri\u00e7\u00e3o na modalidade de APROVEITAMENTO DE CURSO SUPERIOR:<\/strong><\/p>\n<p>O candidato dever\u00e1 comprovar que: \u00e9 graduado, h\u00e1 mais de 2 (dois) anos da data de publica\u00e7\u00e3o do edital, por institui\u00e7\u00e3o de ensino superior, nacional ou estrangeira; e tem diploma registrado ou, para o caso de estrangeiros, diploma revalidado e registrado.<\/p>\n<p>&nbsp;<\/p>\n<p><strong>Classifica\u00e7\u00e3o para a modalidade de APROVEITAMENTO DE CURSO SUPERIOR:<\/strong><\/p>\n<p>A classifica\u00e7\u00e3o dos candidatos se dar\u00e1 considerando a maior carga hor\u00e1ria integralizada no novo curso, proveniente de equival\u00eancia (ou outra modalidade) de disciplinas apresentadas no hist\u00f3rico escolar do curso de origem.<\/p>\n<p>&nbsp;<\/p>\n<p><strong>Desempate para a modalidade de APROVEITAMENTO DE CURSO SUPERIOR:<\/strong><\/p>\n<p>No caso de empate entre candidatos, a classifica\u00e7\u00e3o se dar\u00e1 considerando: graduado na UFPR; e idade mais avan\u00e7ada. Para o aluno que retornou ou ingressou na UFPR pela modalidade aproveitamento de curso superior ser\u00e1 concedido novo registro acad\u00eamico e novo prazo para integraliza\u00e7\u00e3o do curso.<\/p>\n<h2><\/h2>\n<p><strong>5 &#8211; MUDAN\u00c7A DE TURNO, HABILITA\u00c7\u00c3O E CAMPUS<\/strong><\/p>\n<p><strong>Mudan\u00e7a de turno<\/strong> \u2013 destinada a aluno que deseja mudan\u00e7a de turno no mesmo curso;<\/p>\n<p><strong>Mudan\u00e7a de habilita\u00e7\u00e3o<\/strong> \u2013 destinada a aluno que deseja mudan\u00e7a de habilita\u00e7\u00e3o no mesmo curso, habilita\u00e7\u00e3o esta com discrimina\u00e7\u00e3o de vagas no processo seletivo (vestibular) da UFPR;<\/p>\n<p><strong>Mudan\u00e7a de campus<\/strong> \u2013 destinada a aluno que deseja mudan\u00e7a de campus para o mesmo curso;<\/p>\n<p>&nbsp;<\/p>\n<p><strong>Condi\u00e7\u00f5es para inscri\u00e7\u00e3o nas modalidades da PRIMEIRA FASE:<\/strong><\/p>\n<p>O candidato dever\u00e1 comprovar que:<\/p>\n<p>1 &#8211; integralizou (disciplinas vencidas), no m\u00ednimo, 20% (vinte por cento) da carga hor\u00e1ria total do curso em que possui registro ativo, comprovado em hist\u00f3rico escolar, e<\/p>\n<p>2 &#8211; integralizou (disciplinas vencidas), no m\u00e1ximo, 80% (oitenta por cento) da carga hor\u00e1ria total do curso em que possui registro ativo, comprovado em hist\u00f3rico escolar.<\/p>\n<p>&nbsp;<\/p>\n<p><strong>Classifica\u00e7\u00e3o para as modalidades da PRIMEIRA FASE:<\/strong><\/p>\n<p>Maior carga hor\u00e1ria integralizada no curso (disciplinas vencidas) apresentada no hist\u00f3rico escolar.<\/p>\n<p>&nbsp;<\/p>\n<p><strong>Desempate para as modalidades da PRIMEIRA FASE:<\/strong><\/p>\n<p>1 -menor n\u00famero de reprova\u00e7\u00f5es apresentadas no hist\u00f3rico escolar, e<\/p>\n<p>2 -idade mais avan\u00e7ada.<\/p>\n<p>Ser\u00e3o mantidos, para o aluno remanejado atrav\u00e9s da primeira fase de ocupa\u00e7\u00e3o de vagas remanescentes, o registro acad\u00eamico e o prazo para\u00a0 integraliza\u00e7\u00e3o do curso.<\/p>\n","protected":false},"excerpt":{"rendered":"<p>FORMAS DE INGRESSO NO CURSO DE AGRONOMIA DA UFPR VESTIBULAR \/ ENEM &#8211; SISU \/ PROVAR Informa\u00e7\u00f5es diretamente no site do N\u00facleo de Concursos da UFPR: http:\/\/www.nc.ufpr.br\/ &#8212;&#8212;&#8212;&#8212;&#8212;- VESTIBULAR Vestibular (ou, mais propriamente, exame vestibular) designa o processo de sele\u00e7\u00e3o de novos estudantes empregado pelas universidades.O vestibular caracteriza-se normalmente como uma prova de aferi\u00e7\u00e3o dos [&hellip;]<\/p>\n","protected":false},"author":3,"featured_media":0,"parent":0,"menu_order":0,"comment_status":"open","ping_status":"open","template":"","meta":{"footnotes":""},"class_list":["post-437","page","type-page","status-publish","hentry"],"_links":{"self":[{"href":"https:\/\/agrarias.ufpr.br\/fitotecnia\/wp-json\/wp\/v2\/pages\/437","targetHints":{"allow":["GET"]}}],"collection":[{"href":"https:\/\/agrarias.ufpr.br\/fitotecnia\/wp-json\/wp\/v2\/pages"}],"about":[{"href":"https:\/\/agrarias.ufpr.br\/fitotecnia\/wp-json\/wp\/v2\/types\/page"}],"author":[{"embeddable":true,"href":"https:\/\/agrarias.ufpr.br\/fitotecnia\/wp-json\/wp\/v2\/users\/3"}],"replies":[{"embeddable":true,"href":"https:\/\/agrarias.ufpr.br\/fitotecnia\/wp-json\/wp\/v2\/comments?post=437"}],"version-history":[{"count":0,"href":"https:\/\/agrarias.ufpr.br\/fitotecnia\/wp-json\/wp\/v2\/pages\/437\/revisions"}],"wp:attachment":[{"href":"https:\/\/agrarias.ufpr.br\/fitotecnia\/wp-json\/wp\/v2\/media?parent=437"}],"curies":[{"name":"wp","href":"https:\/\/api.w.org\/{rel}","templated":true}]}}