{"id":41,"date":"2016-03-08T17:06:46","date_gmt":"2016-03-08T17:06:46","guid":{"rendered":"https:\/\/agrarias.ufpr.br\/fitotecnia\/?page_id=41"},"modified":"2026-02-03T19:56:11","modified_gmt":"2026-02-03T19:56:11","slug":"laboratorios","status":"publish","type":"page","link":"https:\/\/agrarias.ufpr.br\/fitotecnia\/laboratorios\/","title":{"rendered":"Laborat\u00f3rios"},"content":{"rendered":"\n<p><strong><a href=\"https:\/\/agrarias.ufpr.br\/fitotecnia\/laboratorio-de-analise-de-sementes\/\">Laborat\u00f3rio de An\u00e1lise e Tecnologia de Sementes<\/a><\/strong><\/p>\n\n\n\n<p><strong><a href=\"https:\/\/agrarias.ufpr.br\/fitotecnia\/laboratorio-de-ecofisiologia\/\">Laborat\u00f3rio de Ecofisiologia<\/a><\/strong><\/p>\n\n\n\n<p><strong><a href=\"https:\/\/agrarias.ufpr.br\/fitotecnia\/laboratorio-de-epidemiologia-para-manejo-integrado-de-doenca-lemid-1\/\">Laborat\u00f3rio de Epidemiologia para o Manejo Integrado de Doen\u00e7as (LEMID 1)<\/a><\/strong><\/p>\n\n\n\n<p><strong><a href=\"https:\/\/agrarias.ufpr.br\/fitotecnia\/laboratorio-de-epidemiologia-para-manejo-integrado-de-doenca-lemid-2\/\">Laborat\u00f3rio de Epidemiologia para o Manejo Integrado de Doen\u00e7as (LEMID 2)<\/a><\/strong><\/p>\n\n\n\n<p><a href=\"https:\/\/agrarias.ufpr.br\/fitotecnia\/laboratorio-de-epidemiologia-molecular-laem\/\"><strong>Laborat\u00f3rio de Epidemiologia Molecular (LAEM)<\/strong><\/a><\/p>\n\n\n\n<p><strong><a href=\"https:\/\/agrarias.ufpr.br\/fitotecnia\/laboratorio-de-defesa-sanitaria-vegetal-e-controle-de-plantas-daninhas\/\">Laborat\u00f3rio de Defesa Sanit\u00e1ria Vegetal e Controle de Plantas Daninhas<\/a><\/strong><\/p>\n\n\n\n<p><strong><a href=\"https:\/\/agrarias.ufpr.br\/fitotecnia\/laboratorio-de-fitopatologia\/\">Laborat\u00f3rio de Fitopatologia<\/a><\/strong><\/p>\n\n\n\n<p><strong><a href=\"https:\/\/agrarias.ufpr.br\/fitotecnia\/1220-2\/\">Laborat\u00f3rio de Fitotecnia<\/a><\/strong><\/p>\n\n\n\n<p><strong><a href=\"https:\/\/agrarias.ufpr.br\/fitotecnia\/laboratorio-de-manejo-integrado-de-pragas-lamip\/\">Laborat\u00f3rio de Manejo Integrado de Pragas (LAMIP)<\/a><\/strong><\/p>\n\n\n\n<p><strong><a href=\"https:\/\/agrarias.ufpr.br\/fitotecnia\/1447-2\/\">Laborat\u00f3rio de Micropropaga\u00e7\u00e3o de Plantas<\/a><\/strong><\/p>\n\n\n\n<p><strong><a href=\"https:\/\/agrarias.ufpr.br\/fitotecnia\/laboratorio-de-pos-colheita-de-produtos-horticolas\/\">Laborat\u00f3rio de P\u00f3s-colheita de Produtos Hort\u00edcolas (LAP\u00d3S)<\/a><\/strong><\/p>\n\n\n\n<p><strong><a href=\"https:\/\/agrarias.ufpr.br\/fitotecnia\/laboratorio-de-protecao-de-plantas\/\">Laborat\u00f3rio de Patologia de Sementes<\/a><\/strong><\/p>\n","protected":false},"excerpt":{"rendered":"<p>Laborat\u00f3rio de An\u00e1lise e Tecnologia de Sementes Laborat\u00f3rio de Ecofisiologia Laborat\u00f3rio de Epidemiologia para o Manejo Integrado de Doen\u00e7as (LEMID 1) Laborat\u00f3rio de Epidemiologia para o Manejo Integrado de Doen\u00e7as (LEMID 2) Laborat\u00f3rio de Epidemiologia Molecular (LAEM) Laborat\u00f3rio de Defesa Sanit\u00e1ria Vegetal e Controle de Plantas Daninhas Laborat\u00f3rio de Fitopatologia Laborat\u00f3rio de Fitotecnia Laborat\u00f3rio de [&hellip;]<\/p>\n","protected":false},"author":3,"featured_media":0,"parent":0,"menu_order":0,"comment_status":"closed","ping_status":"closed","template":"","meta":{"footnotes":""},"class_list":["post-41","page","type-page","status-publish","hentry"],"_links":{"self":[{"href":"https:\/\/agrarias.ufpr.br\/fitotecnia\/wp-json\/wp\/v2\/pages\/41","targetHints":{"allow":["GET"]}}],"collection":[{"href":"https:\/\/agrarias.ufpr.br\/fitotecnia\/wp-json\/wp\/v2\/pages"}],"about":[{"href":"https:\/\/agrarias.ufpr.br\/fitotecnia\/wp-json\/wp\/v2\/types\/page"}],"author":[{"embeddable":true,"href":"https:\/\/agrarias.ufpr.br\/fitotecnia\/wp-json\/wp\/v2\/users\/3"}],"replies":[{"embeddable":true,"href":"https:\/\/agrarias.ufpr.br\/fitotecnia\/wp-json\/wp\/v2\/comments?post=41"}],"version-history":[{"count":47,"href":"https:\/\/agrarias.ufpr.br\/fitotecnia\/wp-json\/wp\/v2\/pages\/41\/revisions"}],"predecessor-version":[{"id":6436,"href":"https:\/\/agrarias.ufpr.br\/fitotecnia\/wp-json\/wp\/v2\/pages\/41\/revisions\/6436"}],"wp:attachment":[{"href":"https:\/\/agrarias.ufpr.br\/fitotecnia\/wp-json\/wp\/v2\/media?parent=41"}],"curies":[{"name":"wp","href":"https:\/\/api.w.org\/{rel}","templated":true}]}}