{"id":3894,"date":"2018-08-22T17:17:14","date_gmt":"2018-08-22T17:17:14","guid":{"rendered":"https:\/\/agrarias.ufpr.br\/fitotecnia\/?page_id=3894"},"modified":"2018-08-22T17:24:23","modified_gmt":"2018-08-22T17:24:23","slug":"laboratorio-de-anatomia-e-biomecanica-vegetal-labv","status":"publish","type":"page","link":"https:\/\/agrarias.ufpr.br\/fitotecnia\/laboratorio-de-anatomia-e-biomecanica-vegetal-labv\/","title":{"rendered":"Laborat\u00f3rio de Anatomia e Biomec\u00e2nica Vegetal (LABV)"},"content":{"rendered":"<p class=\"Normal_Web_ tm8\"><strong><span class=\"tm9\">Interesses de pesquisa<\/span><\/strong><\/p>\n<p class=\"Normal_Web_ tm10\"><span class=\"tm11\">Estudos sobre morfologia, anatomia e biomec\u00e2nica vegetal. Os projetos do laborat\u00f3rio correlacionam a Anatomia Vegetal com outras \u00e1reas da ci\u00eancia como a Fisiologia Vegetal, Taxonomia, Gen\u00e9tica e outros. <a id=\"aGoBack\"><\/a><\/span><\/p>\n<p class=\"Normal_Web_ tm8\"><strong><span class=\"Forte\">Coordenador<\/span><\/strong><\/p>\n<p class=\"Normal_Web_ tm8\"><a href=\"https:\/\/agrarias.ufpr.br\/fitotecnia\/henrique-da-silva-silveira-duarte\/\"><span class=\"tm11\">Bruno Francisco Sant\u2019Anna dos Santos&nbsp;<\/span><\/a><\/p>\n<p class=\"Normal_Web_ tm8\"><strong><span class=\"Forte\">Vice-coordenadora<\/span><\/strong><\/p>\n<p class=\"Normal_Web_ tm8\"><a href=\"https:\/\/agrarias.ufpr.br\/fitotecnia\/louise-larissa-may-de-mio\/\"><span class=\"tm11\">Patr\u00edcia Soffiatti&nbsp;<\/span><\/a><\/p>\n<p class=\"Normal_Web_ tm8\"><strong><span class=\"Forte\">Bi\u00f3loga<\/span><\/strong><\/p>\n<p class=\"Normal_Web_ tm8\"><span class=\"tm11\">Elaine Lopes Pereira Nunes<\/span><\/p>\n<p class=\"Normal_Web_ tm8\"><strong><span class=\"Forte\">Contatos<\/span><\/strong><\/p>\n<p class=\"Normal_Web_ tm8\"><span class=\"tm12\"> <img loading=\"lazy\" decoding=\"async\" src=\"file:\/\/\/C:\\Users\\Evandro\\AppData\\Local\\Temp\\~tmw0\\546c1a59.tmp\\img00001.PNG\" alt=\"\" width=\"22\" height=\"22\"><\/span><strong><span class=\"Forte\">&nbsp;<img loading=\"lazy\" decoding=\"async\" class=\"wp-image-758 alignnone\" src=\"https:\/\/agrarias.ufpr.br\/fitotecnia\/wp-content\/uploads\/sites\/26\/2016\/03\/telefone.png\" alt=\"telefone\" width=\"22\" height=\"22\" srcset=\"https:\/\/agrarias.ufpr.br\/fitotecnia\/wp-content\/uploads\/sites\/26\/2016\/03\/telefone.png 200w, https:\/\/agrarias.ufpr.br\/fitotecnia\/wp-content\/uploads\/sites\/26\/2016\/03\/telefone-150x150.png 150w\" sizes=\"auto, (max-width: 22px) 100vw, 22px\" \/><\/span><\/strong><span class=\"tm11\">+55 (41) 3361-1622<\/span><\/p>\n<p class=\"Normal\">&nbsp;<\/p>\n","protected":false},"excerpt":{"rendered":"<p>Interesses de pesquisa Estudos sobre morfologia, anatomia e biomec\u00e2nica vegetal. Os projetos do laborat\u00f3rio correlacionam a Anatomia Vegetal com outras \u00e1reas da ci\u00eancia como a Fisiologia Vegetal, Taxonomia, Gen\u00e9tica e outros. Coordenador Bruno Francisco Sant\u2019Anna dos Santos&nbsp; Vice-coordenadora Patr\u00edcia Soffiatti&nbsp; Bi\u00f3loga Elaine Lopes Pereira Nunes Contatos &nbsp;+55 (41) 3361-1622 &nbsp;<\/p>\n","protected":false},"author":3,"featured_media":0,"parent":0,"menu_order":0,"comment_status":"closed","ping_status":"closed","template":"","meta":{"footnotes":""},"class_list":["post-3894","page","type-page","status-publish","hentry"],"_links":{"self":[{"href":"https:\/\/agrarias.ufpr.br\/fitotecnia\/wp-json\/wp\/v2\/pages\/3894","targetHints":{"allow":["GET"]}}],"collection":[{"href":"https:\/\/agrarias.ufpr.br\/fitotecnia\/wp-json\/wp\/v2\/pages"}],"about":[{"href":"https:\/\/agrarias.ufpr.br\/fitotecnia\/wp-json\/wp\/v2\/types\/page"}],"author":[{"embeddable":true,"href":"https:\/\/agrarias.ufpr.br\/fitotecnia\/wp-json\/wp\/v2\/users\/3"}],"replies":[{"embeddable":true,"href":"https:\/\/agrarias.ufpr.br\/fitotecnia\/wp-json\/wp\/v2\/comments?post=3894"}],"version-history":[{"count":3,"href":"https:\/\/agrarias.ufpr.br\/fitotecnia\/wp-json\/wp\/v2\/pages\/3894\/revisions"}],"predecessor-version":[{"id":3897,"href":"https:\/\/agrarias.ufpr.br\/fitotecnia\/wp-json\/wp\/v2\/pages\/3894\/revisions\/3897"}],"wp:attachment":[{"href":"https:\/\/agrarias.ufpr.br\/fitotecnia\/wp-json\/wp\/v2\/media?parent=3894"}],"curies":[{"name":"wp","href":"https:\/\/api.w.org\/{rel}","templated":true}]}}