{"id":3642,"date":"2018-03-29T11:33:27","date_gmt":"2018-03-29T11:33:27","guid":{"rendered":"https:\/\/agrarias.ufpr.br\/fitotecnia\/?page_id=3642"},"modified":"2021-03-11T18:43:48","modified_gmt":"2021-03-11T18:43:48","slug":"arthur-arrobas-martins-barroso","status":"publish","type":"page","link":"https:\/\/agrarias.ufpr.br\/fitotecnia\/arthur-arrobas-martins-barroso\/","title":{"rendered":"Arthur Arrobas Martins Barroso"},"content":{"rendered":"<p>Prof. Adjunto<\/p>\n<p><strong>Forma\u00e7\u00e3o Acad\u00eamica<\/strong><\/p>\n<p>Dr. em Ci\u00eancias (Produ\u00e7\u00e3o Vegetal), UNESP com per\u00edodo sandu\u00edche na Universidad de Buenos Aires, UBA, Argentina (2017)<\/p>\n<p>M. Sc. em Ci\u00eancias (Fitotecnia), USP (2014)<\/p>\n<p>Eng. Agr\u00f4nomo, UNESP (2012)<\/p>\n<p><strong>\u00c1rea\/Sub-\u00e1rea\/Linha de pesquisa<\/strong><\/p>\n<p>Fitossanidade\/Biologia e Manejo de Plantas Daninhas\/Resist\u00eancia de Plantas Daninhas \u00e0 Herbicidas\/Sistema Integrados na Produ\u00e7\u00e3o Agropecu\u00e1ria<\/p>\n<p><strong>Disciplinas Ministradas na Gradua\u00e7\u00e3o<\/strong><\/p>\n<p><a href=\"https:\/\/agrarias.ufpr.br\/fitotecnia\/controle-de-plantas-daninhas-af052\/\">AF052 \u2013 Controle de Plantas Daninhas<\/a><\/p>\n<p><a href=\"https:\/\/agrarias.ufpr.br\/fitotecnia\/estagio-obrigatorio-supervisionado-em-agronomia-agro-001\/\">AGRO 001 \u2013 Est\u00e1gio Obrigat\u00f3rio Supervisionado em Agronomia<\/a><\/p>\n<p><a href=\"https:\/\/agrarias.ufpr.br\/fitotecnia\/introducao-a-pesquisa-em-fitotecnia-af048\/\">AF 048 \u2013 Introdu\u00e7\u00e3o \u00e0 Pesquisa em Fitotecnia (orienta\u00e7\u00e3o)<\/a><\/p>\n<p><strong>Disciplinas Ministradas na P\u00f3s-Gradua\u00e7\u00e3o<\/strong><\/p>\n<p><a href=\"https:\/\/agrarias.ufpr.br\/pgapv\/apv-7017-matologia-2\/\">AGRO 7018 \u2013 Matologia<\/a><\/p>\n<p><a href=\"https:\/\/agrarias.ufpr.br\/pgapv\/agro-7027-pratica-docente-i\/\">AGRO 7027 \u2013 Pr\u00e1tica Docente I<\/a><\/p>\n<p><a href=\"https:\/\/agrarias.ufpr.br\/pgapv\/agro7028-pratica-docente-ii\/\">AGRO 7028 \u2013 Pr\u00e1tica Docente II<\/a><\/p>\n<p><a href=\"https:\/\/agrarias.ufpr.br\/pgapv\/agro-7038-topicos-especiais-iv-mecanismo-de-acao-e-interacao-ambiental-de-herbicidas\/\">AGRO 7038 \u2013 T\u00f3picos Especiais IV \u2013&nbsp;Mecanismo de A\u00e7\u00e3o e Intera\u00e7\u00e3o Ambiental de Herbicidas<\/a><\/p>\n<p><a href=\"https:\/\/agrarias.ufpr.br\/pgapv\/topicos-resistencia-de-plantas-daninhas-a-herbicidas\/\">AGRO 7047 \u2013 Resist\u00eancia de Plantas Daninhas a Herbicidas<\/a><\/p>\n<p><a href=\"https:\/\/agrarias.ufpr.br\/pgapv\/agro-7049-weed-science-topics\/\">AGRO 7049 \u2013 Weed Science Topics<\/a><\/p>\n<p><strong><span style=\"color: #222222\"><span style=\"font-family: Helvetica Neue, Helvetica, Roboto, Arial, sans-serif\"><span style=\"font-size: medium\"><b>Coordena\u00e7\u00e3o de Projeto<\/b><\/span><\/span><\/span><\/strong><\/p>\n<p><a href=\"https:\/\/agrarias.ufpr.br\/fitotecnia\/biologia-e-manejo-de-plantas-daninhas\/\">Biologia e Manejo de Plantas Daninhas<\/a><\/p>\n<p><strong>Laborat\u00f3rio<\/strong><\/p>\n<p><a href=\"https:\/\/agrarias.ufpr.br\/fitotecnia\/laboratorio-de-defesa-sanitaria-vegetal-e-controle-de-plantas-daninhas\/\">Laborat\u00f3rio de Defesa Sanit\u00e1ria Vegetal e Controle de Plantas Daninhas<\/a><\/p>\n<p><strong>Unidade de Apoio<\/strong><\/p>\n<p><a href=\"https:\/\/agrarias.ufpr.br\/fitotecnia\/nucleo-de-inovacao-tecnologica-em-agropecuaria-nita\/\">N\u00facleo de Inova\u00e7\u00e3o Tecnol\u00f3gica em Agropecu\u00e1ria (NITA)<\/a><\/p>\n<p><strong><a href=\"\/\/www.lattes.cnpq.br\/3066270632900420\"><img loading=\"lazy\" decoding=\"async\" class=\"alignnone wp-image-742\" src=\"https:\/\/agrarias.ufpr.br\/fitotecnia\/wp-content\/uploads\/sites\/26\/2016\/03\/icon_lattes.png\" alt=\"icon_lattes\" width=\"30\" height=\"29\"><\/a>&nbsp;<a href=\"\/\/www.lattes.cnpq.br\/3066270632900420\">Lattes<\/a>&nbsp;&nbsp;&nbsp;&nbsp;<a href=\"http:\/\/www.researchgate.net\/profile\/Arthur_Barroso\"><img loading=\"lazy\" decoding=\"async\" class=\"alignnone wp-image-1136 size-full\" src=\"https:\/\/agrarias.ufpr.br\/fitotecnia\/wp-content\/uploads\/sites\/26\/2016\/03\/apple-touch-icon-180x180-e1459453504744.png\" alt=\"apple-touch-icon-180x180\" width=\"29\" height=\"29\"><\/a>&nbsp;<a href=\"http:\/\/www.researchgate.net\/profile\/Arthur_Barroso\">Research Gate<\/a>&nbsp;<a href=\"https:\/\/orcid.org\/0000-0001-7687-1396\"><img loading=\"lazy\" decoding=\"async\" class=\"alignnone wp-image-3185\" src=\"https:\/\/agrarias.ufpr.br\/pgapv\/wp-content\/uploads\/sites\/39\/2021\/02\/unnamed.jpg\" alt=\"\" width=\"93\" height=\"37\"><\/a><\/strong><\/p>\n<p><img loading=\"lazy\" decoding=\"async\" class=\"wp-image-758 alignnone\" src=\"https:\/\/agrarias.ufpr.br\/fitotecnia\/wp-content\/uploads\/sites\/26\/2016\/03\/telefone.png\" alt=\"telefone\" width=\"22\" height=\"22\" srcset=\"https:\/\/agrarias.ufpr.br\/fitotecnia\/wp-content\/uploads\/sites\/26\/2016\/03\/telefone.png 200w, https:\/\/agrarias.ufpr.br\/fitotecnia\/wp-content\/uploads\/sites\/26\/2016\/03\/telefone-150x150.png 150w\" sizes=\"auto, (max-width: 22px) 100vw, 22px\" \/>&nbsp;+55 (41) 33505645\/+55 (16) 996041069<\/p>\n<p><img loading=\"lazy\" decoding=\"async\" class=\"alignnone wp-image-757\" src=\"https:\/\/agrarias.ufpr.br\/fitotecnia\/wp-content\/uploads\/sites\/26\/2016\/03\/email-small-.jpg\" alt=\"email small\" width=\"22\" height=\"22\">&nbsp;arrobas@ufpr.br \/ arthuragro07@hotmail.com<\/p>\n","protected":false},"excerpt":{"rendered":"<p>Prof. Adjunto Forma\u00e7\u00e3o Acad\u00eamica Dr. em Ci\u00eancias (Produ\u00e7\u00e3o Vegetal), UNESP com per\u00edodo sandu\u00edche na Universidad de Buenos Aires, UBA, Argentina (2017) M. Sc. em Ci\u00eancias (Fitotecnia), USP (2014) Eng. Agr\u00f4nomo, UNESP (2012) \u00c1rea\/Sub-\u00e1rea\/Linha de pesquisa Fitossanidade\/Biologia e Manejo de Plantas Daninhas\/Resist\u00eancia de Plantas Daninhas \u00e0 Herbicidas\/Sistema Integrados na Produ\u00e7\u00e3o Agropecu\u00e1ria Disciplinas Ministradas na Gradua\u00e7\u00e3o AF052 [&hellip;]<\/p>\n","protected":false},"author":3,"featured_media":0,"parent":0,"menu_order":0,"comment_status":"closed","ping_status":"closed","template":"","meta":{"footnotes":""},"class_list":["post-3642","page","type-page","status-publish","hentry"],"_links":{"self":[{"href":"https:\/\/agrarias.ufpr.br\/fitotecnia\/wp-json\/wp\/v2\/pages\/3642","targetHints":{"allow":["GET"]}}],"collection":[{"href":"https:\/\/agrarias.ufpr.br\/fitotecnia\/wp-json\/wp\/v2\/pages"}],"about":[{"href":"https:\/\/agrarias.ufpr.br\/fitotecnia\/wp-json\/wp\/v2\/types\/page"}],"author":[{"embeddable":true,"href":"https:\/\/agrarias.ufpr.br\/fitotecnia\/wp-json\/wp\/v2\/users\/3"}],"replies":[{"embeddable":true,"href":"https:\/\/agrarias.ufpr.br\/fitotecnia\/wp-json\/wp\/v2\/comments?post=3642"}],"version-history":[{"count":16,"href":"https:\/\/agrarias.ufpr.br\/fitotecnia\/wp-json\/wp\/v2\/pages\/3642\/revisions"}],"predecessor-version":[{"id":5034,"href":"https:\/\/agrarias.ufpr.br\/fitotecnia\/wp-json\/wp\/v2\/pages\/3642\/revisions\/5034"}],"wp:attachment":[{"href":"https:\/\/agrarias.ufpr.br\/fitotecnia\/wp-json\/wp\/v2\/media?parent=3642"}],"curies":[{"name":"wp","href":"https:\/\/api.w.org\/{rel}","templated":true}]}}