{"id":3504,"date":"2016-06-09T19:32:37","date_gmt":"2016-06-09T19:32:37","guid":{"rendered":"https:\/\/agrarias.ufpr.br\/fitotecnia\/?page_id=3504"},"modified":"2016-06-10T13:51:21","modified_gmt":"2016-06-10T13:51:21","slug":"estudantes-de-graduacao-e-pos-graduacao","status":"publish","type":"page","link":"https:\/\/agrarias.ufpr.br\/fitotecnia\/estudantes-de-graduacao-e-pos-graduacao\/","title":{"rendered":"Estudantes de gradua\u00e7\u00e3o e p\u00f3s-gradua\u00e7\u00e3o"},"content":{"rendered":"<h4 style=\"text-align: center\"><span style=\"color: #ff0000\"><strong>P\u00f3s-Doutorandos<\/strong><\/span><\/h4>\n<p><strong>Marcos Ant\u00f4nio Dolinski<\/strong><\/p>\n<p><strong>Projeto<\/strong>: Estudo epidemiol\u00f3gico para propor manejo das principais doen\u00e7as do caquizeiro<\/p>\n<p><strong>\u00a0<img loading=\"lazy\" decoding=\"async\" src=\"https:\/\/agrarias.ufpr.br\/fitotecnia\/wp-content\/uploads\/sites\/26\/2016\/03\/email-small-.jpg\" alt=\"email small\" width=\"22\" height=\"22\" \/>\u00a0<\/strong>dolinskiagro@hotmail.com<\/p>\n<p><strong>Orientadora:<\/strong> Louise Larissa May De Mio<\/p>\n<p>&nbsp;<\/p>\n<p><strong>Wagner Vicente Pereira<\/strong><\/p>\n<p><strong>Projeto<\/strong>: Epidemiologia Molecular no Estudo da Variabilidade de Isolados de<i> Monillinia<\/i> spp. e Manejo da Resist\u00eancia a fungicidas<\/p>\n<p><strong><img loading=\"lazy\" decoding=\"async\" src=\"https:\/\/agrarias.ufpr.br\/fitotecnia\/wp-content\/uploads\/sites\/26\/2016\/03\/email-small-.jpg\" alt=\"email small\" width=\"22\" height=\"22\" \/>\u00a0<\/strong>wvpereira@hotmail.com<\/p>\n<p><strong>Orientadora:<\/strong> Louise Larissa May De Mio<\/p>\n<h4 style=\"text-align: center\"><span style=\"color: #ff0000\"><strong>Doutorandos<\/strong><\/span><\/h4>\n<p>&nbsp;<\/p>\n<p><strong>Alexandre Dinnys Roese<\/strong><\/p>\n<p><strong>Projeto: <\/strong>Sobreviv\u00eancia de <em>Sclerotinia sclerotiorum<\/em> e severidade de doen\u00e7as de soja e milho na integra\u00e7\u00e3o lavoura-pecu\u00e1ria-floresta<\/p>\n<p><strong><img loading=\"lazy\" decoding=\"async\" src=\"https:\/\/agrarias.ufpr.br\/fitotecnia\/wp-content\/uploads\/sites\/26\/2016\/03\/email-small-.jpg\" alt=\"email small\" width=\"22\" height=\"22\" \/>\u00a0<\/strong>alexandre.roese@embrapa.br<\/p>\n<p><strong>Orientadora:<\/strong> Louise Larissa May De Mio<\/p>\n<p>&nbsp;<\/p>\n<p><strong>Heloisa Thomazi<\/strong><\/p>\n<p><strong>Projeto: <\/strong>Movimenta\u00e7\u00e3o de <em>Xylella fastidiosa<\/em> em diferentes cultivares e alternativas para o controle da escaldadura das folhas em ameixeira<\/p>\n<p><a href=\"mailto:helloisathomazi@hotmail.com\"><strong><img loading=\"lazy\" decoding=\"async\" src=\"https:\/\/agrarias.ufpr.br\/fitotecnia\/wp-content\/uploads\/sites\/26\/2016\/03\/email-small-.jpg\" alt=\"email small\" width=\"22\" height=\"22\" \/><\/strong><\/a><strong>\u00a0<\/strong>helloisathomazi@hotmail.com<\/p>\n<p><strong>Orientadora:<\/strong> Louise Larissa May De Mio<\/p>\n<p>&nbsp;<\/p>\n<p><strong>Rodrigo Martins Monzani<\/strong><\/p>\n<p><strong>Projeto:\u00a0<\/strong>Intensidade de doen\u00e7as, produtividade e caracter\u00edsticas f\u00edsico-qu\u00edmicas de frutos de maracujazeiro-amarelo submetido a diferentes sistemas de condu\u00e7\u00e3o<\/p>\n<p><strong><a href=\"mailto:helloisathomazi@hotmail.com\"><img loading=\"lazy\" decoding=\"async\" src=\"https:\/\/agrarias.ufpr.br\/fitotecnia\/wp-content\/uploads\/sites\/26\/2016\/03\/email-small-.jpg\" alt=\"email small\" width=\"22\" height=\"22\" \/><\/a>\u00a0<\/strong>monzani@ifc-araquari.edu.br<\/p>\n<p><strong>Orientadora:<\/strong> Louise Larissa May De Mio<\/p>\n<p><strong>\u00a0<\/strong><\/p>\n<p class=\"r\"><strong>Eliane Aparecida Rogovski Czaja<\/strong><\/p>\n<p><strong>Projeto: <\/strong>Estudos epidemiol\u00f3gicos e controle alternativo da mancha das folhas da videira<\/p>\n<p><img loading=\"lazy\" decoding=\"async\" src=\"https:\/\/agrarias.ufpr.br\/fitotecnia\/wp-content\/uploads\/sites\/26\/2016\/03\/email-small-.jpg\" alt=\"email small\" width=\"22\" height=\"22\" \/>\u00a0eliane_czaja@yahoo.com.br<\/p>\n<p><strong>Orientadora:<\/strong> Louise Larissa May De Mio<\/p>\n<p>&nbsp;<\/p>\n<p><strong>Rafaele Moreira Lange<\/strong><\/p>\n<p><strong>Projeto:\u00a0<\/strong>Epidemiologia comparativa entre esp\u00e9cies de\u00a0<em>Colletotrichum<\/em>\u00a0causadores da Mancha Foliar de\u00a0<em>Glomerella<\/em>\u00a0em macieira<\/p>\n<p><img loading=\"lazy\" decoding=\"async\" src=\"https:\/\/agrarias.ufpr.br\/fitotecnia\/wp-content\/uploads\/sites\/26\/2016\/03\/email-small-.jpg\" alt=\"email small\" width=\"22\" height=\"22\" \/>\u00a0rafaelemor@gmail.com<\/p>\n<p><strong>Orientadora:<\/strong> Louise Larissa May De Mio<\/p>\n<p>&nbsp;<\/p>\n<p><strong>M\u00f4nica Anghinoni M\u00fcller<\/strong><\/p>\n<p><strong>Projeto: <\/strong>Monitoramento da resist\u00eancia de isolados de <em>Phakopsora pachyrhizi<\/em>\u00a0e alternativas de controle para a ferrugem-asi\u00e1tica da soja<\/p>\n<p><strong>\u00a0<img loading=\"lazy\" decoding=\"async\" src=\"https:\/\/agrarias.ufpr.br\/fitotecnia\/wp-content\/uploads\/sites\/26\/2016\/03\/email-small-.jpg\" alt=\"email small\" width=\"22\" height=\"22\" \/>\u00a0<\/strong>mo_ang@hotmail.com<\/p>\n<p><strong>Orientadora:<\/strong> Louise Larissa May De Mio<\/p>\n<p>&nbsp;<\/p>\n<h4 style=\"text-align: center\"><span style=\"color: #ff0000\"><strong>Mestrandos<\/strong><\/span><\/h4>\n<p>&nbsp;<\/p>\n<p><strong>Marlon Henrique Hahn<\/strong><\/p>\n<p><strong>Projeto: <\/strong>Cogumelos no controle de <em>Meloidogyne incognita<\/em> em tomateiro<strong>\u00a0<\/strong><\/p>\n<p><img loading=\"lazy\" decoding=\"async\" src=\"https:\/\/agrarias.ufpr.br\/fitotecnia\/wp-content\/uploads\/sites\/26\/2016\/03\/email-small-.jpg\" alt=\"email small\" width=\"22\" height=\"22\" \/>\u00a0marlonhahn@hotmail.com<\/p>\n<p><strong>Orientador:<\/strong>\u00a0Henrique da Silva Silveira Duarte<\/p>\n<p>&nbsp;<\/p>\n<p><strong>Pamela Suellen Salvador Dutra<\/strong><\/p>\n<p><strong>Projeto: <\/strong>Estudo da resist\u00eancia \u00e0 fungicidas em isolados de monilinia fructicola como base para o manejo em campo da podrid\u00e3o parda do pessegueiro<\/p>\n<p><img loading=\"lazy\" decoding=\"async\" src=\"https:\/\/agrarias.ufpr.br\/fitotecnia\/wp-content\/uploads\/sites\/26\/2016\/03\/email-small-.jpg\" alt=\"email small\" width=\"22\" height=\"22\" \/>\u00a0pameladutra92@gmail.com<\/p>\n<p><strong>Orientadora:<\/strong> Louise Larissa May De Mio<\/p>\n<p>&nbsp;<\/p>\n<p><strong>Gl\u00f3ria Soriano Vidal<\/strong><\/p>\n<p><strong>Projeto: <\/strong>Elabora\u00e7\u00e3o e valida\u00e7\u00e3o de uma escala diagram\u00e1tica e avalia\u00e7\u00e3o do efeito da temperatura, molhamento foliar e luz nos componentes do monociclo da ferrugem da ameixeira<strong>\u00a0<\/strong><\/p>\n<p><img loading=\"lazy\" decoding=\"async\" src=\"https:\/\/agrarias.ufpr.br\/fitotecnia\/wp-content\/uploads\/sites\/26\/2016\/03\/email-small-.jpg\" alt=\"email small\" width=\"22\" height=\"22\" \/>\u00a0gloriavidal22@gmail.com<\/p>\n<p><strong>Orientador:<\/strong>\u00a0Henrique da Silva Silveira Duarte<\/p>\n<p>&nbsp;<\/p>\n<p><b>Jhulia Gelain<\/b><\/p>\n<p><strong>Projeto:\u00a0<\/strong>Estudos Epidemiol\u00f3gicos do Cancro Europeu da Macieira<\/p>\n<p><img loading=\"lazy\" decoding=\"async\" src=\"https:\/\/agrarias.ufpr.br\/fitotecnia\/wp-content\/uploads\/sites\/26\/2016\/03\/email-small-.jpg\" alt=\"email small\" width=\"22\" height=\"22\" \/>\u00a0jhuliagelain@hotmail.com<\/p>\n<p><strong>Orientadora:<\/strong> Louise Larissa May De Mio<\/p>\n<p>&nbsp;<\/p>\n<h4 style=\"text-align: center\"><span style=\"color: #ff0000\"><strong>Inicia\u00e7\u00e3o Cient\u00edfica<\/strong><\/span><\/h4>\n<p><strong>Amanda Neumam<\/strong><\/p>\n<p><strong>Projeto:\u00a0<\/strong>Identifica\u00e7\u00e3o e comportamento de esp\u00e9cies de <em>Monilinia<\/em>\u00a0de p\u00eassegos importados pelo brasil<\/p>\n<p><img loading=\"lazy\" decoding=\"async\" src=\"https:\/\/agrarias.ufpr.br\/fitotecnia\/wp-content\/uploads\/sites\/26\/2016\/03\/email-small-.jpg\" alt=\"email small\" width=\"22\" height=\"22\" \/>\u00a0amandaneumamp@gmail.com<\/p>\n<p><strong>Orientadora:<\/strong> Louise Larissa May De Mio<\/p>\n<p>&nbsp;<\/p>\n<p><strong>\u00c9rica Camila Zielinski<\/strong><\/p>\n<p><strong>Projeto:\u00a0<\/strong>Resist\u00eancia de pat\u00f3genos a fungicidas e alternativas para o manejo de doen\u00e7as na soja<\/p>\n<p><img loading=\"lazy\" decoding=\"async\" src=\"https:\/\/agrarias.ufpr.br\/fitotecnia\/wp-content\/uploads\/sites\/26\/2016\/03\/email-small-.jpg\" alt=\"email small\" width=\"22\" height=\"22\" \/>\u00a0ericacamilazielinski@gmail.com<\/p>\n<p><strong>Orientadora:<\/strong> Louise Larissa May De Mio<\/p>\n<p>&nbsp;<\/p>\n<p><strong>Camilla Castella<\/strong><\/p>\n<p><strong>Projeto:\u00a0<\/strong>Estudo do processo de infec\u00e7\u00e3o e coloniza\u00e7\u00e3o de esp\u00e9cies de <em>Colletotrichum<\/em> associadas a mancha foliar de glomerella em macieira<\/p>\n<p><img loading=\"lazy\" decoding=\"async\" src=\"https:\/\/agrarias.ufpr.br\/fitotecnia\/wp-content\/uploads\/sites\/26\/2016\/03\/email-small-.jpg\" alt=\"email small\" width=\"22\" height=\"22\" \/>\u00a0camillacastellar12@gmail.com<\/p>\n<p><strong>Orientadora:<\/strong> Louise Larissa May De Mio<\/p>\n<p>&nbsp;<\/p>\n<p><strong>Juliane Jesus da Luz<\/strong><\/p>\n<p><strong>Projeto: <\/strong>Cogumelos no controle de <em>Meloidogyne incognita<\/em> em tomateiro<strong>\u00a0<\/strong><\/p>\n<p><img loading=\"lazy\" decoding=\"async\" src=\"https:\/\/agrarias.ufpr.br\/fitotecnia\/wp-content\/uploads\/sites\/26\/2016\/03\/email-small-.jpg\" alt=\"email small\" width=\"22\" height=\"22\" \/> julyaneh@hotmail.com<\/p>\n<p><strong>Orientador:<\/strong>\u00a0Henrique da Silva Silveira Duarte<\/p>\n","protected":false},"excerpt":{"rendered":"<p>P\u00f3s-Doutorandos Marcos Ant\u00f4nio Dolinski Projeto: Estudo epidemiol\u00f3gico para propor manejo das principais doen\u00e7as do caquizeiro \u00a0\u00a0dolinskiagro@hotmail.com Orientadora: Louise Larissa May De Mio &nbsp; Wagner Vicente Pereira Projeto: Epidemiologia Molecular no Estudo da Variabilidade de Isolados de Monillinia spp. e Manejo da Resist\u00eancia a fungicidas \u00a0wvpereira@hotmail.com Orientadora: Louise Larissa May De Mio Doutorandos &nbsp; Alexandre Dinnys [&hellip;]<\/p>\n","protected":false},"author":10255,"featured_media":0,"parent":0,"menu_order":0,"comment_status":"closed","ping_status":"closed","template":"","meta":{"footnotes":""},"class_list":["post-3504","page","type-page","status-publish","hentry"],"_links":{"self":[{"href":"https:\/\/agrarias.ufpr.br\/fitotecnia\/wp-json\/wp\/v2\/pages\/3504","targetHints":{"allow":["GET"]}}],"collection":[{"href":"https:\/\/agrarias.ufpr.br\/fitotecnia\/wp-json\/wp\/v2\/pages"}],"about":[{"href":"https:\/\/agrarias.ufpr.br\/fitotecnia\/wp-json\/wp\/v2\/types\/page"}],"author":[{"embeddable":true,"href":"https:\/\/agrarias.ufpr.br\/fitotecnia\/wp-json\/wp\/v2\/users\/10255"}],"replies":[{"embeddable":true,"href":"https:\/\/agrarias.ufpr.br\/fitotecnia\/wp-json\/wp\/v2\/comments?post=3504"}],"version-history":[{"count":19,"href":"https:\/\/agrarias.ufpr.br\/fitotecnia\/wp-json\/wp\/v2\/pages\/3504\/revisions"}],"predecessor-version":[{"id":3525,"href":"https:\/\/agrarias.ufpr.br\/fitotecnia\/wp-json\/wp\/v2\/pages\/3504\/revisions\/3525"}],"wp:attachment":[{"href":"https:\/\/agrarias.ufpr.br\/fitotecnia\/wp-json\/wp\/v2\/media?parent=3504"}],"curies":[{"name":"wp","href":"https:\/\/api.w.org\/{rel}","templated":true}]}}