{"id":2955,"date":"2016-05-06T16:54:33","date_gmt":"2016-05-06T16:54:33","guid":{"rendered":"https:\/\/agrarias.ufpr.br\/fitotecnia\/?page_id=2955"},"modified":"2016-05-11T17:40:25","modified_gmt":"2016-05-11T17:40:25","slug":"producao-e-tecnologia-de-sementes-af-075","status":"publish","type":"page","link":"https:\/\/agrarias.ufpr.br\/fitotecnia\/producao-e-tecnologia-de-sementes-af-075\/","title":{"rendered":"Produ\u00e7\u00e3o e Tecnologia de Sementes \u2013 AF 075"},"content":{"rendered":"<p><strong>Curso<\/strong><\/p>\n<p>Agronomia<\/p>\n<p><strong>Ementa<\/strong><\/p>\n<p style=\"text-align: justify\">Import\u00e2ncia da semente. Forma\u00e7\u00e3o e matura\u00e7\u00e3o de sementes. Sistemas de produ\u00e7\u00e3o de sementes e legisla\u00e7\u00e3o. Colheita de sementes. Secagem de sementes. Beneficiamento de sementes. Armazenamento de sementes. Germina\u00e7\u00e3o e dorm\u00eancia de sementes. An\u00e1lise de sementes.<\/p>\n<p><strong>Natureza<\/strong><\/p>\n<p>Obrigat\u00f3ria<\/p>\n<p><strong>Carga hor\u00e1ria<\/strong><\/p>\n<p>60 horas<\/p>\n<p><strong>Dia\/Hor\u00e1rio<\/strong><\/p>\n<p><strong>Docente<\/strong><\/p>\n<p><a href=\"https:\/\/agrarias.ufpr.br\/fitotecnia\/maristela-panobianco\/\">Maristela Panobianco<\/a><\/p>\n","protected":false},"excerpt":{"rendered":"<p>Curso Agronomia Ementa Import\u00e2ncia da semente. Forma\u00e7\u00e3o e matura\u00e7\u00e3o de sementes. Sistemas de produ\u00e7\u00e3o de sementes e legisla\u00e7\u00e3o. Colheita de sementes. Secagem de sementes. Beneficiamento de sementes. Armazenamento de sementes. Germina\u00e7\u00e3o e dorm\u00eancia de sementes. An\u00e1lise de sementes. Natureza Obrigat\u00f3ria Carga hor\u00e1ria 60 horas Dia\/Hor\u00e1rio Docente Maristela Panobianco<\/p>\n","protected":false},"author":10255,"featured_media":0,"parent":0,"menu_order":0,"comment_status":"closed","ping_status":"closed","template":"","meta":{"footnotes":""},"class_list":["post-2955","page","type-page","status-publish","hentry"],"_links":{"self":[{"href":"https:\/\/agrarias.ufpr.br\/fitotecnia\/wp-json\/wp\/v2\/pages\/2955","targetHints":{"allow":["GET"]}}],"collection":[{"href":"https:\/\/agrarias.ufpr.br\/fitotecnia\/wp-json\/wp\/v2\/pages"}],"about":[{"href":"https:\/\/agrarias.ufpr.br\/fitotecnia\/wp-json\/wp\/v2\/types\/page"}],"author":[{"embeddable":true,"href":"https:\/\/agrarias.ufpr.br\/fitotecnia\/wp-json\/wp\/v2\/users\/10255"}],"replies":[{"embeddable":true,"href":"https:\/\/agrarias.ufpr.br\/fitotecnia\/wp-json\/wp\/v2\/comments?post=2955"}],"version-history":[{"count":4,"href":"https:\/\/agrarias.ufpr.br\/fitotecnia\/wp-json\/wp\/v2\/pages\/2955\/revisions"}],"predecessor-version":[{"id":3225,"href":"https:\/\/agrarias.ufpr.br\/fitotecnia\/wp-json\/wp\/v2\/pages\/2955\/revisions\/3225"}],"wp:attachment":[{"href":"https:\/\/agrarias.ufpr.br\/fitotecnia\/wp-json\/wp\/v2\/media?parent=2955"}],"curies":[{"name":"wp","href":"https:\/\/api.w.org\/{rel}","templated":true}]}}