{"id":2945,"date":"2016-05-06T16:53:27","date_gmt":"2016-05-06T16:53:27","guid":{"rendered":"https:\/\/agrarias.ufpr.br\/fitotecnia\/?page_id=2945"},"modified":"2016-05-12T19:44:23","modified_gmt":"2016-05-12T19:44:23","slug":"pagamento-por-servicos-ambientais-af-083","status":"publish","type":"page","link":"https:\/\/agrarias.ufpr.br\/fitotecnia\/pagamento-por-servicos-ambientais-af-083\/","title":{"rendered":"Pagamento por Servi\u00e7os Ambientais \u2013 AF 083"},"content":{"rendered":"<p><strong>Curso<\/strong><\/p>\n<p>Agronomia<\/p>\n<p><strong>Ementa<\/strong><\/p>\n<p style=\"text-align: justify\">Unidade de produ\u00e7\u00e3o rural como um subsistema de uma unidade referencial de planejamento funcional da natureza, real\u00e7ando a identifica\u00e7\u00e3o de ativos ambientais pass\u00edveis de interven\u00e7\u00e3o antr\u00f3pica direta e indireta e seu potencial como fornecedor de servi\u00e7os ambientais ao ambiente produtivo. Fundamentos de um instrumento de pagamentos por servi\u00e7os ambientais. Principais instrumentos de pagamentos por servi\u00e7os ambientais em funcionamento no Brasil. Perspectivas sobre a tem\u00e1tica.<\/p>\n<p><strong>Natureza<\/strong><\/p>\n<p>Optativa<\/p>\n<p><strong>Carga hor\u00e1ria<\/strong><\/p>\n<p>30 horas<\/p>\n<p><strong>Per\u00edodo<\/strong><\/p>\n<p>1\u00ba e 2\u00ba<\/p>\n<p><strong>Dia\/Hor\u00e1rio<\/strong><\/p>\n<p><strong>Docente<\/strong><\/p>\n<p><a href=\"https:\/\/agrarias.ufpr.br\/fitotecnia\/wilson-loureiro\/\">Wilson Loureiro<\/a><\/p>\n","protected":false},"excerpt":{"rendered":"<p>Curso Agronomia Ementa Unidade de produ\u00e7\u00e3o rural como um subsistema de uma unidade referencial de planejamento funcional da natureza, real\u00e7ando a identifica\u00e7\u00e3o de ativos ambientais pass\u00edveis de interven\u00e7\u00e3o antr\u00f3pica direta e indireta e seu potencial como fornecedor de servi\u00e7os ambientais ao ambiente produtivo. Fundamentos de um instrumento de pagamentos por servi\u00e7os ambientais. Principais instrumentos de [&hellip;]<\/p>\n","protected":false},"author":10255,"featured_media":0,"parent":0,"menu_order":0,"comment_status":"closed","ping_status":"closed","template":"","meta":{"footnotes":""},"class_list":["post-2945","page","type-page","status-publish","hentry"],"_links":{"self":[{"href":"https:\/\/agrarias.ufpr.br\/fitotecnia\/wp-json\/wp\/v2\/pages\/2945","targetHints":{"allow":["GET"]}}],"collection":[{"href":"https:\/\/agrarias.ufpr.br\/fitotecnia\/wp-json\/wp\/v2\/pages"}],"about":[{"href":"https:\/\/agrarias.ufpr.br\/fitotecnia\/wp-json\/wp\/v2\/types\/page"}],"author":[{"embeddable":true,"href":"https:\/\/agrarias.ufpr.br\/fitotecnia\/wp-json\/wp\/v2\/users\/10255"}],"replies":[{"embeddable":true,"href":"https:\/\/agrarias.ufpr.br\/fitotecnia\/wp-json\/wp\/v2\/comments?post=2945"}],"version-history":[{"count":4,"href":"https:\/\/agrarias.ufpr.br\/fitotecnia\/wp-json\/wp\/v2\/pages\/2945\/revisions"}],"predecessor-version":[{"id":3284,"href":"https:\/\/agrarias.ufpr.br\/fitotecnia\/wp-json\/wp\/v2\/pages\/2945\/revisions\/3284"}],"wp:attachment":[{"href":"https:\/\/agrarias.ufpr.br\/fitotecnia\/wp-json\/wp\/v2\/media?parent=2945"}],"curies":[{"name":"wp","href":"https:\/\/api.w.org\/{rel}","templated":true}]}}