{"id":2939,"date":"2016-05-06T16:52:43","date_gmt":"2016-05-06T16:52:43","guid":{"rendered":"https:\/\/agrarias.ufpr.br\/fitotecnia\/?page_id=2939"},"modified":"2016-05-11T17:58:30","modified_gmt":"2016-05-11T17:58:30","slug":"mecanismos-fisiologicos-da-producao-agricola-af-081","status":"publish","type":"page","link":"https:\/\/agrarias.ufpr.br\/fitotecnia\/mecanismos-fisiologicos-da-producao-agricola-af-081\/","title":{"rendered":"Mecanismos Fisiol\u00f3gicos da Produ\u00e7\u00e3o Agr\u00edcola \u2013 AF 081"},"content":{"rendered":"<p><strong>Curso<\/strong><\/p>\n<p>Agronomia<\/p>\n<p><strong>Ementa<\/strong><\/p>\n<p style=\"text-align: justify\">C\u00e9lula Vegetal, Fotoss\u00edntese e Respira\u00e7\u00e3o. Fatores Clim\u00e1ticos e Produtividade Vegetal. An\u00e1lise de Crescimento de Comunidades Vegetais. Metabolismo do Nitrog\u00eanio. Transloca\u00e7\u00e3o de Assimilados. Rela\u00e7\u00e3o Fonte e Dreno de Assimilados. Rela\u00e7\u00f5es H\u00eddricas de Plantas. Fisiologia de Est\u00f4matos. Mecanismos de Toler\u00e2ncia ao Estresse H\u00eddrico. Mecanismos de Toler\u00e2ncia ao Estresse Salino. Mecanismos de Toler\u00e2ncia ao Estresse T\u00e9rmico. Metabolismo Secund\u00e1rio de Plantas e Produ\u00e7\u00e3o Vegetal.<\/p>\n<p><strong>Natureza<\/strong><\/p>\n<p>Optativa<\/p>\n<p><strong>Carga hor\u00e1ria<\/strong><\/p>\n<p>60 horas<\/p>\n<p><strong>Semestre<\/strong><\/p>\n<p>1\u00ba<\/p>\n<p><strong>Dia\/Hor\u00e1rio<\/strong><\/p>\n<p><strong>Docente<\/strong><\/p>\n<p><a href=\"https:\/\/agrarias.ufpr.br\/fitotecnia\/cicero-deschamps\/\">Cicero Deschamps<\/a><\/p>\n","protected":false},"excerpt":{"rendered":"<p>Curso Agronomia Ementa C\u00e9lula Vegetal, Fotoss\u00edntese e Respira\u00e7\u00e3o. Fatores Clim\u00e1ticos e Produtividade Vegetal. An\u00e1lise de Crescimento de Comunidades Vegetais. Metabolismo do Nitrog\u00eanio. Transloca\u00e7\u00e3o de Assimilados. Rela\u00e7\u00e3o Fonte e Dreno de Assimilados. Rela\u00e7\u00f5es H\u00eddricas de Plantas. Fisiologia de Est\u00f4matos. Mecanismos de Toler\u00e2ncia ao Estresse H\u00eddrico. Mecanismos de Toler\u00e2ncia ao Estresse Salino. Mecanismos de Toler\u00e2ncia ao Estresse [&hellip;]<\/p>\n","protected":false},"author":10255,"featured_media":0,"parent":0,"menu_order":0,"comment_status":"closed","ping_status":"closed","template":"","meta":{"footnotes":""},"class_list":["post-2939","page","type-page","status-publish","hentry"],"_links":{"self":[{"href":"https:\/\/agrarias.ufpr.br\/fitotecnia\/wp-json\/wp\/v2\/pages\/2939","targetHints":{"allow":["GET"]}}],"collection":[{"href":"https:\/\/agrarias.ufpr.br\/fitotecnia\/wp-json\/wp\/v2\/pages"}],"about":[{"href":"https:\/\/agrarias.ufpr.br\/fitotecnia\/wp-json\/wp\/v2\/types\/page"}],"author":[{"embeddable":true,"href":"https:\/\/agrarias.ufpr.br\/fitotecnia\/wp-json\/wp\/v2\/users\/10255"}],"replies":[{"embeddable":true,"href":"https:\/\/agrarias.ufpr.br\/fitotecnia\/wp-json\/wp\/v2\/comments?post=2939"}],"version-history":[{"count":5,"href":"https:\/\/agrarias.ufpr.br\/fitotecnia\/wp-json\/wp\/v2\/pages\/2939\/revisions"}],"predecessor-version":[{"id":3235,"href":"https:\/\/agrarias.ufpr.br\/fitotecnia\/wp-json\/wp\/v2\/pages\/2939\/revisions\/3235"}],"wp:attachment":[{"href":"https:\/\/agrarias.ufpr.br\/fitotecnia\/wp-json\/wp\/v2\/media?parent=2939"}],"curies":[{"name":"wp","href":"https:\/\/api.w.org\/{rel}","templated":true}]}}