{"id":2931,"date":"2016-05-06T16:51:52","date_gmt":"2016-05-06T16:51:52","guid":{"rendered":"https:\/\/agrarias.ufpr.br\/fitotecnia\/?page_id=2931"},"modified":"2016-05-12T19:50:43","modified_gmt":"2016-05-12T19:50:43","slug":"manejo-de-lavoura-b-af-072","status":"publish","type":"page","link":"https:\/\/agrarias.ufpr.br\/fitotecnia\/manejo-de-lavoura-b-af-072\/","title":{"rendered":"Manejo de Lavoura B \u2013 AF 072"},"content":{"rendered":"<p><strong>Curso<\/strong><\/p>\n<p>Agronomia<\/p>\n<p><strong>Ementa<\/strong><\/p>\n<p>Aspectos espec\u00edficos de manejo e produ\u00e7\u00e3o das principais culturas de interesse econ\u00f4mico: feij\u00e3o, mandioca e algod\u00e3o.<\/p>\n<p><strong>Natureza<\/strong><\/p>\n<p>Optativa<\/p>\n<p><strong>Carga hor\u00e1ria<\/strong><\/p>\n<p>30 horas<\/p>\n<p><strong>Per\u00edodo<\/strong><\/p>\n<p>1\u00ba e 2\u00ba<\/p>\n<p><strong>Dia\/Hor\u00e1rio<\/strong><\/p>\n<p><strong>Docente<\/strong><\/p>\n<p><a href=\"https:\/\/agrarias.ufpr.br\/fitotecnia\/claudete-reisdorfer-lang\/\">Claudete Reisdorfer Lang<\/a><\/p>\n<p><strong>Home page<\/strong><\/p>\n<p>Grupo de estudos facebook: Agricultuta Especial III<\/p>\n","protected":false},"excerpt":{"rendered":"<p>Curso Agronomia Ementa Aspectos espec\u00edficos de manejo e produ\u00e7\u00e3o das principais culturas de interesse econ\u00f4mico: feij\u00e3o, mandioca e algod\u00e3o. Natureza Optativa Carga hor\u00e1ria 30 horas Per\u00edodo 1\u00ba e 2\u00ba Dia\/Hor\u00e1rio Docente Claudete Reisdorfer Lang Home page Grupo de estudos facebook: Agricultuta Especial III<\/p>\n","protected":false},"author":10255,"featured_media":0,"parent":0,"menu_order":0,"comment_status":"closed","ping_status":"closed","template":"","meta":{"footnotes":""},"class_list":["post-2931","page","type-page","status-publish","hentry"],"_links":{"self":[{"href":"https:\/\/agrarias.ufpr.br\/fitotecnia\/wp-json\/wp\/v2\/pages\/2931","targetHints":{"allow":["GET"]}}],"collection":[{"href":"https:\/\/agrarias.ufpr.br\/fitotecnia\/wp-json\/wp\/v2\/pages"}],"about":[{"href":"https:\/\/agrarias.ufpr.br\/fitotecnia\/wp-json\/wp\/v2\/types\/page"}],"author":[{"embeddable":true,"href":"https:\/\/agrarias.ufpr.br\/fitotecnia\/wp-json\/wp\/v2\/users\/10255"}],"replies":[{"embeddable":true,"href":"https:\/\/agrarias.ufpr.br\/fitotecnia\/wp-json\/wp\/v2\/comments?post=2931"}],"version-history":[{"count":4,"href":"https:\/\/agrarias.ufpr.br\/fitotecnia\/wp-json\/wp\/v2\/pages\/2931\/revisions"}],"predecessor-version":[{"id":3293,"href":"https:\/\/agrarias.ufpr.br\/fitotecnia\/wp-json\/wp\/v2\/pages\/2931\/revisions\/3293"}],"wp:attachment":[{"href":"https:\/\/agrarias.ufpr.br\/fitotecnia\/wp-json\/wp\/v2\/media?parent=2931"}],"curies":[{"name":"wp","href":"https:\/\/api.w.org\/{rel}","templated":true}]}}