{"id":2921,"date":"2016-05-06T16:50:44","date_gmt":"2016-05-06T16:50:44","guid":{"rendered":"https:\/\/agrarias.ufpr.br\/fitotecnia\/?page_id=2921"},"modified":"2021-03-19T15:44:10","modified_gmt":"2021-03-19T15:44:10","slug":"horticultura-especial-af-067","status":"publish","type":"page","link":"https:\/\/agrarias.ufpr.br\/fitotecnia\/horticultura-especial-af-067\/","title":{"rendered":"Horticultura II &#8211; AF 104 antiga Horticultura Especial \u2013 AF 067"},"content":{"rendered":"<p><strong>Curso<\/strong><\/p>\n<p>Agronomia<\/p>\n<p><strong>Ementa<\/strong><\/p>\n<p style=\"text-align: justify\">Aspectos fitot\u00e9cnicos do manejo de esp\u00e9cies frut\u00edferas oler\u00edcolas, medicinais, arom\u00e1ticas, condimentares e ornamentais. Sistemas de produ\u00e7\u00e3o: org\u00e2nico e convencional de plantas hort\u00edcolas. Produ\u00e7\u00e3o integrada. Fruticultura de clima temperado, subtropical e tropical. Olericultura. Floricultura, paisagismo, parques e jardins. Cultivo de plantas medicinais, arom\u00e1ticas e condimentares.<\/p>\n<p><strong>Natureza<\/strong><\/p>\n<p>Obrigat\u00f3ria<\/p>\n<p><strong>Carga hor\u00e1ria<\/strong><\/p>\n<p>60 horas<\/p>\n<p><strong>Semestre<\/strong><\/p>\n<p>1\u00ba e 2\u00ba<\/p>\n<p><strong>Dia\/Hor\u00e1rio<\/strong><\/p>\n<p><strong>Docentes<\/strong><\/p>\n","protected":false},"excerpt":{"rendered":"<p>Curso Agronomia Ementa Aspectos fitot\u00e9cnicos do manejo de esp\u00e9cies frut\u00edferas oler\u00edcolas, medicinais, arom\u00e1ticas, condimentares e ornamentais. Sistemas de produ\u00e7\u00e3o: org\u00e2nico e convencional de plantas hort\u00edcolas. Produ\u00e7\u00e3o integrada. Fruticultura de clima temperado, subtropical e tropical. Olericultura. Floricultura, paisagismo, parques e jardins. Cultivo de plantas medicinais, arom\u00e1ticas e condimentares. Natureza Obrigat\u00f3ria Carga hor\u00e1ria 60 horas Semestre 1\u00ba [&hellip;]<\/p>\n","protected":false},"author":10255,"featured_media":0,"parent":0,"menu_order":0,"comment_status":"closed","ping_status":"closed","template":"","meta":{"footnotes":""},"class_list":["post-2921","page","type-page","status-publish","hentry"],"_links":{"self":[{"href":"https:\/\/agrarias.ufpr.br\/fitotecnia\/wp-json\/wp\/v2\/pages\/2921","targetHints":{"allow":["GET"]}}],"collection":[{"href":"https:\/\/agrarias.ufpr.br\/fitotecnia\/wp-json\/wp\/v2\/pages"}],"about":[{"href":"https:\/\/agrarias.ufpr.br\/fitotecnia\/wp-json\/wp\/v2\/types\/page"}],"author":[{"embeddable":true,"href":"https:\/\/agrarias.ufpr.br\/fitotecnia\/wp-json\/wp\/v2\/users\/10255"}],"replies":[{"embeddable":true,"href":"https:\/\/agrarias.ufpr.br\/fitotecnia\/wp-json\/wp\/v2\/comments?post=2921"}],"version-history":[{"count":7,"href":"https:\/\/agrarias.ufpr.br\/fitotecnia\/wp-json\/wp\/v2\/pages\/2921\/revisions"}],"predecessor-version":[{"id":5083,"href":"https:\/\/agrarias.ufpr.br\/fitotecnia\/wp-json\/wp\/v2\/pages\/2921\/revisions\/5083"}],"wp:attachment":[{"href":"https:\/\/agrarias.ufpr.br\/fitotecnia\/wp-json\/wp\/v2\/media?parent=2921"}],"curies":[{"name":"wp","href":"https:\/\/api.w.org\/{rel}","templated":true}]}}