{"id":2915,"date":"2016-05-06T16:49:54","date_gmt":"2016-05-06T16:49:54","guid":{"rendered":"https:\/\/agrarias.ufpr.br\/fitotecnia\/?page_id=2915"},"modified":"2016-05-12T19:41:37","modified_gmt":"2016-05-12T19:41:37","slug":"fruticultura-temperada-af-087","status":"publish","type":"page","link":"https:\/\/agrarias.ufpr.br\/fitotecnia\/fruticultura-temperada-af-087\/","title":{"rendered":"Fruticultura Temperada \u2013 AF 087"},"content":{"rendered":"<p><strong>Curso<\/strong><\/p>\n<p>Agronomia<\/p>\n<p><strong>Ementa<\/strong><\/p>\n<p style=\"text-align: justify\">A import\u00e2ncia da fruticultura de clima temperado. Situa\u00e7\u00e3o da fruticultura de clima temperado no mundo, no Brasil e no Paran\u00e1. Implanta\u00e7\u00e3o e manejo de pomares de macieira, pereira, quivizeiro, videira, pessegueiro, ameixeira, pequenas frutas e outras esp\u00e9cies de import\u00e2ncia econ\u00f4mica, social e alimentar.<\/p>\n<p><strong>Natureza<\/strong><\/p>\n<p>Optativa<\/p>\n<p><strong>Carga hor\u00e1ria<\/strong><\/p>\n<p>60 horas<\/p>\n<p><strong>Semestre<\/strong><\/p>\n<p>1\u00ba e 2\u00ba<\/p>\n<p><strong>Dia\/Hor\u00e1rio<\/strong><\/p>\n<p><strong>Docentes<\/strong><\/p>\n<p><a href=\"https:\/\/agrarias.ufpr.br\/fitotecnia\/luiz-antonio-biasi\/\">Luiz Antonio Biasi<\/a><\/p>\n<p><a href=\"https:\/\/agrarias.ufpr.br\/fitotecnia\/mauro-brasil-dias-tofanelli\/\">Mauro Brasil Dias Tofanelli<\/a><\/p>\n","protected":false},"excerpt":{"rendered":"<p>Curso Agronomia Ementa A import\u00e2ncia da fruticultura de clima temperado. Situa\u00e7\u00e3o da fruticultura de clima temperado no mundo, no Brasil e no Paran\u00e1. Implanta\u00e7\u00e3o e manejo de pomares de macieira, pereira, quivizeiro, videira, pessegueiro, ameixeira, pequenas frutas e outras esp\u00e9cies de import\u00e2ncia econ\u00f4mica, social e alimentar. Natureza Optativa Carga hor\u00e1ria 60 horas Semestre 1\u00ba e [&hellip;]<\/p>\n","protected":false},"author":10255,"featured_media":0,"parent":0,"menu_order":0,"comment_status":"closed","ping_status":"closed","template":"","meta":{"footnotes":""},"class_list":["post-2915","page","type-page","status-publish","hentry"],"_links":{"self":[{"href":"https:\/\/agrarias.ufpr.br\/fitotecnia\/wp-json\/wp\/v2\/pages\/2915","targetHints":{"allow":["GET"]}}],"collection":[{"href":"https:\/\/agrarias.ufpr.br\/fitotecnia\/wp-json\/wp\/v2\/pages"}],"about":[{"href":"https:\/\/agrarias.ufpr.br\/fitotecnia\/wp-json\/wp\/v2\/types\/page"}],"author":[{"embeddable":true,"href":"https:\/\/agrarias.ufpr.br\/fitotecnia\/wp-json\/wp\/v2\/users\/10255"}],"replies":[{"embeddable":true,"href":"https:\/\/agrarias.ufpr.br\/fitotecnia\/wp-json\/wp\/v2\/comments?post=2915"}],"version-history":[{"count":4,"href":"https:\/\/agrarias.ufpr.br\/fitotecnia\/wp-json\/wp\/v2\/pages\/2915\/revisions"}],"predecessor-version":[{"id":3280,"href":"https:\/\/agrarias.ufpr.br\/fitotecnia\/wp-json\/wp\/v2\/pages\/2915\/revisions\/3280"}],"wp:attachment":[{"href":"https:\/\/agrarias.ufpr.br\/fitotecnia\/wp-json\/wp\/v2\/media?parent=2915"}],"curies":[{"name":"wp","href":"https:\/\/api.w.org\/{rel}","templated":true}]}}