{"id":2912,"date":"2016-05-06T16:49:24","date_gmt":"2016-05-06T16:49:24","guid":{"rendered":"https:\/\/agrarias.ufpr.br\/fitotecnia\/?page_id=2912"},"modified":"2026-04-07T16:09:50","modified_gmt":"2026-04-07T19:09:50","slug":"fruticultura-subtropical-e-tropical-af-088","status":"publish","type":"page","link":"https:\/\/agrarias.ufpr.br\/fitotecnia\/fruticultura-subtropical-e-tropical-af-088\/","title":{"rendered":"Fruticultura Subtropical e Tropical \u2013 AF 088"},"content":{"rendered":"\n<p><strong>Curso<\/strong><\/p>\n\n\n\n<p>Agronomia<\/p>\n\n\n\n<p><strong>Ementa<\/strong><\/p>\n\n\n\n<p>Sistema de produ\u00e7\u00e3o das frut\u00edferas subtropicais e tropicais: abacateiro, citros, anon\u00e1ceas, abacaxizeiro, bananeira, caquizeiro, coqueiro, figueira, goiabeira, mamoeiro, mangueira e maracujazeiro. Hist\u00f3rico e origem. Valor social, econ\u00f4mico e ecol\u00f3gico. Propaga\u00e7\u00e3o e forma\u00e7\u00e3o de mudas. Implanta\u00e7\u00e3o e condu\u00e7\u00e3o do pomar. Manejo fitossanit\u00e1rio Colheita, p\u00f3s-colheita e comercializa\u00e7\u00e3o.<\/p>\n\n\n\n<p><strong>Natureza<\/strong><\/p>\n\n\n\n<p>Optativa<\/p>\n\n\n\n<p><strong>Carga hor\u00e1ria<\/strong><\/p>\n\n\n\n<p>60 horas<\/p>\n\n\n\n<p><strong>Semestre<\/strong><\/p>\n\n\n\n<p>1\u00ba e 2\u00ba<\/p>\n\n\n\n<p><strong>Dia\/Hor\u00e1rio<\/strong><\/p>\n\n\n\n<p><strong>Docentes<\/strong><\/p>\n\n\n\n<p><a href=\"https:\/\/agrarias.ufpr.br\/fitotecnia\/luiz-antonio-biasi\/\">Luiz Antonio Biasi<\/a><\/p>\n\n\n\n<p><a href=\"https:\/\/agrarias.ufpr.br\/fitotecnia\/mauro-brasil-dias-tofanelli\/\">Mauro Brasil Dias Tofanelli<\/a><\/p>\n","protected":false},"excerpt":{"rendered":"<p>Curso Agronomia Ementa Sistema de produ\u00e7\u00e3o das frut\u00edferas subtropicais e tropicais: abacateiro, citros, anon\u00e1ceas, abacaxizeiro, bananeira, caquizeiro, coqueiro, figueira, goiabeira, mamoeiro, mangueira e maracujazeiro. Hist\u00f3rico e origem. Valor social, econ\u00f4mico e ecol\u00f3gico. Propaga\u00e7\u00e3o e forma\u00e7\u00e3o de mudas. Implanta\u00e7\u00e3o e condu\u00e7\u00e3o do pomar. Manejo fitossanit\u00e1rio Colheita, p\u00f3s-colheita e comercializa\u00e7\u00e3o. Natureza Optativa Carga hor\u00e1ria 60 horas Semestre [&hellip;]<\/p>\n","protected":false},"author":10255,"featured_media":0,"parent":0,"menu_order":0,"comment_status":"closed","ping_status":"closed","template":"","meta":{"footnotes":""},"class_list":["post-2912","page","type-page","status-publish","hentry"],"_links":{"self":[{"href":"https:\/\/agrarias.ufpr.br\/fitotecnia\/wp-json\/wp\/v2\/pages\/2912","targetHints":{"allow":["GET"]}}],"collection":[{"href":"https:\/\/agrarias.ufpr.br\/fitotecnia\/wp-json\/wp\/v2\/pages"}],"about":[{"href":"https:\/\/agrarias.ufpr.br\/fitotecnia\/wp-json\/wp\/v2\/types\/page"}],"author":[{"embeddable":true,"href":"https:\/\/agrarias.ufpr.br\/fitotecnia\/wp-json\/wp\/v2\/users\/10255"}],"replies":[{"embeddable":true,"href":"https:\/\/agrarias.ufpr.br\/fitotecnia\/wp-json\/wp\/v2\/comments?post=2912"}],"version-history":[{"count":5,"href":"https:\/\/agrarias.ufpr.br\/fitotecnia\/wp-json\/wp\/v2\/pages\/2912\/revisions"}],"predecessor-version":[{"id":6729,"href":"https:\/\/agrarias.ufpr.br\/fitotecnia\/wp-json\/wp\/v2\/pages\/2912\/revisions\/6729"}],"wp:attachment":[{"href":"https:\/\/agrarias.ufpr.br\/fitotecnia\/wp-json\/wp\/v2\/media?parent=2912"}],"curies":[{"name":"wp","href":"https:\/\/api.w.org\/{rel}","templated":true}]}}