{"id":2908,"date":"2016-05-06T16:48:48","date_gmt":"2016-05-06T16:48:48","guid":{"rendered":"https:\/\/agrarias.ufpr.br\/fitotecnia\/?page_id=2908"},"modified":"2016-05-11T17:40:57","modified_gmt":"2016-05-11T17:40:57","slug":"floricultura-af-089","status":"publish","type":"page","link":"https:\/\/agrarias.ufpr.br\/fitotecnia\/floricultura-af-089\/","title":{"rendered":"Floricultura \u2013 AF 089"},"content":{"rendered":"<p><strong>Curso<\/strong><\/p>\n<p>Agronomia<\/p>\n<p><strong>Ementa<\/strong><\/p>\n<p>Produ\u00e7\u00e3o e manejo de esp\u00e9cies ornamentais herb\u00e1ceas e arbustivas para uso como flores de corte e envadas.<\/p>\n<p><strong>Natureza<\/strong><\/p>\n<p>Optativa<\/p>\n<p><strong>Carga hor\u00e1ria<\/strong><\/p>\n<p>60 horas<\/p>\n<p><strong>Semestre<\/strong><\/p>\n<p>1\u00ba e 2\u00ba<\/p>\n<p><strong>Dia\/Hor\u00e1rio<\/strong><\/p>\n<p><strong>Docente<\/strong><\/p>\n<p><a href=\"https:\/\/agrarias.ufpr.br\/fitotecnia\/francine-lorena-cuquel\/\">Francine Lorena Cuquel<\/a><\/p>\n","protected":false},"excerpt":{"rendered":"<p>Curso Agronomia Ementa Produ\u00e7\u00e3o e manejo de esp\u00e9cies ornamentais herb\u00e1ceas e arbustivas para uso como flores de corte e envadas. Natureza Optativa Carga hor\u00e1ria 60 horas Semestre 1\u00ba e 2\u00ba Dia\/Hor\u00e1rio Docente Francine Lorena Cuquel<\/p>\n","protected":false},"author":10255,"featured_media":0,"parent":0,"menu_order":0,"comment_status":"closed","ping_status":"closed","template":"","meta":{"footnotes":""},"class_list":["post-2908","page","type-page","status-publish","hentry"],"_links":{"self":[{"href":"https:\/\/agrarias.ufpr.br\/fitotecnia\/wp-json\/wp\/v2\/pages\/2908","targetHints":{"allow":["GET"]}}],"collection":[{"href":"https:\/\/agrarias.ufpr.br\/fitotecnia\/wp-json\/wp\/v2\/pages"}],"about":[{"href":"https:\/\/agrarias.ufpr.br\/fitotecnia\/wp-json\/wp\/v2\/types\/page"}],"author":[{"embeddable":true,"href":"https:\/\/agrarias.ufpr.br\/fitotecnia\/wp-json\/wp\/v2\/users\/10255"}],"replies":[{"embeddable":true,"href":"https:\/\/agrarias.ufpr.br\/fitotecnia\/wp-json\/wp\/v2\/comments?post=2908"}],"version-history":[{"count":5,"href":"https:\/\/agrarias.ufpr.br\/fitotecnia\/wp-json\/wp\/v2\/pages\/2908\/revisions"}],"predecessor-version":[{"id":3226,"href":"https:\/\/agrarias.ufpr.br\/fitotecnia\/wp-json\/wp\/v2\/pages\/2908\/revisions\/3226"}],"wp:attachment":[{"href":"https:\/\/agrarias.ufpr.br\/fitotecnia\/wp-json\/wp\/v2\/media?parent=2908"}],"curies":[{"name":"wp","href":"https:\/\/api.w.org\/{rel}","templated":true}]}}