{"id":2900,"date":"2016-05-06T16:47:46","date_gmt":"2016-05-06T16:47:46","guid":{"rendered":"https:\/\/agrarias.ufpr.br\/fitotecnia\/?page_id=2900"},"modified":"2016-05-11T17:32:00","modified_gmt":"2016-05-11T17:32:00","slug":"biotecnologia-vegetal-af-073","status":"publish","type":"page","link":"https:\/\/agrarias.ufpr.br\/fitotecnia\/biotecnologia-vegetal-af-073\/","title":{"rendered":"Biotecnologia Vegetal \u2013 AF 073"},"content":{"rendered":"<p><strong>Curso<\/strong><\/p>\n<p>Agronomia<\/p>\n<p><strong>Ementa<\/strong><\/p>\n<p>Cultura de C\u00e9lulas e Tecidos Vegetais. Sistemas de Transforma\u00e7\u00e3o Gen\u00e9tica de Plantas. No\u00e7\u00f5es de Biologia Molecular: classes e aplica\u00e7\u00f5es. Legisla\u00e7\u00e3o e Biosseguran\u00e7a.<\/p>\n<p><strong>Natureza<\/strong><\/p>\n<p>Obrigat\u00f3ria<\/p>\n<p><strong>Carga hor\u00e1ria<\/strong><\/p>\n<p>30 horas<\/p>\n<p><strong>Semestre<\/strong><\/p>\n<p>1\u00ba e 2\u00ba<\/p>\n<p><strong>Dia\/Hor\u00e1rio<\/strong><\/p>\n<p><strong>Docentes<\/strong><\/p>\n<p><a href=\"https:\/\/agrarias.ufpr.br\/fitotecnia\/joao-carlos-bespalhok-filho\/\">Jo\u00e3o Carlos Bespalhok Filho<\/a><\/p>\n<p><a href=\"https:\/\/agrarias.ufpr.br\/fitotecnia\/luiz-antonio-biasi\/\">Luiz Antonio Biasi<\/a><\/p>\n<p><a href=\"https:\/\/agrarias.ufpr.br\/fitotecnia\/renata-faier-calegario-2\/\">Renata Faier Calegario<\/a><\/p>\n","protected":false},"excerpt":{"rendered":"<p>Curso Agronomia Ementa Cultura de C\u00e9lulas e Tecidos Vegetais. Sistemas de Transforma\u00e7\u00e3o Gen\u00e9tica de Plantas. No\u00e7\u00f5es de Biologia Molecular: classes e aplica\u00e7\u00f5es. Legisla\u00e7\u00e3o e Biosseguran\u00e7a. Natureza Obrigat\u00f3ria Carga hor\u00e1ria 30 horas Semestre 1\u00ba e 2\u00ba Dia\/Hor\u00e1rio Docentes Jo\u00e3o Carlos Bespalhok Filho Luiz Antonio Biasi Renata Faier Calegario<\/p>\n","protected":false},"author":10255,"featured_media":0,"parent":0,"menu_order":0,"comment_status":"closed","ping_status":"closed","template":"","meta":{"footnotes":""},"class_list":["post-2900","page","type-page","status-publish","hentry"],"_links":{"self":[{"href":"https:\/\/agrarias.ufpr.br\/fitotecnia\/wp-json\/wp\/v2\/pages\/2900","targetHints":{"allow":["GET"]}}],"collection":[{"href":"https:\/\/agrarias.ufpr.br\/fitotecnia\/wp-json\/wp\/v2\/pages"}],"about":[{"href":"https:\/\/agrarias.ufpr.br\/fitotecnia\/wp-json\/wp\/v2\/types\/page"}],"author":[{"embeddable":true,"href":"https:\/\/agrarias.ufpr.br\/fitotecnia\/wp-json\/wp\/v2\/users\/10255"}],"replies":[{"embeddable":true,"href":"https:\/\/agrarias.ufpr.br\/fitotecnia\/wp-json\/wp\/v2\/comments?post=2900"}],"version-history":[{"count":4,"href":"https:\/\/agrarias.ufpr.br\/fitotecnia\/wp-json\/wp\/v2\/pages\/2900\/revisions"}],"predecessor-version":[{"id":3207,"href":"https:\/\/agrarias.ufpr.br\/fitotecnia\/wp-json\/wp\/v2\/pages\/2900\/revisions\/3207"}],"wp:attachment":[{"href":"https:\/\/agrarias.ufpr.br\/fitotecnia\/wp-json\/wp\/v2\/media?parent=2900"}],"curies":[{"name":"wp","href":"https:\/\/api.w.org\/{rel}","templated":true}]}}