{"id":2852,"date":"2016-05-04T17:05:52","date_gmt":"2016-05-04T17:05:52","guid":{"rendered":"https:\/\/agrarias.ufpr.br\/fitotecnia\/?page_id=2852"},"modified":"2016-05-04T17:05:52","modified_gmt":"2016-05-04T17:05:52","slug":"cultivos-potenciais","status":"publish","type":"page","link":"https:\/\/agrarias.ufpr.br\/fitotecnia\/cultivos-potenciais\/","title":{"rendered":"Cultivos Potenciais"},"content":{"rendered":"<p><strong>Resumo<\/strong><\/p>\n<p style=\"text-align: justify\">Atualmente o Brasil encontra-se na condi\u00e7\u00e3o de importador de mat\u00e9ria-prima de v\u00e1rias esp\u00e9cies agr\u00edcolas, o que tem gerado um custo elevado na balan\u00e7a comercial. V\u00e1rias destas esp\u00e9cies apresentam potencial de adapta\u00e7\u00e3o nas condi\u00e7\u00f5es nacionais e a sele\u00e7\u00e3o de materiais gen\u00e9ticos com posterior desenvolvimento tecnol\u00f3gico pode contribuir para reverter esta situa\u00e7\u00e3o. Este projeto busca desenvolver tecnologias para cultivos de esp\u00e9cies agr\u00edcolas potenciais nas condi\u00e7\u00f5es edafoclim\u00e1ticas do pa\u00eds, em especial do Paran\u00e1 e Santa Catarina, de forma a gerar novas alternativas de produ\u00e7\u00e3o economicamente vi\u00e1veis ao setor agr\u00edcola nacional.<\/p>\n<p><strong>Coordenador<\/strong><\/p>\n<p><a href=\"https:\/\/agrarias.ufpr.br\/fitotecnia\/cicero-deschamps\/\">Cicero Deschamps<\/a><\/p>\n","protected":false},"excerpt":{"rendered":"<p>Resumo Atualmente o Brasil encontra-se na condi\u00e7\u00e3o de importador de mat\u00e9ria-prima de v\u00e1rias esp\u00e9cies agr\u00edcolas, o que tem gerado um custo elevado na balan\u00e7a comercial. V\u00e1rias destas esp\u00e9cies apresentam potencial de adapta\u00e7\u00e3o nas condi\u00e7\u00f5es nacionais e a sele\u00e7\u00e3o de materiais gen\u00e9ticos com posterior desenvolvimento tecnol\u00f3gico pode contribuir para reverter esta situa\u00e7\u00e3o. Este projeto busca desenvolver [&hellip;]<\/p>\n","protected":false},"author":10255,"featured_media":0,"parent":0,"menu_order":0,"comment_status":"closed","ping_status":"closed","template":"","meta":{"footnotes":""},"class_list":["post-2852","page","type-page","status-publish","hentry"],"_links":{"self":[{"href":"https:\/\/agrarias.ufpr.br\/fitotecnia\/wp-json\/wp\/v2\/pages\/2852","targetHints":{"allow":["GET"]}}],"collection":[{"href":"https:\/\/agrarias.ufpr.br\/fitotecnia\/wp-json\/wp\/v2\/pages"}],"about":[{"href":"https:\/\/agrarias.ufpr.br\/fitotecnia\/wp-json\/wp\/v2\/types\/page"}],"author":[{"embeddable":true,"href":"https:\/\/agrarias.ufpr.br\/fitotecnia\/wp-json\/wp\/v2\/users\/10255"}],"replies":[{"embeddable":true,"href":"https:\/\/agrarias.ufpr.br\/fitotecnia\/wp-json\/wp\/v2\/comments?post=2852"}],"version-history":[{"count":1,"href":"https:\/\/agrarias.ufpr.br\/fitotecnia\/wp-json\/wp\/v2\/pages\/2852\/revisions"}],"predecessor-version":[{"id":2853,"href":"https:\/\/agrarias.ufpr.br\/fitotecnia\/wp-json\/wp\/v2\/pages\/2852\/revisions\/2853"}],"wp:attachment":[{"href":"https:\/\/agrarias.ufpr.br\/fitotecnia\/wp-json\/wp\/v2\/media?parent=2852"}],"curies":[{"name":"wp","href":"https:\/\/api.w.org\/{rel}","templated":true}]}}