{"id":2702,"date":"2016-05-03T18:41:48","date_gmt":"2016-05-03T18:41:48","guid":{"rendered":"https:\/\/agrarias.ufpr.br\/fitotecnia\/?page_id=2702"},"modified":"2026-02-03T19:54:13","modified_gmt":"2026-02-03T19:54:13","slug":"engenharia-florestal","status":"publish","type":"page","link":"https:\/\/agrarias.ufpr.br\/fitotecnia\/engenharia-florestal\/","title":{"rendered":"Engenharia Florestal"},"content":{"rendered":"\n<p><strong><a href=\"https:\/\/agrarias.ufpr.br\/fitotecnia\/experimentacao-florestal-i-af-056\/\">Experimenta\u00e7\u00e3o Florestal I &#8211;&nbsp;AF 056&nbsp;<\/a><\/strong><\/p>\n\n\n\n<p><strong><a href=\"https:\/\/agrarias.ufpr.br\/fitotecnia\/experimentacao-florestal-ii-af-057\/\">Experimenta\u00e7\u00e3o Florestal II &#8211;&nbsp;AF 057<\/a><\/strong><\/p>\n\n\n\n<p><strong><a href=\"https:\/\/agrarias.ufpr.br\/fitotecnia\/fitossanidade-florestal-af-058\/\">Patologia Florestal &#8211; AF 416<\/a><\/strong><\/p>\n","protected":false},"excerpt":{"rendered":"<p>Experimenta\u00e7\u00e3o Florestal I &#8211;&nbsp;AF 056&nbsp; Experimenta\u00e7\u00e3o Florestal II &#8211;&nbsp;AF 057 Patologia Florestal &#8211; AF 416<\/p>\n","protected":false},"author":10255,"featured_media":0,"parent":0,"menu_order":0,"comment_status":"closed","ping_status":"closed","template":"","meta":{"footnotes":""},"class_list":["post-2702","page","type-page","status-publish","hentry"],"_links":{"self":[{"href":"https:\/\/agrarias.ufpr.br\/fitotecnia\/wp-json\/wp\/v2\/pages\/2702","targetHints":{"allow":["GET"]}}],"collection":[{"href":"https:\/\/agrarias.ufpr.br\/fitotecnia\/wp-json\/wp\/v2\/pages"}],"about":[{"href":"https:\/\/agrarias.ufpr.br\/fitotecnia\/wp-json\/wp\/v2\/types\/page"}],"author":[{"embeddable":true,"href":"https:\/\/agrarias.ufpr.br\/fitotecnia\/wp-json\/wp\/v2\/users\/10255"}],"replies":[{"embeddable":true,"href":"https:\/\/agrarias.ufpr.br\/fitotecnia\/wp-json\/wp\/v2\/comments?post=2702"}],"version-history":[{"count":5,"href":"https:\/\/agrarias.ufpr.br\/fitotecnia\/wp-json\/wp\/v2\/pages\/2702\/revisions"}],"predecessor-version":[{"id":6432,"href":"https:\/\/agrarias.ufpr.br\/fitotecnia\/wp-json\/wp\/v2\/pages\/2702\/revisions\/6432"}],"wp:attachment":[{"href":"https:\/\/agrarias.ufpr.br\/fitotecnia\/wp-json\/wp\/v2\/media?parent=2702"}],"curies":[{"name":"wp","href":"https:\/\/api.w.org\/{rel}","templated":true}]}}