{"id":2598,"date":"2016-05-03T12:35:43","date_gmt":"2016-05-03T12:35:43","guid":{"rendered":"https:\/\/agrarias.ufpr.br\/fitotecnia\/?page_id=2598"},"modified":"2026-02-03T19:53:59","modified_gmt":"2026-02-03T19:53:59","slug":"disciplinas-curriculo-2015","status":"publish","type":"page","link":"https:\/\/agrarias.ufpr.br\/fitotecnia\/disciplinas-curriculo-2015\/","title":{"rendered":"Agronomia &#8211; Curr\u00edculo Vigente 2015"},"content":{"rendered":"\n<h4 class=\"wp-block-heading\"><span style=\"color: #ff0000;\"><strong>Obrigat\u00f3rias<\/strong><\/span><\/h4>\n\n\n\n<p><span style=\"color: #000000;\"><strong><a style=\"color: #000000;\" href=\"https:\/\/agrarias.ufpr.br\/fitotecnia\/agricultura-geral-af-066\/\">Agricultura Geral \u2013&nbsp;AF 066<\/a><\/strong><\/span><\/p>\n\n\n\n<p><span style=\"color: #000000;\"><strong><a style=\"color: #000000;\" href=\"https:\/\/agrarias.ufpr.br\/fitotecnia\/armazenamento-de-produtos-agricolas-af-078\/\">Armazenamento de Produtos Agr\u00edcolas \u2013&nbsp;AF 078<\/a><\/strong><\/span><\/p>\n\n\n\n<p><span style=\"color: #000000;\"><strong><a style=\"color: #000000;\" href=\"https:\/\/agrarias.ufpr.br\/fitotecnia\/biotecnologia-vegetal-af-073\/\">Biotecnologia Vegetal \u2013&nbsp;AF 073<\/a><\/strong><\/span><\/p>\n\n\n\n<p><span style=\"color: #000000;\"><strong><a style=\"color: #000000;\" href=\"https:\/\/agrarias.ufpr.br\/fitotecnia\/controle-de-plantas-daninhas-af-077\/\">Controle de Plantas Daninhas &#8211;&nbsp;AF 077<\/a><\/strong><\/span><\/p>\n\n\n\n<p><span style=\"color: #000000;\"><strong><a style=\"color: #000000;\" href=\"https:\/\/agrarias.ufpr.br\/fitotecnia\/defesa-sanitaria-vegetal-e-urbana-af-070\/\">Defesa Sanit\u00e1ria Vegetal e Urbana &#8211;&nbsp;AF 070<\/a><\/strong><\/span><\/p>\n\n\n\n<p><span style=\"color: #000000;\"><strong><a style=\"color: #000000;\" href=\"https:\/\/agrarias.ufpr.br\/fitotecnia\/doencas-de-plantas-cultivadas-af-076\/\">Doen\u00e7as de Plantas Cultivadas &#8211;&nbsp;AF 076<\/a><\/strong><\/span><\/p>\n\n\n\n<p><span style=\"color: #000000;\"><strong><a style=\"color: #000000;\" href=\"https:\/\/agrarias.ufpr.br\/fitotecnia\/experimentacao-agricola-af-064\/\">Experimenta\u00e7\u00e3o Agr\u00edcola &#8211; AF 064<\/a><\/strong><\/span><\/p>\n\n\n\n<p><span style=\"color: #000000;\"><strong><a style=\"color: #000000;\" href=\"https:\/\/agrarias.ufpr.br\/fitotecnia\/forragicultura-af-079\/\">Forragicultura &#8211;&nbsp;AF 079<\/a><\/strong><\/span><\/p>\n\n\n\n<p><span style=\"color: #000000;\"><strong><a style=\"color: #000000;\" href=\"https:\/\/agrarias.ufpr.br\/fitotecnia\/fundamentos-de-fitopatologia-af-093\/\">Fundamentos de Fitopatologia &#8211;&nbsp;AF 093<\/a><\/strong><\/span><\/p>\n\n\n\n<p><span style=\"color: #000000;\"><strong><a style=\"color: #000000;\" href=\"https:\/\/agrarias.ufpr.br\/fitotecnia\/horticultura-especial-af-067\/\">Horticultura II-&nbsp;AF 104<\/a><\/strong><\/span><\/p>\n\n\n\n<p><span style=\"color: #000000;\"><strong><a style=\"color: #000000;\" href=\"https:\/\/agrarias.ufpr.br\/fitotecnia\/horticultura-geral-af-063\/\">Horticultura I &#8211;&nbsp;AF 103<\/a><\/strong><\/span><\/p>\n\n\n\n<p><span style=\"color: #000000;\"><strong><a style=\"color: #000000;\" href=\"https:\/\/agrarias.ufpr.br\/fitotecnia\/introducao-a-engenharia-agronomica\/\">Introdu\u00e7\u00e3o \u00e0 Engenharia Agron\u00f4mica &#8211; AF 062<\/a><\/strong><\/span><\/p>\n\n\n\n<p><span style=\"color: #000000;\"><strong><a style=\"color: #000000;\" href=\"https:\/\/agrarias.ufpr.br\/fitotecnia\/legislacao-e-etica-profissional-af-068\/\">Legisla\u00e7\u00e3o e \u00c9tica Profissional &#8211;&nbsp;AF 068<\/a><\/strong><\/span><\/p>\n\n\n\n<p><span style=\"color: #000000;\"><strong><a style=\"color: #000000;\" href=\"https:\/\/agrarias.ufpr.br\/fitotecnia\/manejo-de-lavoura-a-af-071\/\">Manejo de Lavoura A &#8211;&nbsp;AF 071<\/a><\/strong><\/span><\/p>\n\n\n\n<p><span style=\"color: #000000;\"><strong><a style=\"color: #000000;\" href=\"https:\/\/agrarias.ufpr.br\/fitotecnia\/manejo-de-lavoura-b-af-072\/\">Manejo de Lavoura B &#8211;&nbsp;AF 072<\/a><\/strong><\/span><\/p>\n\n\n\n<p><span style=\"color: #000000;\"><strong><a style=\"color: #000000;\" href=\"https:\/\/agrarias.ufpr.br\/fitotecnia\/manejo-de-lavoura-c-af-074\/\">Manejo de Lavoura C &#8211;&nbsp;AF 074<\/a><\/strong><\/span><\/p>\n\n\n\n<p><span style=\"color: #000000;\"><strong><a style=\"color: #000000;\" href=\"https:\/\/agrarias.ufpr.br\/fitotecnia\/manejo-integrado-de-pragas-af-065\/\">Manejo Integrado de Pragas &#8211;&nbsp;AF 065<\/a><\/strong><\/span><\/p>\n\n\n\n<p><span style=\"color: #000000;\"><strong><a style=\"color: #000000;\" href=\"https:\/\/agrarias.ufpr.br\/fitotecnia\/melhoramento-de-plantas-af-069\/\">Melhoramento de Plantas &#8211;&nbsp;AF 069<\/a><\/strong><\/span><\/p>\n\n\n\n<p><span style=\"color: #000000;\"><strong><a style=\"color: #000000;\" href=\"https:\/\/agrarias.ufpr.br\/fitotecnia\/producao-e-tecnologia-de-sementes-af-075\/\">Produ\u00e7\u00e3o e Tecnologia de Sementes &#8211;&nbsp;AF 075<\/a><\/strong><\/span><\/p>\n\n\n\n<h4 class=\"wp-block-heading\"><span style=\"color: #ff0000;\"><strong>Optativas<\/strong><\/span><\/h4>\n\n\n\n<p><strong><span style=\"color: #000000;\"><a style=\"color: #000000;\" href=\"https:\/\/agrarias.ufpr.br\/fitotecnia\/agroecologia-af098\/\">Agroecologia-AF098<\/a><\/span><\/strong><\/p>\n\n\n\n<p><strong><span style=\"color: #000000;\"><a style=\"color: #000000;\" href=\"https:\/\/agrarias.ufpr.br\/fitotecnia\/?page_id=5712\">Agroecologia Aplicada-AF102<\/a><\/span><\/strong><\/p>\n\n\n\n<p><a href=\"https:\/\/agrarias.ufpr.br\/fitotecnia\/floricultura-af-089\/\"><span style=\"color: #000000;\"><strong>Floricultura &#8211;&nbsp;AF 089<\/strong><\/span><\/a><\/p>\n\n\n\n<p><span style=\"color: #000000;\"><strong><a style=\"color: #000000;\" href=\"https:\/\/agrarias.ufpr.br\/fitotecnia\/fruticultura-subtropical-e-tropical-af-088\/\">Fruticultura Subtropical e Tropical &#8211;&nbsp;AF 088<\/a><\/strong><\/span><\/p>\n\n\n\n<p><span style=\"color: #000000;\"><strong><a style=\"color: #000000;\" href=\"https:\/\/agrarias.ufpr.br\/fitotecnia\/fruticultura-temperada-af-087\/\">Fruticultura Temperada &#8211;&nbsp;AF 087<\/a><\/strong><\/span><\/p>\n\n\n\n<p><span style=\"color: #000000;\"><strong><a style=\"color: #000000;\" href=\"https:\/\/agrarias.ufpr.br\/fitotecnia\/gestao-ambiental-aplicada-af-082\/\">Gest\u00e3o Ambiental Aplicada &#8211;&nbsp;AF 082<\/a><\/strong><\/span><\/p>\n\n\n\n<p><span style=\"color: #000000;\"><strong><a style=\"color: #000000;\" href=\"https:\/\/agrarias.ufpr.br\/fitotecnia\/manejo-de-pastagens-af-084\/\">Manejo de Pastagens &#8211;&nbsp;AF 084<\/a><\/strong><\/span><\/p>\n\n\n\n<p><span style=\"color: #000000;\"><strong><a style=\"color: #000000;\" href=\"https:\/\/agrarias.ufpr.br\/fitotecnia\/manejo-da-producao-agricola-af-086\/\">Manejo da Produ\u00e7\u00e3o Agr\u00edcola &#8211;&nbsp;AF 086<\/a><\/strong><\/span><\/p>\n\n\n\n<p><span style=\"color: #000000;\"><strong><a style=\"color: #000000;\" href=\"https:\/\/agrarias.ufpr.br\/fitotecnia\/mecanismos-fisiologicos-da-producao-agricola-af-081\/\">Mecanismos Fisiol\u00f3gicos da Produ\u00e7\u00e3o Agr\u00edcola &#8211;&nbsp;AF 081<\/a><\/strong><\/span><\/p>\n\n\n\n<p><span style=\"color: #000000;\"><strong><a style=\"color: #000000;\" href=\"https:\/\/agrarias.ufpr.br\/fitotecnia\/nematologia-agricola-af-061\/\">Nematologia Agr\u00edcola &#8211;&nbsp;AF 061<\/a><\/strong><\/span><\/p>\n\n\n\n<p><span style=\"color: #000000;\"><strong><a style=\"color: #000000;\" href=\"https:\/\/agrarias.ufpr.br\/fitotecnia\/olericultura-af-090\/\">Olericultura &#8211;&nbsp;AF 090<\/a><\/strong><\/span><\/p>\n\n\n\n<p><span style=\"color: #000000;\"><strong><a style=\"color: #000000;\" href=\"https:\/\/agrarias.ufpr.br\/fitotecnia\/pagamento-por-servicos-ambientais-af-083\/\">Pagamento por Servi\u00e7os Ambientais &#8211;&nbsp;AF 083<\/a><\/strong><\/span><\/p>\n\n\n\n<p><span style=\"color: #000000;\"><strong><a style=\"color: #000000;\" href=\"https:\/\/agrarias.ufpr.br\/fitotecnia\/paisagismo-af-091\/\">Paisagismo &#8211;&nbsp;AF 091<\/a><\/strong><\/span><\/p>\n\n\n\n<p><span style=\"color: #000000;\"><strong><a style=\"color: #000000;\" href=\"https:\/\/agrarias.ufpr.br\/fitotecnia\/plantas-medicinais-aromaticas-e-condimentares-af-085\/\">Plantas Medicinais, Arom\u00e1ticas e Condimentares &#8211;&nbsp;AF 085<\/a><\/strong><\/span><\/p>\n\n\n\n<p><span style=\"color: #000000;\"><strong><a style=\"color: #000000;\" href=\"https:\/\/agrarias.ufpr.br\/fitotecnia\/plantas-potenciais-af-080\/\">Plantas Potenciais &#8211;&nbsp;AF 080<\/a><\/strong><\/span><\/p>\n\n\n\n<p><span style=\"color: #000000;\"><strong><a style=\"color: #000000;\" href=\"https:\/\/agrarias.ufpr.br\/fitotecnia\/pos-colheita-aplicada-a-horticultura-af-092\/\">P\u00f3s-colheita aplicada \u00e0 Horticultura &#8211;&nbsp;AF 092<\/a><\/strong><\/span><\/p>\n\n\n\n<p><span style=\"color: #000000;\"><strong><a style=\"color: #000000;\" href=\"https:\/\/agrarias.ufpr.br\/fitotecnia\/manejo-de-plantas-potenciais-af097\/\">Manejo de Plantas Potenciais &#8211; AF097<\/a><\/strong><\/span><\/p>\n","protected":false},"excerpt":{"rendered":"<p>Obrigat\u00f3rias Agricultura Geral \u2013&nbsp;AF 066 Armazenamento de Produtos Agr\u00edcolas \u2013&nbsp;AF 078 Biotecnologia Vegetal \u2013&nbsp;AF 073 Controle de Plantas Daninhas &#8211;&nbsp;AF 077 Defesa Sanit\u00e1ria Vegetal e Urbana &#8211;&nbsp;AF 070 Doen\u00e7as de Plantas Cultivadas &#8211;&nbsp;AF 076 Experimenta\u00e7\u00e3o Agr\u00edcola &#8211; AF 064 Forragicultura &#8211;&nbsp;AF 079 Fundamentos de Fitopatologia &#8211;&nbsp;AF 093 Horticultura II-&nbsp;AF 104 Horticultura I &#8211;&nbsp;AF 103 Introdu\u00e7\u00e3o [&hellip;]<\/p>\n","protected":false},"author":3,"featured_media":0,"parent":0,"menu_order":0,"comment_status":"closed","ping_status":"closed","template":"","meta":{"footnotes":""},"class_list":["post-2598","page","type-page","status-publish","hentry"],"_links":{"self":[{"href":"https:\/\/agrarias.ufpr.br\/fitotecnia\/wp-json\/wp\/v2\/pages\/2598","targetHints":{"allow":["GET"]}}],"collection":[{"href":"https:\/\/agrarias.ufpr.br\/fitotecnia\/wp-json\/wp\/v2\/pages"}],"about":[{"href":"https:\/\/agrarias.ufpr.br\/fitotecnia\/wp-json\/wp\/v2\/types\/page"}],"author":[{"embeddable":true,"href":"https:\/\/agrarias.ufpr.br\/fitotecnia\/wp-json\/wp\/v2\/users\/3"}],"replies":[{"embeddable":true,"href":"https:\/\/agrarias.ufpr.br\/fitotecnia\/wp-json\/wp\/v2\/comments?post=2598"}],"version-history":[{"count":31,"href":"https:\/\/agrarias.ufpr.br\/fitotecnia\/wp-json\/wp\/v2\/pages\/2598\/revisions"}],"predecessor-version":[{"id":6431,"href":"https:\/\/agrarias.ufpr.br\/fitotecnia\/wp-json\/wp\/v2\/pages\/2598\/revisions\/6431"}],"wp:attachment":[{"href":"https:\/\/agrarias.ufpr.br\/fitotecnia\/wp-json\/wp\/v2\/media?parent=2598"}],"curies":[{"name":"wp","href":"https:\/\/api.w.org\/{rel}","templated":true}]}}