{"id":2479,"date":"2016-04-27T20:41:03","date_gmt":"2016-04-27T20:41:03","guid":{"rendered":"https:\/\/agrarias.ufpr.br\/fitotecnia\/?page_id=2479"},"modified":"2016-05-11T12:32:31","modified_gmt":"2016-05-11T12:32:31","slug":"legislacao-e-etica-profissional","status":"publish","type":"page","link":"https:\/\/agrarias.ufpr.br\/fitotecnia\/legislacao-e-etica-profissional\/","title":{"rendered":"Legisla\u00e7\u00e3o e \u00c9tica Profissional &#8211; AF 335"},"content":{"rendered":"<p><strong>Curso<\/strong><\/p>\n<p>Agronomia<\/p>\n<p><strong>Ementa<\/strong><\/p>\n<p style=\"text-align: justify\">Legisla\u00e7\u00e3o profissional do engenheiro agr\u00f4nomo. Organiza\u00e7\u00e3o institucional, direitos e deveres na forma\u00e7\u00e3o escolar do aluno de agronomia. Instrumentos de pol\u00edtica profissional: associativismo, cooperativismo, sindicalismo e \u00f3rg\u00e3o gestor da profiss\u00e3o. Responsabilidade \u00e9tica, social e jur\u00eddica do profissional de agronomia. Planejamento profissional e profissionalidade na Agronomia. Direitos humanos.<\/p>\n<p><strong>Natureza<\/strong><\/p>\n<p>Obrigat\u00f3ria<\/p>\n<p><strong>Carga hor\u00e1ria<\/strong><\/p>\n<p>30 horas<\/p>\n<p><strong>Per\u00edodo<\/strong><\/p>\n<p>1\u00ba e 2\u00ba<\/p>\n<p><strong>Dia\/Hor\u00e1rio<\/strong><\/p>\n<p>Ter\u00e7a-feira \/ 18:30 \u2013 20:30 horas<\/p>\n<p><strong>Docente<\/strong><\/p>\n<p><a href=\"https:\/\/agrarias.ufpr.br\/fitotecnia\/wilson-loureiro\/\">Wilson Loureiro<\/a><\/p>\n","protected":false},"excerpt":{"rendered":"<p>Curso Agronomia Ementa Legisla\u00e7\u00e3o profissional do engenheiro agr\u00f4nomo. Organiza\u00e7\u00e3o institucional, direitos e deveres na forma\u00e7\u00e3o escolar do aluno de agronomia. Instrumentos de pol\u00edtica profissional: associativismo, cooperativismo, sindicalismo e \u00f3rg\u00e3o gestor da profiss\u00e3o. Responsabilidade \u00e9tica, social e jur\u00eddica do profissional de agronomia. Planejamento profissional e profissionalidade na Agronomia. Direitos humanos. Natureza Obrigat\u00f3ria Carga hor\u00e1ria 30 horas [&hellip;]<\/p>\n","protected":false},"author":10255,"featured_media":0,"parent":0,"menu_order":0,"comment_status":"closed","ping_status":"closed","template":"","meta":{"footnotes":""},"class_list":["post-2479","page","type-page","status-publish","hentry"],"_links":{"self":[{"href":"https:\/\/agrarias.ufpr.br\/fitotecnia\/wp-json\/wp\/v2\/pages\/2479","targetHints":{"allow":["GET"]}}],"collection":[{"href":"https:\/\/agrarias.ufpr.br\/fitotecnia\/wp-json\/wp\/v2\/pages"}],"about":[{"href":"https:\/\/agrarias.ufpr.br\/fitotecnia\/wp-json\/wp\/v2\/types\/page"}],"author":[{"embeddable":true,"href":"https:\/\/agrarias.ufpr.br\/fitotecnia\/wp-json\/wp\/v2\/users\/10255"}],"replies":[{"embeddable":true,"href":"https:\/\/agrarias.ufpr.br\/fitotecnia\/wp-json\/wp\/v2\/comments?post=2479"}],"version-history":[{"count":8,"href":"https:\/\/agrarias.ufpr.br\/fitotecnia\/wp-json\/wp\/v2\/pages\/2479\/revisions"}],"predecessor-version":[{"id":3108,"href":"https:\/\/agrarias.ufpr.br\/fitotecnia\/wp-json\/wp\/v2\/pages\/2479\/revisions\/3108"}],"wp:attachment":[{"href":"https:\/\/agrarias.ufpr.br\/fitotecnia\/wp-json\/wp\/v2\/media?parent=2479"}],"curies":[{"name":"wp","href":"https:\/\/api.w.org\/{rel}","templated":true}]}}