{"id":2468,"date":"2016-04-27T20:26:41","date_gmt":"2016-04-27T20:26:41","guid":{"rendered":"https:\/\/agrarias.ufpr.br\/fitotecnia\/?page_id=2468"},"modified":"2016-05-03T19:16:17","modified_gmt":"2016-05-03T19:16:17","slug":"gestao-ambiental-aplicada","status":"publish","type":"page","link":"https:\/\/agrarias.ufpr.br\/fitotecnia\/gestao-ambiental-aplicada\/","title":{"rendered":"Gest\u00e3o Ambiental Aplicada &#8211; AF 082"},"content":{"rendered":"<p><strong>Ementa<\/strong><\/p>\n<p style=\"text-align: justify\">O problema ambiental e seu diagn\u00f3stico. Fundamentos e busca das alternativas de sua solu\u00e7\u00e3o. Mobiliza\u00e7\u00e3o dos agentes sociais e econ\u00f4micos por meio da educa\u00e7\u00e3o inclusiva, dos est\u00edmulos e incentivos econ\u00f4micos e pagamentos pelos servi\u00e7os ambientais. Aplica\u00e7\u00e3o de a\u00e7\u00f5es de comando e controle.<\/p>\n<p><strong>Natureza<\/strong><\/p>\n<p>Optativa<\/p>\n<p><strong>Carga hor\u00e1ria<\/strong><\/p>\n<p>60 horas<\/p>\n<p><strong>Semestre<\/strong><\/p>\n<p>1\u00ba e 2\u00ba<\/p>\n<p><strong>Dia\/Hor\u00e1rio<\/strong><\/p>\n<p>Ter\u00e7a-feira \/ 07:30 \u2013 11:30 horas<\/p>\n<p><strong>Docente\u00a0<\/strong><\/p>\n<p><a href=\"https:\/\/agrarias.ufpr.br\/fitotecnia\/wilson-loureiro\/\">Wilson Loureiro<\/a><\/p>\n<p>&nbsp;<\/p>\n","protected":false},"excerpt":{"rendered":"<p>Ementa O problema ambiental e seu diagn\u00f3stico. Fundamentos e busca das alternativas de sua solu\u00e7\u00e3o. Mobiliza\u00e7\u00e3o dos agentes sociais e econ\u00f4micos por meio da educa\u00e7\u00e3o inclusiva, dos est\u00edmulos e incentivos econ\u00f4micos e pagamentos pelos servi\u00e7os ambientais. Aplica\u00e7\u00e3o de a\u00e7\u00f5es de comando e controle. Natureza Optativa Carga hor\u00e1ria 60 horas Semestre 1\u00ba e 2\u00ba Dia\/Hor\u00e1rio Ter\u00e7a-feira [&hellip;]<\/p>\n","protected":false},"author":10255,"featured_media":0,"parent":0,"menu_order":0,"comment_status":"closed","ping_status":"closed","template":"","meta":{"footnotes":""},"class_list":["post-2468","page","type-page","status-publish","hentry"],"_links":{"self":[{"href":"https:\/\/agrarias.ufpr.br\/fitotecnia\/wp-json\/wp\/v2\/pages\/2468","targetHints":{"allow":["GET"]}}],"collection":[{"href":"https:\/\/agrarias.ufpr.br\/fitotecnia\/wp-json\/wp\/v2\/pages"}],"about":[{"href":"https:\/\/agrarias.ufpr.br\/fitotecnia\/wp-json\/wp\/v2\/types\/page"}],"author":[{"embeddable":true,"href":"https:\/\/agrarias.ufpr.br\/fitotecnia\/wp-json\/wp\/v2\/users\/10255"}],"replies":[{"embeddable":true,"href":"https:\/\/agrarias.ufpr.br\/fitotecnia\/wp-json\/wp\/v2\/comments?post=2468"}],"version-history":[{"count":5,"href":"https:\/\/agrarias.ufpr.br\/fitotecnia\/wp-json\/wp\/v2\/pages\/2468\/revisions"}],"predecessor-version":[{"id":2755,"href":"https:\/\/agrarias.ufpr.br\/fitotecnia\/wp-json\/wp\/v2\/pages\/2468\/revisions\/2755"}],"wp:attachment":[{"href":"https:\/\/agrarias.ufpr.br\/fitotecnia\/wp-json\/wp\/v2\/media?parent=2468"}],"curies":[{"name":"wp","href":"https:\/\/api.w.org\/{rel}","templated":true}]}}