{"id":2428,"date":"2016-04-27T12:04:39","date_gmt":"2016-04-27T12:04:39","guid":{"rendered":"https:\/\/agrarias.ufpr.br\/fitotecnia\/?page_id=2428"},"modified":"2016-04-27T12:08:07","modified_gmt":"2016-04-27T12:08:07","slug":"deteccao-e-controle-de-patogenos-em-sementes","status":"publish","type":"page","link":"https:\/\/agrarias.ufpr.br\/fitotecnia\/deteccao-e-controle-de-patogenos-em-sementes\/","title":{"rendered":"Detec\u00e7\u00e3o e controle de pat\u00f3genos em sementes"},"content":{"rendered":"<p><strong>Resumo<\/strong><\/p>\n<p style=\"text-align: justify\">Neste trabalho s\u00e3o avaliados a incid\u00eancia, transmiss\u00e3o e controle de pat\u00f3genos em sementes de cereais e oler\u00edcolas. Nos ensaios de controle duas modalidades de tratamento de sementes est\u00e3o sendo avaliadas. A primeira com o uso de microrganismos com potencial de controle biol\u00f3gico e \u00f3leos essenciais e a segunda delas com o uso de fungicidas.<\/p>\n<p><strong>Coordenadora<\/strong><\/p>\n<p><a href=\"https:\/\/agrarias.ufpr.br\/fitotecnia\/lucimeris-ruaro\/\">Lucimeris Ruaro<\/a><\/p>\n<p><strong>Colaboradores<\/strong><\/p>\n<p>Ademir Assis Henning<\/p>\n<p>Ot\u00e1vio Augusto Tabalipa<\/p>\n<p>Helena Denke Stroher<\/p>\n","protected":false},"excerpt":{"rendered":"<p>Resumo Neste trabalho s\u00e3o avaliados a incid\u00eancia, transmiss\u00e3o e controle de pat\u00f3genos em sementes de cereais e oler\u00edcolas. Nos ensaios de controle duas modalidades de tratamento de sementes est\u00e3o sendo avaliadas. A primeira com o uso de microrganismos com potencial de controle biol\u00f3gico e \u00f3leos essenciais e a segunda delas com o uso de fungicidas. [&hellip;]<\/p>\n","protected":false},"author":10255,"featured_media":0,"parent":0,"menu_order":0,"comment_status":"closed","ping_status":"closed","template":"","meta":{"footnotes":""},"class_list":["post-2428","page","type-page","status-publish","hentry"],"_links":{"self":[{"href":"https:\/\/agrarias.ufpr.br\/fitotecnia\/wp-json\/wp\/v2\/pages\/2428","targetHints":{"allow":["GET"]}}],"collection":[{"href":"https:\/\/agrarias.ufpr.br\/fitotecnia\/wp-json\/wp\/v2\/pages"}],"about":[{"href":"https:\/\/agrarias.ufpr.br\/fitotecnia\/wp-json\/wp\/v2\/types\/page"}],"author":[{"embeddable":true,"href":"https:\/\/agrarias.ufpr.br\/fitotecnia\/wp-json\/wp\/v2\/users\/10255"}],"replies":[{"embeddable":true,"href":"https:\/\/agrarias.ufpr.br\/fitotecnia\/wp-json\/wp\/v2\/comments?post=2428"}],"version-history":[{"count":2,"href":"https:\/\/agrarias.ufpr.br\/fitotecnia\/wp-json\/wp\/v2\/pages\/2428\/revisions"}],"predecessor-version":[{"id":2435,"href":"https:\/\/agrarias.ufpr.br\/fitotecnia\/wp-json\/wp\/v2\/pages\/2428\/revisions\/2435"}],"wp:attachment":[{"href":"https:\/\/agrarias.ufpr.br\/fitotecnia\/wp-json\/wp\/v2\/media?parent=2428"}],"curies":[{"name":"wp","href":"https:\/\/api.w.org\/{rel}","templated":true}]}}