{"id":2394,"date":"2016-04-26T20:47:13","date_gmt":"2016-04-26T20:47:13","guid":{"rendered":"https:\/\/agrarias.ufpr.br\/fitotecnia\/?page_id=2394"},"modified":"2016-05-11T12:29:57","modified_gmt":"2016-05-11T12:29:57","slug":"fitopatologia-especial-af-013","status":"publish","type":"page","link":"https:\/\/agrarias.ufpr.br\/fitotecnia\/fitopatologia-especial-af-013\/","title":{"rendered":"Fitopatologia Especial &#8211; AF 313"},"content":{"rendered":"<p><strong>Curso<\/strong><\/p>\n<p>Agronomia<\/p>\n<p><strong>Ementa<\/strong><\/p>\n<p style=\"text-align: justify\">Estudo das doen\u00e7as nas principais culturas de interesse econ\u00f4mico: Oler\u00edcolas; Fruteiras; Grandes culturas e Ornamentais. M\u00e9todos de controle das doen\u00e7as de plantas: Cultural; Biol\u00f3gico; Gen\u00e9tico; Qu\u00edmico; F\u00edsico e Resist\u00eancia de plantas a pat\u00f3genos. Patologia e Tratamento de sementes; Manejo integrado de doen\u00e7as das plantas.<\/p>\n<p><strong>Natureza<\/strong><\/p>\n<p>Obrigat\u00f3ria<\/p>\n<p><strong>Carga hor\u00e1ria<\/strong><\/p>\n<p><strong>\u00a0<\/strong>75 horas<\/p>\n<p><strong>Semestre<\/strong><\/p>\n<p><strong>\u00a0<\/strong>1\u00ba e 2\u00ba<\/p>\n<p><strong>Dia\/Hor\u00e1rio<\/strong><\/p>\n<p>Quarta-feira \/ 07:30 \u2013 12:30 horas<\/p>\n<p>Quarta-feira \/ 13:30 \u2013 18:30 horas<\/p>\n<p><strong>Docente<\/strong><\/p>\n<p><a href=\"https:\/\/agrarias.ufpr.br\/fitotecnia\/lucimeris-ruaro\/\">Lucimeris Ruaro<\/a><\/p>\n","protected":false},"excerpt":{"rendered":"<p>Curso Agronomia Ementa Estudo das doen\u00e7as nas principais culturas de interesse econ\u00f4mico: Oler\u00edcolas; Fruteiras; Grandes culturas e Ornamentais. M\u00e9todos de controle das doen\u00e7as de plantas: Cultural; Biol\u00f3gico; Gen\u00e9tico; Qu\u00edmico; F\u00edsico e Resist\u00eancia de plantas a pat\u00f3genos. Patologia e Tratamento de sementes; Manejo integrado de doen\u00e7as das plantas. Natureza Obrigat\u00f3ria Carga hor\u00e1ria \u00a075 horas Semestre \u00a01\u00ba [&hellip;]<\/p>\n","protected":false},"author":10255,"featured_media":0,"parent":0,"menu_order":0,"comment_status":"closed","ping_status":"closed","template":"","meta":{"footnotes":""},"class_list":["post-2394","page","type-page","status-publish","hentry"],"_links":{"self":[{"href":"https:\/\/agrarias.ufpr.br\/fitotecnia\/wp-json\/wp\/v2\/pages\/2394","targetHints":{"allow":["GET"]}}],"collection":[{"href":"https:\/\/agrarias.ufpr.br\/fitotecnia\/wp-json\/wp\/v2\/pages"}],"about":[{"href":"https:\/\/agrarias.ufpr.br\/fitotecnia\/wp-json\/wp\/v2\/types\/page"}],"author":[{"embeddable":true,"href":"https:\/\/agrarias.ufpr.br\/fitotecnia\/wp-json\/wp\/v2\/users\/10255"}],"replies":[{"embeddable":true,"href":"https:\/\/agrarias.ufpr.br\/fitotecnia\/wp-json\/wp\/v2\/comments?post=2394"}],"version-history":[{"count":5,"href":"https:\/\/agrarias.ufpr.br\/fitotecnia\/wp-json\/wp\/v2\/pages\/2394\/revisions"}],"predecessor-version":[{"id":3102,"href":"https:\/\/agrarias.ufpr.br\/fitotecnia\/wp-json\/wp\/v2\/pages\/2394\/revisions\/3102"}],"wp:attachment":[{"href":"https:\/\/agrarias.ufpr.br\/fitotecnia\/wp-json\/wp\/v2\/media?parent=2394"}],"curies":[{"name":"wp","href":"https:\/\/api.w.org\/{rel}","templated":true}]}}