{"id":2383,"date":"2016-04-26T20:28:17","date_gmt":"2016-04-26T20:28:17","guid":{"rendered":"https:\/\/agrarias.ufpr.br\/fitotecnia\/?page_id=2383"},"modified":"2016-05-11T17:18:18","modified_gmt":"2016-05-11T17:18:18","slug":"experimentacao-florestal-ii-af-057","status":"publish","type":"page","link":"https:\/\/agrarias.ufpr.br\/fitotecnia\/experimentacao-florestal-ii-af-057\/","title":{"rendered":"Experimenta\u00e7\u00e3o Florestal II &#8211; AF 057"},"content":{"rendered":"<p><strong>Curso<\/strong><\/p>\n<p>Engenharia Florestal<\/p>\n<p><strong>Ementa<\/strong><\/p>\n<p style=\"text-align: justify\">Conceitos e princ\u00edpios b\u00e1sicos em experimenta\u00e7\u00e3o. Bases da an\u00e1lise de vari\u00e2ncia. Delineamentos Experimentais. Fatoriais. Parcelas sub-divididas. Regress\u00e3o linear.<\/p>\n<p><strong>Natureza<\/strong><\/p>\n<p>Obrigat\u00f3ria<\/p>\n<p><strong>Carga hor\u00e1ria<\/strong><\/p>\n<p>30 horas<\/p>\n<p><strong>Per\u00edodo<\/strong><\/p>\n<p>1\u00ba e 2\u00ba<\/p>\n<p><strong>Dia\/Hor\u00e1rio<\/strong><\/p>\n<p>Ter\u00e7a-feira \/ 07:30 \u2013 09:30 horas<\/p>\n<p><strong>Docente<\/strong><\/p>\n<p><a href=\"https:\/\/agrarias.ufpr.br\/fitotecnia\/henrique-soares-koehler\/\">Henrique Soares Koehler<\/a><\/p>\n","protected":false},"excerpt":{"rendered":"<p>Curso Engenharia Florestal Ementa Conceitos e princ\u00edpios b\u00e1sicos em experimenta\u00e7\u00e3o. Bases da an\u00e1lise de vari\u00e2ncia. Delineamentos Experimentais. Fatoriais. Parcelas sub-divididas. Regress\u00e3o linear. Natureza Obrigat\u00f3ria Carga hor\u00e1ria 30 horas Per\u00edodo 1\u00ba e 2\u00ba Dia\/Hor\u00e1rio Ter\u00e7a-feira \/ 07:30 \u2013 09:30 horas Docente Henrique Soares Koehler<\/p>\n","protected":false},"author":10255,"featured_media":0,"parent":0,"menu_order":0,"comment_status":"closed","ping_status":"closed","template":"","meta":{"footnotes":""},"class_list":["post-2383","page","type-page","status-publish","hentry"],"_links":{"self":[{"href":"https:\/\/agrarias.ufpr.br\/fitotecnia\/wp-json\/wp\/v2\/pages\/2383","targetHints":{"allow":["GET"]}}],"collection":[{"href":"https:\/\/agrarias.ufpr.br\/fitotecnia\/wp-json\/wp\/v2\/pages"}],"about":[{"href":"https:\/\/agrarias.ufpr.br\/fitotecnia\/wp-json\/wp\/v2\/types\/page"}],"author":[{"embeddable":true,"href":"https:\/\/agrarias.ufpr.br\/fitotecnia\/wp-json\/wp\/v2\/users\/10255"}],"replies":[{"embeddable":true,"href":"https:\/\/agrarias.ufpr.br\/fitotecnia\/wp-json\/wp\/v2\/comments?post=2383"}],"version-history":[{"count":7,"href":"https:\/\/agrarias.ufpr.br\/fitotecnia\/wp-json\/wp\/v2\/pages\/2383\/revisions"}],"predecessor-version":[{"id":3197,"href":"https:\/\/agrarias.ufpr.br\/fitotecnia\/wp-json\/wp\/v2\/pages\/2383\/revisions\/3197"}],"wp:attachment":[{"href":"https:\/\/agrarias.ufpr.br\/fitotecnia\/wp-json\/wp\/v2\/media?parent=2383"}],"curies":[{"name":"wp","href":"https:\/\/api.w.org\/{rel}","templated":true}]}}