{"id":215,"date":"2015-10-13T19:32:47","date_gmt":"2015-10-13T19:32:47","guid":{"rendered":"http:\/\/localhost\/agronomia\/?page_id=215"},"modified":"2015-10-13T19:32:47","modified_gmt":"2015-10-13T19:32:47","slug":"estagios","status":"publish","type":"page","link":"https:\/\/agrarias.ufpr.br\/fitotecnia\/estagios\/","title":{"rendered":"TCC &#8211; AGRO001"},"content":{"rendered":"<p style=\"text-align: center\"><strong>TRABALHO DE CONCLUS\u00c3O DE CURSO<\/strong><\/p>\n<p style=\"text-align: center\"><strong>AGRO001 \u2013 EST\u00c1GIO OBRIGAT\u00d3RIO SUPERVISIONADO<\/strong><\/p>\n<p>O Trabalho de Conclus\u00e3o de Curso \u2013 TCC tem por finalidade oportunizar ao aluno do Curso de Agronomia a integra\u00e7\u00e3o e sistematiza\u00e7\u00e3o de conte\u00fados e experi\u00eancias desenvolvidos e apropriados ao longo da periodiza\u00e7\u00e3o curricular, a partir de fundamenta\u00e7\u00e3o te\u00f3rica e metodol\u00f3gica orientada pelos docentes do curso.<\/p>\n<p><strong>Pr\u00e9-requisito: O aluno dever\u00e1 ter cursado no m\u00ednimo 3600 horas ou estar no \u00faltimo ano do curso.<\/strong><\/p>\n<p>&nbsp;<\/p>\n<p>Disciplina: AGRO001<\/p>\n<p>Carga hor\u00e1ria: 60 horas<\/p>\n<p>M\u00e9dia para Aprova\u00e7\u00e3o: Obter, no m\u00ednimo, grau num\u00e9rico 50 de m\u00e9dia aritm\u00e9tica, na escala de zero a cem, no conjunto das tarefas realizadas, inclu\u00edda a defesa p\u00fablica.<\/p>\n<p>Condi\u00e7\u00f5es de avalia\u00e7\u00e3o:<\/p>\n<ol>\n<li>Desenvolver as atividades exigidas e definidas no Plano de Ensino da disciplina.<\/li>\n<li>Alcan\u00e7ar o limite m\u00ednimo de frequ\u00eancia previsto no Plano de Ensino da disciplina, desde que acima de 75%.<\/li>\n<li>Obter, no m\u00ednimo, grau num\u00e9rico 50 de m\u00e9dia aritm\u00e9tica, na escala de zero a cem.<\/li>\n<\/ol>\n<p><strong>Obs.: N\u00e3o caber\u00e1, nesta disciplina, exame final ou a segunda avalia\u00e7\u00e3o final. \u00c9 assegurado ao aluno o direito \u00e0 revis\u00e3o do resultado da avalia\u00e7\u00e3o.<\/strong><\/p>\n<hr \/>\n<p>&nbsp;<\/p>\n<p style=\"text-align: center\"><strong>FORMUL\u00c1RIOS PARA SOLICITA\u00c7\u00c3O DE MATR\u00cdCULA NA DISCIPLINA AGRO001<br \/>\n<\/strong><\/p>\n<p style=\"text-align: center\"><strong>(EST\u00c1GIO OBRIGATORIO SUPERVISIONADO &#8211; TCC)<\/strong><\/p>\n<p style=\"text-align: center\"><a href=\"http:\/\/localhost\/agronomia\/wp-content\/uploads\/sites\/24\/2015\/10\/Termo-de-compromisso-de-Estagio-INTERNO-no-Ambito-da-UFPR.pdf\">Termo de Compromisso de Est\u00e1gio (04 vias)<\/a><\/p>\n<p style=\"text-align: center\"><a href=\"http:\/\/localhost\/agronomia\/wp-content\/uploads\/sites\/24\/2015\/10\/TERMO-DE-COMPROMISSO-ENTRE-ALUNO-ORIENTADOR-DE-EST\u00c1GI_O-OBRIGAT\u00d3RIO-E-COORDENA\u00c7\u00c3O-DE-CURSO-Agronomia-R_EVISADO.pdf\">Termo entre Aluno e Orientador (01 via)<\/a><\/p>\n<p style=\"text-align: center\"><a href=\"http:\/\/localhost\/agronomia\/wp-content\/uploads\/sites\/24\/2015\/10\/PLANO-DE-EST\u00c1GIO-OBRIGAT\u00d3RIO-Agronomia-revisad_o.pdf\">Plano de Est\u00e1gio (01 via)<\/a><\/p>\n<p style=\"text-align: center\"><a href=\"http:\/\/localhost\/agronomia\/wp-content\/uploads\/sites\/24\/2015\/10\/FICHA-CADASTRAL-DO-ALUNO-Agronomia-revisada.pdf\">Ficha Cadastral do Aluno (01 via)<\/a><\/p>\n<p style=\"text-align: center\">Entregar os documentos devidamente preenchidos na coordena\u00e7\u00e3o do curso de agronomia.<\/p>\n<p style=\"text-align: center\"><strong>FORMUL\u00c1RIOS PARA APRESENTA\u00c7\u00c3O EM BANCA<br \/>\n<\/strong><\/p>\n<p style=\"text-align: center\"><a href=\"http:\/\/localhost\/agronomia\/wp-content\/uploads\/sites\/24\/2015\/10\/ATA-DE-DEFESA-AGRONOMIA-revisada.doc\">Ata de Defesa<\/a><\/p>\n<p style=\"text-align: center\"><a href=\"http:\/\/localhost\/agronomia\/wp-content\/uploads\/sites\/24\/2015\/10\/Avalia\u00e7\u00e3o-do-estagi\u00e1rio-na-unidade-concedente2.doc\">Avalia\u00e7\u00e3o de Est\u00e1gio<\/a><\/p>\n<p style=\"text-align: center\"><a href=\"http:\/\/localhost\/agronomia\/wp-content\/uploads\/sites\/24\/2015\/10\/MODELO-DO-TERMO-DE-APROVA\u00c7\u00c3O.docx\">Termo de Aprova\u00e7\u00e3o<\/a><\/p>\n<p style=\"text-align: center\"><a href=\"http:\/\/localhost\/agronomia\/wp-content\/uploads\/sites\/24\/2015\/10\/RELAT\u00d3RIO-DE-FREQUENCIA-DO-ESTAGI\u00c1RIO.doc\">Relat\u00f3rio de Frequ\u00eancia<\/a><\/p>\n<p style=\"text-align: center\"><strong>ENTREGAR NA COORDENA\u00c7\u00c3O DO CURSO DE AGRONOMIA <\/strong><\/p>\n<p style=\"text-align: center\"><strong>EM AT\u00c9 10 DIAS AP\u00d3S A APRESENTA\u00c7\u00c3O EM BANCA<br \/>\n<\/strong><\/p>\n<p style=\"text-align: center\">Ata de Defesa<\/p>\n<p style=\"text-align: center\">Avalia\u00e7\u00e3o de Est\u00e1gio<\/p>\n<p style=\"text-align: center\">Termo de Aprova\u00e7\u00e3o (juntar ao TCC impresso)<\/p>\n<p style=\"text-align: center\">Relat\u00f3rio de Frequ\u00eancia<\/p>\n<p style=\"text-align: center\">\u00a0CD com c\u00f3pia em PDF do TCC<\/p>\n<hr \/>\n<p style=\"text-align: center\"><strong>COE \u2013 COMISS\u00c3O DE ORIENTA\u00c7\u00c3O DE EST\u00c1GIOS DO CURSO DE AGRONOMIA<\/strong><\/p>\n<p style=\"text-align: center\"><strong>PRESIDENTE<\/strong><\/p>\n<p style=\"text-align: center\">PROF. JO\u00c3O BATISTA PADILHA JUNIOR<\/p>\n<p style=\"text-align: center\">Departamento de Economia Rural e Extens\u00e3o &#8211; DERE\/AG<\/p>\n<p style=\"text-align: center\">jpadilha@ufpr.br<\/p>\n<p style=\"text-align: center\">Ramal: (41) 3350-5604<\/p>\n<p style=\"text-align: center\"><strong>Membros:<\/strong><\/p>\n<p style=\"text-align: center\">PROF. CRISTINA GON\u00c7ALVES<\/p>\n<p style=\"text-align: center\">Departamento de Fitotecnia e Fitossanitarismo &#8211; DFF\/AG<\/p>\n<p style=\"text-align: center\">Ramal: (41) 3350-5685<\/p>\n<p style=\"text-align: center\">PROF. MARIO NIEWEGLOWISK FILHO &#8211; DFF<\/p>\n<p style=\"text-align: center\">Departamento de Fitotecnia e Fitossanitarismo &#8211; DFF\/AG<\/p>\n<p style=\"text-align: center\">Ramal: (41) 3350-5686<\/p>\n<p style=\"text-align: center\">&#8212;&#8212;&#8212;&#8212;&#8212;&#8212;&#8212;&#8212;&#8212;&#8212;&#8212;&#8212;&#8212;&#8212;&#8212;&#8212;&#8212;&#8212;&#8212;&#8212;&#8212;&#8212;&#8212;&#8212;&#8212;&#8212;&#8212;&#8212;&#8212;&#8212;&#8212;&#8212;&#8212;&#8212;&#8212;&#8212;&#8212;&#8212;&#8212;&#8212;&#8212;&#8212;-<\/p>\n<p style=\"text-align: center\"><strong>COORDENA\u00c7\u00c3O GERAL DE EST\u00c1GIOS PROGRAD\/UFPR<\/strong><\/p>\n<p style=\"text-align: center\">A COORDENA\u00c7\u00c3O GERAL DE EST\u00c1GIOS \u00e9 a unidade administrativa respons\u00e1vel pela assessoria jur\u00eddica, administrativa e pedag\u00f3gica dada aos cursos de gradua\u00e7\u00e3o e educa\u00e7\u00e3o profissional, referente \u00e0 Pol\u00edtica de Est\u00e1gio e estabelecida por resolu\u00e7\u00e3o do Conselho de Ensino Pesquisa e Extens\u00e3o da UFPR, em cumprimento \u00e0 Lei n\u00ba 11.788\/08.<\/p>\n<p style=\"text-align: center\"><strong>Endere\u00e7o: <\/strong>Pra\u00e7a Santos Andrade, n\u00ba 50 \u2013 Pr\u00e9dio Hist\u00f3rico Curitiba\/PR \u2013 CEP: 80020-300<br \/>\n<strong>Telefones: <\/strong>3310-2675 \/ 3310-2681 \/ 3310-2656<br \/>\n<strong>E-mail: <\/strong><a href=\"mailto:estagio@ufpr.br\">estagio@ufpr.br<\/a><\/p>\n<p style=\"text-align: center\"><strong>Hor\u00e1rio de atendimento: <\/strong>das 07h30 \u00e0s 19h30, sem intervalo para almo\u00e7o.<\/p>\n<p>&#8212;&#8212;&#8212;&#8212;&#8212;&#8212;&#8212;&#8212;&#8212;&#8212;&#8212;&#8212;&#8212;&#8212;&#8212;&#8212;&#8212;&#8212;&#8212;&#8212;&#8212;&#8212;&#8212;&#8212;&#8212;&#8212;&#8212;&#8212;&#8212;&#8212;&#8212;&#8212;&#8212;&#8212;&#8212;&#8212;&#8212;&#8212;&#8212;&#8212;&#8212;&#8212;-<\/p>\n","protected":false},"excerpt":{"rendered":"<p>TRABALHO DE CONCLUS\u00c3O DE CURSO AGRO001 \u2013 EST\u00c1GIO OBRIGAT\u00d3RIO SUPERVISIONADO O Trabalho de Conclus\u00e3o de Curso \u2013 TCC tem por finalidade oportunizar ao aluno do Curso de Agronomia a integra\u00e7\u00e3o e sistematiza\u00e7\u00e3o de conte\u00fados e experi\u00eancias desenvolvidos e apropriados ao longo da periodiza\u00e7\u00e3o curricular, a partir de fundamenta\u00e7\u00e3o te\u00f3rica e metodol\u00f3gica orientada pelos docentes do [&hellip;]<\/p>\n","protected":false},"author":3,"featured_media":0,"parent":0,"menu_order":0,"comment_status":"open","ping_status":"open","template":"","meta":{"footnotes":""},"class_list":["post-215","page","type-page","status-publish","hentry"],"_links":{"self":[{"href":"https:\/\/agrarias.ufpr.br\/fitotecnia\/wp-json\/wp\/v2\/pages\/215","targetHints":{"allow":["GET"]}}],"collection":[{"href":"https:\/\/agrarias.ufpr.br\/fitotecnia\/wp-json\/wp\/v2\/pages"}],"about":[{"href":"https:\/\/agrarias.ufpr.br\/fitotecnia\/wp-json\/wp\/v2\/types\/page"}],"author":[{"embeddable":true,"href":"https:\/\/agrarias.ufpr.br\/fitotecnia\/wp-json\/wp\/v2\/users\/3"}],"replies":[{"embeddable":true,"href":"https:\/\/agrarias.ufpr.br\/fitotecnia\/wp-json\/wp\/v2\/comments?post=215"}],"version-history":[{"count":0,"href":"https:\/\/agrarias.ufpr.br\/fitotecnia\/wp-json\/wp\/v2\/pages\/215\/revisions"}],"wp:attachment":[{"href":"https:\/\/agrarias.ufpr.br\/fitotecnia\/wp-json\/wp\/v2\/media?parent=215"}],"curies":[{"name":"wp","href":"https:\/\/api.w.org\/{rel}","templated":true}]}}